{"id":9868,"date":"2020-02-07T14:09:28","date_gmt":"2020-02-07T14:09:28","guid":{"rendered":"http:\/\/www.flyshop.cl\/TIENDA\/?post_type=product&#038;p=9868"},"modified":"2026-01-17T15:25:37","modified_gmt":"2026-01-17T15:25:37","slug":"dry-creek-duffel-l-200-lts","status":"publish","type":"product","link":"https:\/\/www.flyshop.cl\/TIENDA\/producto\/dry-creek-duffel-l-200-lts\/","title":{"rendered":"DRY CREEK DUFFEL L 200 LTS"},"content":{"rendered":"<p>El Simms\u00ae Dry Creek Duffel L es una bolsa resistente e impermeable con cierre de cremallera en la parte superior para aventuras en condiciones dif\u00edciles.<\/p>\n<p>CARACTER\u00cdSTICAS:<\/p>\n<p>La parte inferior resistente mantiene la bolsa abierta mientras est\u00e1 en posici\u00f3n vertical para facilitar la carga<br \/>\nLas correas de compresi\u00f3n internas mantienen el contenido en su lugar<br \/>\nCierre superior con cremallera compatible con TSA<br \/>\nCorreas para transporte con la mano, hombro o tipo mochila<\/p>\n<p>CAPACIDAD: 200L<br \/>\nTECH TECH: 7x7mm 600D poli\u00e9ster ripstop con doble laminaci\u00f3n de TPU<\/p>\n","protected":false},"excerpt":{"rendered":"<p>El Simms\u00ae Dry Creek Duffel L es una bolsa resistente e impermeable con cierre de cremallera en la parte superior para aventuras en condiciones dif\u00edciles. CARACTER\u00cdSTICAS: La parte inferior resistente mantiene la bolsa abierta mientras est\u00e1 en posici\u00f3n vertical para&hellip;<\/p>\n","protected":false},"featured_media":16250,"comment_status":"open","ping_status":"closed","template":"","meta":{"_joinchat":[]},"product_brand":[],"product_cat":[150,309],"product_tag":[],"class_list":{"0":"post-9868","1":"product","2":"type-product","3":"status-publish","4":"has-post-thumbnail","6":"product_cat-bolsos-simms","7":"product_cat-simms","8":"entry","9":"has-media","11":"first","12":"instock","13":"shipping-taxable","14":"purchasable","15":"product-type-simple","16":"col","17":"wpex-woo-entry","18":"span_1_of_6 span_1_of_3_pp"},"supplier_id":null,"supplier_sku":"","barcode":null,"atum_controlled":true,"out_stock_date":null,"out_stock_threshold":null,"inheritable":false,"inbound_stock":0,"stock_on_hold":1,"sold_today":0,"sales_last_days":1,"reserved_stock":0,"customer_returns":0,"warehouse_damage":0,"lost_in_post":0,"other_logs":0,"out_stock_days":0,"lost_sales":0,"has_location":false,"update_date":"2026-01-19T16:38:39","atum_locations":[],"atum_stock_status":"instock","restock_status":true,"low_stock_amount":"","sales_update_date":"2026-01-19T16:38:39","calc_backorders":null,"_links":{"self":[{"href":"https:\/\/www.flyshop.cl\/TIENDA\/wp-json\/wp\/v2\/product\/9868","targetHints":{"allow":["GET"]}}],"collection":[{"href":"https:\/\/www.flyshop.cl\/TIENDA\/wp-json\/wp\/v2\/product"}],"about":[{"href":"https:\/\/www.flyshop.cl\/TIENDA\/wp-json\/wp\/v2\/types\/product"}],"replies":[{"embeddable":true,"href":"https:\/\/www.flyshop.cl\/TIENDA\/wp-json\/wp\/v2\/comments?post=9868"}],"wp:featuredmedia":[{"embeddable":true,"href":"https:\/\/www.flyshop.cl\/TIENDA\/wp-json\/wp\/v2\/media\/16250"}],"wp:attachment":[{"href":"https:\/\/www.flyshop.cl\/TIENDA\/wp-json\/wp\/v2\/media?parent=9868"}],"wp:term":[{"taxonomy":"product_brand","embeddable":true,"href":"https:\/\/www.flyshop.cl\/TIENDA\/wp-json\/wp\/v2\/product_brand?post=9868"},{"taxonomy":"product_cat","embeddable":true,"href":"https:\/\/www.flyshop.cl\/TIENDA\/wp-json\/wp\/v2\/product_cat?post=9868"},{"taxonomy":"product_tag","embeddable":true,"href":"https:\/\/www.flyshop.cl\/TIENDA\/wp-json\/wp\/v2\/product_tag?post=9868"}],"curies":[{"name":"wp","href":"https:\/\/api.w.org\/{rel}","templated":true}]}}