{"id":9807,"date":"2020-01-15T16:39:35","date_gmt":"2020-01-15T16:39:35","guid":{"rendered":"http:\/\/www.flyshop.cl\/TIENDA\/?post_type=product&#038;p=9807"},"modified":"2026-01-17T20:13:18","modified_gmt":"2026-01-17T20:13:18","slug":"redington-vice","status":"publish","type":"product","link":"https:\/\/www.flyshop.cl\/TIENDA\/producto\/redington-vice\/","title":{"rendered":"REDINGTON VICE"},"content":{"rendered":"<p>Con una vara de grafito multimodulo la Redington Vice\u00a0ofrece una gran recuperaci\u00f3n, permitiendo castear con gran precisi\u00f3n y control. Con detalles de dise\u00f1o como son los pasahilos anodizados en negro, porta reel con detalles en laser y componentes resistentes al agua salada.<\/p>\n<p>Caracter\u00edsticas<\/p>\n<p>\u2022 Acciones r\u00e1pidas de f\u00e1cil casteo.<br \/>\n\u2022\u00a0Porta reel de aluminio anodizado, ideal para aguas dulce y salada.<br \/>\n\u2022\u00a0Referencia gravada en Laser sobre porta reel para r\u00e1pida identificaci\u00f3n.<br \/>\n\u2022\u00a0Puntos de alineaci\u00f3n para f\u00e1cil armado y alineado.<br \/>\n\u2022\u00a0Tubo protector de cordura durable con divisorios internos.<\/p>\n","protected":false},"excerpt":{"rendered":"<p>Con una vara de grafito multimodulo la Redington Vice\u00a0ofrece una gran recuperaci\u00f3n, permitiendo castear con gran precisi\u00f3n y control. Con detalles de dise\u00f1o como son los pasahilos anodizados en negro, porta reel con detalles en laser y componentes resistentes al&hellip;<\/p>\n","protected":false},"featured_media":9808,"comment_status":"open","ping_status":"closed","template":"","meta":{"_joinchat":[]},"product_brand":[],"product_cat":[679,784],"product_tag":[],"class_list":{"0":"post-9807","1":"product","2":"type-product","3":"status-publish","4":"has-post-thumbnail","6":"product_cat-canas-fly-fishing","7":"product_cat-redington","8":"entry","9":"has-media","11":"first","12":"outofstock","13":"shipping-taxable","14":"product-type-variable","15":"col","16":"wpex-woo-entry","17":"span_1_of_6 span_1_of_3_pp"},"supplier_id":null,"supplier_sku":"","barcode":null,"atum_controlled":true,"out_stock_date":null,"out_stock_threshold":null,"inheritable":true,"inbound_stock":0,"stock_on_hold":0,"sold_today":0,"sales_last_days":4,"reserved_stock":0,"customer_returns":0,"warehouse_damage":0,"lost_in_post":0,"other_logs":0,"out_stock_days":0,"lost_sales":0,"has_location":false,"update_date":"2026-01-19T17:26:39","atum_locations":[],"atum_stock_status":"instock","restock_status":false,"low_stock_amount":"","sales_update_date":null,"calc_backorders":null,"_links":{"self":[{"href":"https:\/\/www.flyshop.cl\/TIENDA\/wp-json\/wp\/v2\/product\/9807","targetHints":{"allow":["GET"]}}],"collection":[{"href":"https:\/\/www.flyshop.cl\/TIENDA\/wp-json\/wp\/v2\/product"}],"about":[{"href":"https:\/\/www.flyshop.cl\/TIENDA\/wp-json\/wp\/v2\/types\/product"}],"replies":[{"embeddable":true,"href":"https:\/\/www.flyshop.cl\/TIENDA\/wp-json\/wp\/v2\/comments?post=9807"}],"wp:featuredmedia":[{"embeddable":true,"href":"https:\/\/www.flyshop.cl\/TIENDA\/wp-json\/wp\/v2\/media\/9808"}],"wp:attachment":[{"href":"https:\/\/www.flyshop.cl\/TIENDA\/wp-json\/wp\/v2\/media?parent=9807"}],"wp:term":[{"taxonomy":"product_brand","embeddable":true,"href":"https:\/\/www.flyshop.cl\/TIENDA\/wp-json\/wp\/v2\/product_brand?post=9807"},{"taxonomy":"product_cat","embeddable":true,"href":"https:\/\/www.flyshop.cl\/TIENDA\/wp-json\/wp\/v2\/product_cat?post=9807"},{"taxonomy":"product_tag","embeddable":true,"href":"https:\/\/www.flyshop.cl\/TIENDA\/wp-json\/wp\/v2\/product_tag?post=9807"}],"curies":[{"name":"wp","href":"https:\/\/api.w.org\/{rel}","templated":true}]}}