{"id":8804,"date":"2019-01-17T13:09:09","date_gmt":"2019-01-17T13:09:09","guid":{"rendered":"http:\/\/www.flyshop.cl\/TIENDA\/?post_type=product&#038;p=8804"},"modified":"2026-03-24T13:35:13","modified_gmt":"2026-03-24T13:35:13","slug":"t-rex-wader-2019","status":"publish","type":"product","link":"https:\/\/www.flyshop.cl\/TIENDA\/producto\/t-rex-wader-2019\/","title":{"rendered":"T-REX Wader ni\u00f1o"},"content":{"rendered":"<p>TREX es una marca hecha para pescadores por pescadores, por lo que siempre nos enfocaremos en tener los mejores productos con el mejor precio del mercado. Ahora a\u00f1adimos un nuevo integrante a la familia T-REX: Waders.<\/p>\n<p>Los nuevos Waders T-REX vienen dise\u00f1ados especialmente para el territorio chileno, con las capas justas para mantenernos c\u00f3modos y frescos al momento de pescar. Este wader viene con 3 capas impermeables y respirables de Tefl\u00f3n\u00ae que te mantendr\u00e1n seco en cualquier condici\u00f3n, cuenta adem\u00e1s con polainas incluidas para protegerte de la gravilla y refuerzos en las rodillas que le otorgar\u00e1n mayor durabilidad. Los waders T-REX son fabricados exclusivamente para Fly Shop y reflejan nuestra vision de un wader de buena calidad y econ\u00f3mico. Incluye cintur\u00f3n.<\/p>\n<p>talla M<\/p>\n<p>altura 135 a 148 cms, pecho 71 a 76 cms, largo entrepierna al talon 69 a 74 cms<\/p>\n<p>&nbsp;<\/p>\n<h3>GARANT\u00cdA:<\/h3>\n<p>Los waders T-REX cuentan con una garant\u00eda de 90 d\u00edas, que en el caso de filtrarse Fly Shop ofrece la reparaci\u00f3n del producto. Esta garant\u00eda excluye los waders que sean presentados en malas condiciones, sucios y con da\u00f1os por uso.<\/p>\n","protected":false},"excerpt":{"rendered":"<p>TREX es una marca hecha para pescadores por pescadores, por lo que siempre nos enfocaremos en tener los mejores productos con el mejor precio del mercado. Ahora a\u00f1adimos un nuevo integrante a la familia T-REX: Waders. Los nuevos Waders T-REX&hellip;<\/p>\n","protected":false},"featured_media":8811,"comment_status":"open","ping_status":"closed","template":"","meta":{"_joinchat":[]},"product_brand":[],"product_cat":[299,327,137],"product_tag":[],"class_list":{"0":"post-8804","1":"product","2":"type-product","3":"status-publish","4":"has-post-thumbnail","6":"product_cat-ofertas","7":"product_cat-t-rex","8":"product_cat-waders","9":"entry","10":"has-media","12":"first","13":"instock","14":"sale","15":"shipping-taxable","16":"purchasable","17":"product-type-variable","18":"col","19":"wpex-woo-entry","20":"span_1_of_6 span_1_of_3_pp"},"supplier_id":null,"supplier_sku":"","barcode":null,"atum_controlled":true,"out_stock_date":null,"out_stock_threshold":null,"inheritable":true,"inbound_stock":null,"stock_on_hold":0,"sold_today":0,"sales_last_days":1,"reserved_stock":null,"customer_returns":null,"warehouse_damage":null,"lost_in_post":null,"other_logs":null,"out_stock_days":0,"lost_sales":0,"has_location":false,"update_date":"2026-03-31T20:28:59","atum_locations":[],"atum_stock_status":"instock","restock_status":false,"low_stock_amount":"","sales_update_date":null,"calc_backorders":null,"_links":{"self":[{"href":"https:\/\/www.flyshop.cl\/TIENDA\/wp-json\/wp\/v2\/product\/8804","targetHints":{"allow":["GET"]}}],"collection":[{"href":"https:\/\/www.flyshop.cl\/TIENDA\/wp-json\/wp\/v2\/product"}],"about":[{"href":"https:\/\/www.flyshop.cl\/TIENDA\/wp-json\/wp\/v2\/types\/product"}],"replies":[{"embeddable":true,"href":"https:\/\/www.flyshop.cl\/TIENDA\/wp-json\/wp\/v2\/comments?post=8804"}],"wp:featuredmedia":[{"embeddable":true,"href":"https:\/\/www.flyshop.cl\/TIENDA\/wp-json\/wp\/v2\/media\/8811"}],"wp:attachment":[{"href":"https:\/\/www.flyshop.cl\/TIENDA\/wp-json\/wp\/v2\/media?parent=8804"}],"wp:term":[{"taxonomy":"product_brand","embeddable":true,"href":"https:\/\/www.flyshop.cl\/TIENDA\/wp-json\/wp\/v2\/product_brand?post=8804"},{"taxonomy":"product_cat","embeddable":true,"href":"https:\/\/www.flyshop.cl\/TIENDA\/wp-json\/wp\/v2\/product_cat?post=8804"},{"taxonomy":"product_tag","embeddable":true,"href":"https:\/\/www.flyshop.cl\/TIENDA\/wp-json\/wp\/v2\/product_tag?post=8804"}],"curies":[{"name":"wp","href":"https:\/\/api.w.org\/{rel}","templated":true}]}}