{"id":8634,"date":"2018-10-29T23:05:42","date_gmt":"2018-10-29T23:05:42","guid":{"rendered":"http:\/\/www.flyshop.cl\/TIENDA\/?post_type=product&#038;p=8634"},"modified":"2025-11-04T20:36:57","modified_gmt":"2025-11-04T20:36:57","slug":"esn","status":"publish","type":"product","link":"https:\/\/www.flyshop.cl\/TIENDA\/producto\/esn\/","title":{"rendered":"sage ESN HD"},"content":{"rendered":"<p>&nbsp;<\/p>\n<p>Nuestra nueva ESN HD (European Style Nymphing) esta espec\u00edficamente dise\u00f1ada para las t\u00e9cnicas de pesca a ninfa europeas.<\/p>\n<p>Al igual que las nuevas X, est\u00e1n construidas con la \u00faltima tecnolog\u00eda <em>KonneticHD<\/em>; las ESN HD ofrecen prestaciones \u00fanicas a los pescadores de competici\u00f3n. Una incre\u00edble recuperaci\u00f3n del blank, mayor sensibilidad, menor peso en nuestra mano y una absorci\u00f3n mayor de las vibraciones hacen que\u00a0 este modelo sea la referencia en las ca\u00f1as de pesca al hilo.<\/p>\n<p>La presi\u00f3n a la que est\u00e1n sometidas nuestras aguas tiende a empujar a las truchas a las zonas de alimentaci\u00f3n m\u00e1s r\u00e1pidas, protegidas por las corrientes y piedras. Los europeos han desarrollado un estilo de &#8220;pesca al tiento&#8221; usando aparejos de ninfas m\u00faltiples, moscas pesadas con una tensi\u00f3n constante en tippets muy finos para peinar sistem\u00e1ticamente estos microambientes.<\/p>\n<p>La nueva tecnolog\u00eda Konnetic HD permite construir un perfil muy fino y ligero que desarroya una acci\u00f3n ideal para los constantes falsos lances de este tipo de pesca. Las nuevas ca\u00f1as ESN HD son flexibles y realzan la picada para clavar r\u00e1pidamente los peces pero, no se deje enga\u00f1ar. Su acci\u00f3n media sorprende cuando peleamos grandes peces. Si ha utilizado alguna vez este tipo de ca\u00f1as en l\u00edneas ligeras del #2 o del #3 habr\u00e1 observado la falta de control durante las peleas. Gracias a la nueva\u00a0 tecnolog\u00eda Konnetic HD y sin perder ni un s\u00f3lo \u00e1pice de acci\u00f3n, dispondremos de una reserva de poder envidiable, capaz de pelear grandes truchas manteniendo en todo momento el control. Adem\u00e1s, gracias a su doble acci\u00f3n, longitudinal m\u00e1s otra transversal m\u00e1s dura nos incrementar\u00e1 la precisi\u00f3n reduciendo las molestas vibraciones laterales.<\/p>\n<p>Resumiendo,\u00a0 ca\u00f1as con un di\u00e1metro muy estrecho y ligero (71gramos en el modelo 2100-4ESN) que permite una mejor detecci\u00f3n de las picadas, con una reserva de potencia para una perfecta clavada y controlar el pez en la lucha. Todo esto es ideal para la pesca con ninfas checas, pesca a la polaca, francesa o espa\u00f1ola, pero podremos optar por montar una seca si las truchas decidieran cebarse.<\/p>\n<p>Todos los modelos son de 4 tramos en l\u00edneas del #2 al #4.<\/p>\n<p>El color del blank es en negro hielo con un anillado verde oliva y ribetes met\u00e1licos. Un tubo de aluminio cubierto con polvo coloreado imperecedero con componentes dorados, la funda de tela complementan este conjunto.<\/p>\n<p>&nbsp;<\/p>\n<table class=\"TableNoBorder TinyMCETable\" width=\"310\">\n<tbody>\n<tr>\n<td>\n<h6>MODELO<\/h6>\n<\/td>\n<td>\n<h6>Longitud<\/h6>\n<\/td>\n<td>\n<h6>Linea<\/h6>\n<\/td>\n<td>\n<h6>Peso<\/h6>\n<\/td>\n<\/tr>\n<tr>\n<td>2100-4 ESN<\/td>\n<td>10&#8217;0&#8243;<\/td>\n<td>2<\/td>\n<td>70 gr.<\/td>\n<\/tr>\n<tr>\n<td>3100-4 ESN<\/td>\n<td>10&#8217;0&#8243;<\/td>\n<td>3<\/td>\n<td>72 gr.<\/td>\n<\/tr>\n<tr>\n<td>3106-4 ESN<\/td>\n<td>10,6&#8243;<\/td>\n<td>3<\/td>\n<td>76 gr.<\/td>\n<\/tr>\n<tr>\n<td>4100-4 ESN<\/td>\n<td>10&#8217;0&#8243;<\/td>\n<td>4<\/td>\n<td>74 gr.<\/td>\n<\/tr>\n<\/tbody>\n<\/table>\n","protected":false},"excerpt":{"rendered":"<p>\u00daltima adici\u00f3n a la colecci\u00f3n sage , ca\u00f1a ultra t\u00e9cnica y especializada para la pesca \u201ceuropea\u201d o ninfa checa. Viene con tecnolog\u00eda konnetic HD, sensibilidad aumentada para sentir el pique, extremadamente ligera y con absorci\u00f3n de impacto para asegurar el pez.<\/p>\n","protected":false},"featured_media":8635,"comment_status":"open","ping_status":"closed","template":"","meta":{"_joinchat":[]},"product_brand":[],"product_cat":[679,299,787],"product_tag":[],"class_list":{"0":"post-8634","1":"product","2":"type-product","3":"status-publish","4":"has-post-thumbnail","6":"product_cat-canas-fly-fishing","7":"product_cat-ofertas","8":"product_cat-sage","9":"entry","10":"has-media","12":"first","13":"outofstock","14":"shipping-taxable","15":"product-type-variable","16":"col","17":"wpex-woo-entry","18":"span_1_of_6 span_1_of_3_pp"},"supplier_id":null,"supplier_sku":"","barcode":null,"atum_controlled":true,"out_stock_date":null,"out_stock_threshold":null,"inheritable":true,"inbound_stock":0,"stock_on_hold":1,"sold_today":1,"sales_last_days":1,"reserved_stock":0,"customer_returns":0,"warehouse_damage":0,"lost_in_post":0,"other_logs":0,"out_stock_days":0,"lost_sales":0,"has_location":false,"update_date":"2025-11-04T20:36:59","atum_locations":[],"atum_stock_status":"outofstock","restock_status":false,"low_stock_amount":"","sales_update_date":null,"calc_backorders":null,"_links":{"self":[{"href":"https:\/\/www.flyshop.cl\/TIENDA\/wp-json\/wp\/v2\/product\/8634","targetHints":{"allow":["GET"]}}],"collection":[{"href":"https:\/\/www.flyshop.cl\/TIENDA\/wp-json\/wp\/v2\/product"}],"about":[{"href":"https:\/\/www.flyshop.cl\/TIENDA\/wp-json\/wp\/v2\/types\/product"}],"replies":[{"embeddable":true,"href":"https:\/\/www.flyshop.cl\/TIENDA\/wp-json\/wp\/v2\/comments?post=8634"}],"wp:featuredmedia":[{"embeddable":true,"href":"https:\/\/www.flyshop.cl\/TIENDA\/wp-json\/wp\/v2\/media\/8635"}],"wp:attachment":[{"href":"https:\/\/www.flyshop.cl\/TIENDA\/wp-json\/wp\/v2\/media?parent=8634"}],"wp:term":[{"taxonomy":"product_brand","embeddable":true,"href":"https:\/\/www.flyshop.cl\/TIENDA\/wp-json\/wp\/v2\/product_brand?post=8634"},{"taxonomy":"product_cat","embeddable":true,"href":"https:\/\/www.flyshop.cl\/TIENDA\/wp-json\/wp\/v2\/product_cat?post=8634"},{"taxonomy":"product_tag","embeddable":true,"href":"https:\/\/www.flyshop.cl\/TIENDA\/wp-json\/wp\/v2\/product_tag?post=8634"}],"curies":[{"name":"wp","href":"https:\/\/api.w.org\/{rel}","templated":true}]}}