{"id":7327,"date":"2017-11-21T16:30:48","date_gmt":"2017-11-21T16:30:48","guid":{"rendered":"http:\/\/www.flyshop.cl\/TIENDA\/?post_type=product&#038;p=7327"},"modified":"2025-01-30T15:47:08","modified_gmt":"2025-01-30T15:47:08","slug":"daiwa-bg-2500","status":"publish","type":"product","link":"https:\/\/www.flyshop.cl\/TIENDA\/producto\/daiwa-bg-2500\/","title":{"rendered":"Daiwa BG 2500"},"content":{"rendered":"<p>Esta es la siguiente generaci\u00f3n de la popular serie de carretes para spinning BG, tan solo es m\u00e1s fuerte y m\u00e1s agresivo. Este carrete es especialmente para pesca en agua salada.<\/p>\n<p>Equipado con una rueda de control Digigear\u2122 y bobina de aluminio, el BLACK GOLD es un carrete robusto construido para el combate. Cuenta con un freno ATD de \u00faltima generaci\u00f3n con discos de carbono para dominar las luchas con serenidad. Su rotor dise\u00f1ado en arco (tecnolog\u00eda Air Rotor) es m\u00e1s aerodin\u00e1mico para dar a\u00fan m\u00e1s fluidez a la rotaci\u00f3n.<\/p>\n<p>Carcasa construida de aluminio mecanizado anodizado color negro<br \/>\nSistema Digigear\u2122 m\u00e1s grande<br \/>\nBobina ABS II de aluminio<br \/>\nBobina lista para l\u00ednea trenzada<br \/>\nSistema de freno resistente al agua<br \/>\nAir rotor de policarbonato<br \/>\nManivela s\u00f3lida, de aluminio mecanizado<br \/>\nFreno potente, progresivo y preciso, con tecnolog\u00eda ATD con discos de carbono<br \/>\n6 + 1 baleros de acero inoxidable<br \/>\nSistema Anti-reversa Infinita<br \/>\nTwist Buster II reduce en un 90% los riesgos de torsi\u00f3n del hilo en la recuperaci\u00f3n<\/p>\n","protected":false},"excerpt":{"rendered":"<p>https:\/\/www.youtube.com\/watch?v=Ynn42KZYCXk<\/p>\n","protected":false},"featured_media":7325,"comment_status":"closed","ping_status":"closed","template":"","meta":{"_joinchat":[]},"product_brand":[],"product_cat":[443,329],"product_tag":[],"class_list":{"0":"post-7327","1":"product","2":"type-product","3":"status-publish","4":"has-post-thumbnail","6":"product_cat-carretes-spinner","7":"product_cat-daiwa","8":"entry","9":"has-media","11":"first","12":"outofstock","13":"shipping-taxable","14":"purchasable","15":"product-type-simple","16":"col","17":"wpex-woo-entry","18":"span_1_of_6 span_1_of_3_pp"},"supplier_id":null,"supplier_sku":"","barcode":null,"atum_controlled":true,"out_stock_date":"2025-01-30 15:47:08","out_stock_threshold":null,"inheritable":false,"inbound_stock":null,"stock_on_hold":0,"sold_today":0,"sales_last_days":1,"reserved_stock":null,"customer_returns":null,"warehouse_damage":null,"lost_in_post":null,"other_logs":null,"out_stock_days":0,"lost_sales":0,"has_location":false,"update_date":"2025-01-30T15:47:10","atum_locations":[],"atum_stock_status":"outofstock","restock_status":false,"low_stock_amount":"","sales_update_date":"2023-11-09T14:37:30","calc_backorders":null,"_links":{"self":[{"href":"https:\/\/www.flyshop.cl\/TIENDA\/wp-json\/wp\/v2\/product\/7327","targetHints":{"allow":["GET"]}}],"collection":[{"href":"https:\/\/www.flyshop.cl\/TIENDA\/wp-json\/wp\/v2\/product"}],"about":[{"href":"https:\/\/www.flyshop.cl\/TIENDA\/wp-json\/wp\/v2\/types\/product"}],"replies":[{"embeddable":true,"href":"https:\/\/www.flyshop.cl\/TIENDA\/wp-json\/wp\/v2\/comments?post=7327"}],"wp:featuredmedia":[{"embeddable":true,"href":"https:\/\/www.flyshop.cl\/TIENDA\/wp-json\/wp\/v2\/media\/7325"}],"wp:attachment":[{"href":"https:\/\/www.flyshop.cl\/TIENDA\/wp-json\/wp\/v2\/media?parent=7327"}],"wp:term":[{"taxonomy":"product_brand","embeddable":true,"href":"https:\/\/www.flyshop.cl\/TIENDA\/wp-json\/wp\/v2\/product_brand?post=7327"},{"taxonomy":"product_cat","embeddable":true,"href":"https:\/\/www.flyshop.cl\/TIENDA\/wp-json\/wp\/v2\/product_cat?post=7327"},{"taxonomy":"product_tag","embeddable":true,"href":"https:\/\/www.flyshop.cl\/TIENDA\/wp-json\/wp\/v2\/product_tag?post=7327"}],"curies":[{"name":"wp","href":"https:\/\/api.w.org\/{rel}","templated":true}]}}