{"id":7326,"date":"2017-11-21T16:29:48","date_gmt":"2017-11-21T16:29:48","guid":{"rendered":"http:\/\/www.flyshop.cl\/TIENDA\/?post_type=product&#038;p=7326"},"modified":"2025-03-25T14:25:43","modified_gmt":"2025-03-25T14:25:43","slug":"daiwa-bg-4000","status":"publish","type":"product","link":"https:\/\/www.flyshop.cl\/TIENDA\/producto\/daiwa-bg-4000\/","title":{"rendered":"Daiwa BG 4000"},"content":{"rendered":"","protected":false},"excerpt":{"rendered":"<p>Equipado con una rueda de control Digigear y un bastidor de aluminio, el BLACK GOLD es un carrete robusto construido para el combate. Cuenta con un freno ATD de \u00faltima generaci\u00f3n con arandelas de carbono para dominar las luchas con serenidad. Su rotor dise\u00f1ado en arco (tecnolog\u00eda Air Rotor) es m\u00e1s aerodin\u00e1mico para dar a\u00fan m\u00e1s fluidez a la rotaci\u00f3n.<br \/>\nFreno con tecnolog\u00eda ATD con discos de carbono<br \/>\nRodamientos: 6+ 1<br \/>\nBastidor aluminio y Air Rotor de policarbonato<br \/>\nBobina de aluminio<br \/>\nBobinado CrossWrap<br \/>\nManivela monobloque aluminio desenroscable<br \/>\nPick-up de cerrado manual<\/p>\n","protected":false},"featured_media":7325,"comment_status":"closed","ping_status":"closed","template":"","meta":{"_joinchat":[]},"product_brand":[],"product_cat":[443,329],"product_tag":[],"class_list":{"0":"post-7326","1":"product","2":"type-product","3":"status-publish","4":"has-post-thumbnail","6":"product_cat-carretes-spinner","7":"product_cat-daiwa","8":"entry","9":"has-media","11":"first","12":"instock","13":"shipping-taxable","14":"purchasable","15":"product-type-simple","16":"col","17":"wpex-woo-entry","18":"span_1_of_6 span_1_of_3_pp"},"supplier_id":null,"supplier_sku":"","barcode":null,"atum_controlled":true,"out_stock_date":null,"out_stock_threshold":null,"inheritable":false,"inbound_stock":null,"stock_on_hold":4,"sold_today":0,"sales_last_days":0,"reserved_stock":null,"customer_returns":null,"warehouse_damage":null,"lost_in_post":null,"other_logs":null,"out_stock_days":0,"lost_sales":0,"has_location":false,"update_date":"2025-08-20T17:23:54","atum_locations":[],"atum_stock_status":"instock","restock_status":false,"low_stock_amount":"","sales_update_date":"2025-08-20T17:23:53","calc_backorders":null,"_links":{"self":[{"href":"https:\/\/www.flyshop.cl\/TIENDA\/wp-json\/wp\/v2\/product\/7326","targetHints":{"allow":["GET"]}}],"collection":[{"href":"https:\/\/www.flyshop.cl\/TIENDA\/wp-json\/wp\/v2\/product"}],"about":[{"href":"https:\/\/www.flyshop.cl\/TIENDA\/wp-json\/wp\/v2\/types\/product"}],"replies":[{"embeddable":true,"href":"https:\/\/www.flyshop.cl\/TIENDA\/wp-json\/wp\/v2\/comments?post=7326"}],"wp:featuredmedia":[{"embeddable":true,"href":"https:\/\/www.flyshop.cl\/TIENDA\/wp-json\/wp\/v2\/media\/7325"}],"wp:attachment":[{"href":"https:\/\/www.flyshop.cl\/TIENDA\/wp-json\/wp\/v2\/media?parent=7326"}],"wp:term":[{"taxonomy":"product_brand","embeddable":true,"href":"https:\/\/www.flyshop.cl\/TIENDA\/wp-json\/wp\/v2\/product_brand?post=7326"},{"taxonomy":"product_cat","embeddable":true,"href":"https:\/\/www.flyshop.cl\/TIENDA\/wp-json\/wp\/v2\/product_cat?post=7326"},{"taxonomy":"product_tag","embeddable":true,"href":"https:\/\/www.flyshop.cl\/TIENDA\/wp-json\/wp\/v2\/product_tag?post=7326"}],"curies":[{"name":"wp","href":"https:\/\/api.w.org\/{rel}","templated":true}]}}