{"id":6635,"date":"2017-07-01T00:52:06","date_gmt":"2017-07-01T00:52:06","guid":{"rendered":"http:\/\/www.flyshop.cl\/TIENDA\/?post_type=product&#038;p=6635"},"modified":"2026-04-15T03:16:08","modified_gmt":"2026-04-15T03:16:08","slug":"salvavidas-strap-sospender","status":"publish","type":"product","link":"https:\/\/www.flyshop.cl\/TIENDA\/producto\/salvavidas-strap-sospender\/","title":{"rendered":"SALVAVIDAS FLYSHOP AUTOM\u00c1TICO"},"content":{"rendered":"","protected":false},"excerpt":{"rendered":"<p>Este chaleco salvavidas modelo Sospender, es muy c\u00f3modo de utilizar, gracias a su dise\u00f1o que incorpora straps ajustables. Tiene capacidad hasta 140 kgs. de peso corporal y el sistema de inflado y flotaci\u00f3n viene cubierto en fuerte tela cordura en color azul. Viene activado de f\u00e1brica para modo de inflado autom\u00e1tico (mediante sensor).<\/p>\n<p>Si la persona lo desea, se puede desactivar el modo autom\u00e1tico y se puede dejar en modo manual, para activaci\u00f3n voluntaria mediante cuerda-manilla.<\/p>\n<p>Este dise\u00f1o de salvavidas, permite pescar en forma segura y c\u00f3moda, ya que no molesta ni cubre totalmente las herramientas de pesca, ni tampoco cubre demasiado la parka de lluvia o de navegaci\u00f3n. Incluye Botella de CO2 y sistema sensormatic; Tambi\u00e9n incluye v\u00e1lvula para inflado voluntario (inflado bucal), y emisor de sonido de auxilio.<\/p>\n","protected":false},"featured_media":6636,"comment_status":"closed","ping_status":"closed","template":"","meta":{"_joinchat":[]},"product_brand":[],"product_cat":[291],"product_tag":[],"class_list":{"0":"post-6635","1":"product","2":"type-product","3":"status-publish","4":"has-post-thumbnail","6":"product_cat-salvavidas-flyshop","7":"entry","8":"has-media","10":"first","11":"instock","12":"shipping-taxable","13":"purchasable","14":"product-type-simple","15":"col","16":"wpex-woo-entry","17":"span_1_of_6 span_1_of_3_pp"},"supplier_id":null,"supplier_sku":"","barcode":null,"atum_controlled":true,"out_stock_date":null,"out_stock_threshold":null,"inheritable":false,"inbound_stock":null,"stock_on_hold":0,"sold_today":2,"sales_last_days":2,"reserved_stock":null,"customer_returns":null,"warehouse_damage":null,"lost_in_post":null,"other_logs":null,"out_stock_days":0,"lost_sales":0,"has_location":false,"update_date":"2026-04-15T16:58:28","atum_locations":[],"atum_stock_status":"instock","restock_status":false,"low_stock_amount":"","sales_update_date":"2026-04-15T16:58:28","calc_backorders":null,"_links":{"self":[{"href":"https:\/\/www.flyshop.cl\/TIENDA\/wp-json\/wp\/v2\/product\/6635","targetHints":{"allow":["GET"]}}],"collection":[{"href":"https:\/\/www.flyshop.cl\/TIENDA\/wp-json\/wp\/v2\/product"}],"about":[{"href":"https:\/\/www.flyshop.cl\/TIENDA\/wp-json\/wp\/v2\/types\/product"}],"replies":[{"embeddable":true,"href":"https:\/\/www.flyshop.cl\/TIENDA\/wp-json\/wp\/v2\/comments?post=6635"}],"wp:featuredmedia":[{"embeddable":true,"href":"https:\/\/www.flyshop.cl\/TIENDA\/wp-json\/wp\/v2\/media\/6636"}],"wp:attachment":[{"href":"https:\/\/www.flyshop.cl\/TIENDA\/wp-json\/wp\/v2\/media?parent=6635"}],"wp:term":[{"taxonomy":"product_brand","embeddable":true,"href":"https:\/\/www.flyshop.cl\/TIENDA\/wp-json\/wp\/v2\/product_brand?post=6635"},{"taxonomy":"product_cat","embeddable":true,"href":"https:\/\/www.flyshop.cl\/TIENDA\/wp-json\/wp\/v2\/product_cat?post=6635"},{"taxonomy":"product_tag","embeddable":true,"href":"https:\/\/www.flyshop.cl\/TIENDA\/wp-json\/wp\/v2\/product_tag?post=6635"}],"curies":[{"name":"wp","href":"https:\/\/api.w.org\/{rel}","templated":true}]}}