{"id":6045,"date":"2017-05-25T21:02:28","date_gmt":"2017-05-25T21:02:28","guid":{"rendered":"http:\/\/www.flyshop.cl\/TIENDA\/?post_type=product&#038;p=6045"},"modified":"2025-11-14T16:40:55","modified_gmt":"2025-11-14T16:40:55","slug":"carrete-t-rex-g2-34","status":"publish","type":"product","link":"https:\/\/www.flyshop.cl\/TIENDA\/producto\/carrete-t-rex-g2-34\/","title":{"rendered":"CARRETE T REX G2 3\/4"},"content":{"rendered":"","protected":false},"excerpt":{"rendered":"<p>Carrete T Rex G2 3\/4, fue tal el \u00e9xito de este carrete que ahora tambi\u00e9n lo tenemos disponible para l\u00edneas del 3 y 4, fabricado en aluminio, con freno regulable todo montado en rodamientos, muy liviano y confiable. Disponible en color Cafe Mate y Gris Mate.<br \/>\n<strong>Bobina adicional $ 45.000<\/strong><\/p>\n","protected":false},"featured_media":6046,"comment_status":"closed","ping_status":"closed","template":"","meta":{"_joinchat":[]},"product_brand":[],"product_cat":[678],"product_tag":[],"class_list":{"0":"post-6045","1":"product","2":"type-product","3":"status-publish","4":"has-post-thumbnail","6":"product_cat-carretes-fly-fishing","7":"entry","8":"has-media","10":"first","11":"outofstock","12":"shipping-taxable","13":"purchasable","14":"product-type-simple","15":"col","16":"wpex-woo-entry","17":"span_1_of_6 span_1_of_3_pp"},"supplier_id":null,"supplier_sku":"","barcode":null,"atum_controlled":true,"out_stock_date":"2025-11-14 16:40:55","out_stock_threshold":null,"inheritable":false,"inbound_stock":null,"stock_on_hold":0,"sold_today":0,"sales_last_days":1,"reserved_stock":null,"customer_returns":null,"warehouse_damage":null,"lost_in_post":null,"other_logs":null,"out_stock_days":0,"lost_sales":0,"has_location":false,"update_date":"2025-11-14T16:40:55","atum_locations":[],"atum_stock_status":"instock","restock_status":false,"low_stock_amount":"","sales_update_date":"2025-02-18T17:03:47","calc_backorders":null,"_links":{"self":[{"href":"https:\/\/www.flyshop.cl\/TIENDA\/wp-json\/wp\/v2\/product\/6045","targetHints":{"allow":["GET"]}}],"collection":[{"href":"https:\/\/www.flyshop.cl\/TIENDA\/wp-json\/wp\/v2\/product"}],"about":[{"href":"https:\/\/www.flyshop.cl\/TIENDA\/wp-json\/wp\/v2\/types\/product"}],"replies":[{"embeddable":true,"href":"https:\/\/www.flyshop.cl\/TIENDA\/wp-json\/wp\/v2\/comments?post=6045"}],"wp:featuredmedia":[{"embeddable":true,"href":"https:\/\/www.flyshop.cl\/TIENDA\/wp-json\/wp\/v2\/media\/6046"}],"wp:attachment":[{"href":"https:\/\/www.flyshop.cl\/TIENDA\/wp-json\/wp\/v2\/media?parent=6045"}],"wp:term":[{"taxonomy":"product_brand","embeddable":true,"href":"https:\/\/www.flyshop.cl\/TIENDA\/wp-json\/wp\/v2\/product_brand?post=6045"},{"taxonomy":"product_cat","embeddable":true,"href":"https:\/\/www.flyshop.cl\/TIENDA\/wp-json\/wp\/v2\/product_cat?post=6045"},{"taxonomy":"product_tag","embeddable":true,"href":"https:\/\/www.flyshop.cl\/TIENDA\/wp-json\/wp\/v2\/product_tag?post=6045"}],"curies":[{"name":"wp","href":"https:\/\/api.w.org\/{rel}","templated":true}]}}