{"id":5620,"date":"2016-08-05T23:29:34","date_gmt":"2016-08-05T23:29:34","guid":{"rendered":"http:\/\/www.flyshop.cl\/TIENDA\/?post_type=product&#038;p=5620"},"modified":"2026-02-26T14:31:38","modified_gmt":"2026-02-26T14:31:38","slug":"fluoroflex-tapared-leader-leader-de-fluorocarbono","status":"publish","type":"product","link":"https:\/\/www.flyshop.cl\/TIENDA\/producto\/fluoroflex-tapared-leader-leader-de-fluorocarbono\/","title":{"rendered":"RIO FLUOROFLEX LEADER"},"content":{"rendered":"","protected":false},"excerpt":{"rendered":"<p>Descripci\u00f3n<br \/>\nEste leader es la soluci\u00f3n si necesita de una presentaci\u00f3n fina e invisible pero a la vez de fortaleza extrema a la abrasi\u00f3n.<\/p>\n<p>Ideal para enga\u00f1ar peces extremadamente cautelosos.<\/p>\n","protected":false},"featured_media":5621,"comment_status":"closed","ping_status":"closed","template":"","meta":{"_joinchat":[]},"product_brand":[],"product_cat":[653,316],"product_tag":[],"class_list":{"0":"post-5620","1":"product","2":"type-product","3":"status-publish","4":"has-post-thumbnail","6":"product_cat-leaders","7":"product_cat-rio","8":"entry","9":"has-media","11":"first","12":"instock","13":"shipping-taxable","14":"purchasable","15":"product-type-variable","16":"col","17":"wpex-woo-entry","18":"span_1_of_6 span_1_of_3_pp"},"supplier_id":null,"supplier_sku":"","barcode":null,"atum_controlled":true,"out_stock_date":null,"out_stock_threshold":null,"inheritable":true,"inbound_stock":null,"stock_on_hold":7,"sold_today":2,"sales_last_days":3,"reserved_stock":null,"customer_returns":null,"warehouse_damage":null,"lost_in_post":null,"other_logs":null,"out_stock_days":0,"lost_sales":0,"has_location":false,"update_date":"2026-02-26T14:31:40","atum_locations":[],"atum_stock_status":"instock","restock_status":false,"low_stock_amount":"","sales_update_date":null,"calc_backorders":null,"_links":{"self":[{"href":"https:\/\/www.flyshop.cl\/TIENDA\/wp-json\/wp\/v2\/product\/5620","targetHints":{"allow":["GET"]}}],"collection":[{"href":"https:\/\/www.flyshop.cl\/TIENDA\/wp-json\/wp\/v2\/product"}],"about":[{"href":"https:\/\/www.flyshop.cl\/TIENDA\/wp-json\/wp\/v2\/types\/product"}],"replies":[{"embeddable":true,"href":"https:\/\/www.flyshop.cl\/TIENDA\/wp-json\/wp\/v2\/comments?post=5620"}],"wp:featuredmedia":[{"embeddable":true,"href":"https:\/\/www.flyshop.cl\/TIENDA\/wp-json\/wp\/v2\/media\/5621"}],"wp:attachment":[{"href":"https:\/\/www.flyshop.cl\/TIENDA\/wp-json\/wp\/v2\/media?parent=5620"}],"wp:term":[{"taxonomy":"product_brand","embeddable":true,"href":"https:\/\/www.flyshop.cl\/TIENDA\/wp-json\/wp\/v2\/product_brand?post=5620"},{"taxonomy":"product_cat","embeddable":true,"href":"https:\/\/www.flyshop.cl\/TIENDA\/wp-json\/wp\/v2\/product_cat?post=5620"},{"taxonomy":"product_tag","embeddable":true,"href":"https:\/\/www.flyshop.cl\/TIENDA\/wp-json\/wp\/v2\/product_tag?post=5620"}],"curies":[{"name":"wp","href":"https:\/\/api.w.org\/{rel}","templated":true}]}}