{"id":5614,"date":"2016-08-05T23:16:31","date_gmt":"2016-08-05T23:16:31","guid":{"rendered":"http:\/\/www.flyshop.cl\/TIENDA\/?post_type=product&#038;p=5614"},"modified":"2026-03-09T18:06:10","modified_gmt":"2026-03-09T18:06:10","slug":"mainstream-trout-floating","status":"publish","type":"product","link":"https:\/\/www.flyshop.cl\/TIENDA\/producto\/mainstream-trout-floating\/","title":{"rendered":"AVID  FLOATING"},"content":{"rendered":"<div id=\"box-54100\" class=\"box w-product-description-short\" data-name=\"product\\DescriptionShort\">\n<div class=\"description-short\">Para lances m\u00e1s f\u00e1ciles.<\/div>\n<\/div>\n<div id=\"box-54099\" class=\"box w-product-description\" data-name=\"product\\Description\">\n<table class=\"wrapper\">\n<tbody>\n<tr>\n<td>\n<div id=\"description\" class=\"description\">\n<div class=\"descriptionBox\">\n<div>Las l\u00edneas <strong>RIO\u00ae Mainstream Avid Trout<\/strong>\u00a0fueron desarrolladas para los pescadores interesados \u200b\u200ben tecnolog\u00edas que mejoran su experiencia en la pesca a mosca. Las l\u00edneas fueron dise\u00f1adas con una cabeza m\u00e1s pesada y m\u00e1s corta para permitir lances f\u00e1ciles. Cada l\u00ednea tiene un n\u00facleo flexible sin\u00a0memoria con una capa muy suave y lisa para alcanzar la m\u00e1xima distancia.<\/div>\n<div><\/div>\n<div><strong>Caracter\u00edsticas:\u00a0<\/strong><\/div>\n<ul>\n<li>Un poco m\u00e1s pesado que las l\u00edneas est\u00e1ndar para que la ca\u00f1a cargue facilmente<\/li>\n<li>N\u00facleo flexible con un recubrimiento suave para el agua fr\u00eda<\/li>\n<li>Tecnolog\u00eda XS para un m\u00e1ximo rendimiento<\/li>\n<li>Loop en ambos extremos para un montaje r\u00e1pido<\/li>\n<\/ul>\n<\/div>\n<\/div>\n<\/td>\n<\/tr>\n<\/tbody>\n<\/table>\n<\/div>\n","protected":false},"excerpt":{"rendered":"<p>Para lances m\u00e1s f\u00e1ciles. Las l\u00edneas RIO\u00ae Mainstream Avid Trout\u00a0fueron desarrolladas para los pescadores interesados \u200b\u200ben tecnolog\u00edas que mejoran su experiencia en la pesca a mosca. Las l\u00edneas fueron dise\u00f1adas con una cabeza m\u00e1s pesada y m\u00e1s corta para permitir&hellip;<\/p>\n","protected":false},"featured_media":12959,"comment_status":"closed","ping_status":"closed","template":"","meta":{"_joinchat":[]},"product_brand":[],"product_cat":[655,159,316],"product_tag":[],"class_list":{"0":"post-5614","1":"product","2":"type-product","3":"status-publish","4":"has-post-thumbnail","6":"product_cat-floating","7":"product_cat-lineas-leaders-y-tippet","8":"product_cat-rio","9":"entry","10":"has-media","12":"first","13":"instock","14":"shipping-taxable","15":"purchasable","16":"product-type-variable","17":"col","18":"wpex-woo-entry","19":"span_1_of_6 span_1_of_3_pp"},"supplier_id":null,"supplier_sku":"","barcode":null,"atum_controlled":true,"out_stock_date":null,"out_stock_threshold":null,"inheritable":true,"inbound_stock":null,"stock_on_hold":0,"sold_today":0,"sales_last_days":2,"reserved_stock":null,"customer_returns":null,"warehouse_damage":null,"lost_in_post":null,"other_logs":null,"out_stock_days":0,"lost_sales":0,"has_location":false,"update_date":"2026-03-12T15:56:54","atum_locations":[],"atum_stock_status":"instock","restock_status":false,"low_stock_amount":"","sales_update_date":null,"calc_backorders":null,"_links":{"self":[{"href":"https:\/\/www.flyshop.cl\/TIENDA\/wp-json\/wp\/v2\/product\/5614","targetHints":{"allow":["GET"]}}],"collection":[{"href":"https:\/\/www.flyshop.cl\/TIENDA\/wp-json\/wp\/v2\/product"}],"about":[{"href":"https:\/\/www.flyshop.cl\/TIENDA\/wp-json\/wp\/v2\/types\/product"}],"replies":[{"embeddable":true,"href":"https:\/\/www.flyshop.cl\/TIENDA\/wp-json\/wp\/v2\/comments?post=5614"}],"wp:featuredmedia":[{"embeddable":true,"href":"https:\/\/www.flyshop.cl\/TIENDA\/wp-json\/wp\/v2\/media\/12959"}],"wp:attachment":[{"href":"https:\/\/www.flyshop.cl\/TIENDA\/wp-json\/wp\/v2\/media?parent=5614"}],"wp:term":[{"taxonomy":"product_brand","embeddable":true,"href":"https:\/\/www.flyshop.cl\/TIENDA\/wp-json\/wp\/v2\/product_brand?post=5614"},{"taxonomy":"product_cat","embeddable":true,"href":"https:\/\/www.flyshop.cl\/TIENDA\/wp-json\/wp\/v2\/product_cat?post=5614"},{"taxonomy":"product_tag","embeddable":true,"href":"https:\/\/www.flyshop.cl\/TIENDA\/wp-json\/wp\/v2\/product_tag?post=5614"}],"curies":[{"name":"wp","href":"https:\/\/api.w.org\/{rel}","templated":true}]}}