{"id":5610,"date":"2016-08-05T23:06:49","date_gmt":"2016-08-05T23:06:49","guid":{"rendered":"http:\/\/www.flyshop.cl\/TIENDA\/?post_type=product&#038;p=5610"},"modified":"2026-03-12T17:47:16","modified_gmt":"2026-03-12T17:47:16","slug":"intouch-sink-tip-24","status":"publish","type":"product","link":"https:\/\/www.flyshop.cl\/TIENDA\/producto\/intouch-sink-tip-24\/","title":{"rendered":"RIO PREMIER SINK TIP 24 FT"},"content":{"rendered":"<p>Descripci\u00f3n<br \/>\nEsta ya legendaria l\u00ednea, de densidad compensada con una secci\u00f3n de 24&#8242; constituye la l\u00ednea PERFECTA para las aguas de Chile. Es sin duda la l\u00ednea mas usada y preferida de todos los pescadores. Su dise\u00f1o hace que sea muy f\u00e1cil lanzarlas comparado con otras l\u00edneas similares. Pero su caracter\u00edstica m\u00e1s sobresaliente es la super durabilidad de su secci\u00f3n running que soporta m\u00e1ximas exigencias. Esta l\u00ednea es la ideal para pescar con grandes streamers en condiciones dif\u00edciles.<\/p>\n","protected":false},"excerpt":{"rendered":"<p>Descripci\u00f3n Esta ya legendaria l\u00ednea, de densidad compensada con una secci\u00f3n de 24&#8242; constituye la l\u00ednea PERFECTA para las aguas de Chile. Es sin duda la l\u00ednea mas usada y preferida de todos los pescadores. Su dise\u00f1o hace que sea&hellip;<\/p>\n","protected":false},"featured_media":13191,"comment_status":"closed","ping_status":"closed","template":"","meta":{"_joinchat":[]},"product_brand":[],"product_cat":[159,316],"product_tag":[],"class_list":{"0":"post-5610","1":"product","2":"type-product","3":"status-publish","4":"has-post-thumbnail","6":"product_cat-lineas-leaders-y-tippet","7":"product_cat-rio","8":"entry","9":"has-media","11":"first","12":"instock","13":"shipping-taxable","14":"purchasable","15":"product-type-variable","16":"col","17":"wpex-woo-entry","18":"span_1_of_6 span_1_of_3_pp"},"supplier_id":null,"supplier_sku":"","barcode":null,"atum_controlled":true,"out_stock_date":null,"out_stock_threshold":null,"inheritable":true,"inbound_stock":null,"stock_on_hold":12,"sold_today":0,"sales_last_days":2,"reserved_stock":null,"customer_returns":null,"warehouse_damage":null,"lost_in_post":null,"other_logs":null,"out_stock_days":0,"lost_sales":0,"has_location":false,"update_date":"2026-03-12T17:47:18","atum_locations":[],"atum_stock_status":"instock","restock_status":false,"low_stock_amount":"","sales_update_date":null,"calc_backorders":null,"_links":{"self":[{"href":"https:\/\/www.flyshop.cl\/TIENDA\/wp-json\/wp\/v2\/product\/5610","targetHints":{"allow":["GET"]}}],"collection":[{"href":"https:\/\/www.flyshop.cl\/TIENDA\/wp-json\/wp\/v2\/product"}],"about":[{"href":"https:\/\/www.flyshop.cl\/TIENDA\/wp-json\/wp\/v2\/types\/product"}],"replies":[{"embeddable":true,"href":"https:\/\/www.flyshop.cl\/TIENDA\/wp-json\/wp\/v2\/comments?post=5610"}],"wp:featuredmedia":[{"embeddable":true,"href":"https:\/\/www.flyshop.cl\/TIENDA\/wp-json\/wp\/v2\/media\/13191"}],"wp:attachment":[{"href":"https:\/\/www.flyshop.cl\/TIENDA\/wp-json\/wp\/v2\/media?parent=5610"}],"wp:term":[{"taxonomy":"product_brand","embeddable":true,"href":"https:\/\/www.flyshop.cl\/TIENDA\/wp-json\/wp\/v2\/product_brand?post=5610"},{"taxonomy":"product_cat","embeddable":true,"href":"https:\/\/www.flyshop.cl\/TIENDA\/wp-json\/wp\/v2\/product_cat?post=5610"},{"taxonomy":"product_tag","embeddable":true,"href":"https:\/\/www.flyshop.cl\/TIENDA\/wp-json\/wp\/v2\/product_tag?post=5610"}],"curies":[{"name":"wp","href":"https:\/\/api.w.org\/{rel}","templated":true}]}}