{"id":5595,"date":"2016-08-03T23:12:58","date_gmt":"2016-08-03T23:12:58","guid":{"rendered":"http:\/\/www.flyshop.cl\/TIENDA\/?post_type=product&#038;p=5595"},"modified":"2026-01-17T18:04:34","modified_gmt":"2026-01-17T18:04:34","slug":"intouch-rio-gold","status":"publish","type":"product","link":"https:\/\/www.flyshop.cl\/TIENDA\/producto\/intouch-rio-gold\/","title":{"rendered":"ELITE RIO GOLD"},"content":{"rendered":"<section class=\"bs-product-description\">\n<h4>La \u00daltima L\u00ednea De Mosca Vers\u00e1til Con Un Rendimiento Ultrarresistente Y De Poca Elasticidad.<\/h4>\n<ul>\n<li>\n<h4>Cabeza larga para el m\u00e1ximo control de lanzamiento<\/h4>\n<\/li>\n<li>\n<h4>Dise\u00f1o c\u00f3nico para lanzar moscas entre el n. \u00b0 22 y el n. \u00b0 2<\/h4>\n<\/li>\n<li>\n<h4>ConnectCore Plus de baja elasticidad para lo mejor en control, rendimiento y suavidad del lanzamiento<\/h4>\n<\/li>\n<li>\n<h4>Construido con SlickCast excepcionalmente resbaladizo y duradero de RIO<\/h4>\n<\/li>\n<li>\n<h4>Cuenta con el sistema de medici\u00f3n tricolor SureFire de RIO para mayor precisi\u00f3n y control de distancia<\/h4>\n<\/li>\n<li>\n<h4>El Elite RIO Gold tiene un dise\u00f1o c\u00f3nico que brinda una estabilidad de bucle incre\u00edble a distancia y un cono frontal que ofrece una presentaci\u00f3n perfecta de moscas entre los tama\u00f1os # 2 y # 22.\u00a0Con una cabeza larga y un cono posterior, esta l\u00ednea es una excelente l\u00ednea de mosca en r\u00edos y lagos cuando se requieren lanzamientos largos y un control completo de la l\u00ednea.<\/p>\n<p>Esta l\u00ednea est\u00e1 construida con ConnectCore Plus de bajo estiramiento de RIO, lo que resulta en l\u00edneas de mosca excepcionalmente suaves y duraderas, con los beneficios adicionales de niveles incre\u00edbles de sensibilidad al lanzar y pescar, y brinda una mejor detecci\u00f3n de tomas, conjuntos de anzuelos m\u00e1s r\u00e1pidos y un control mucho mayor. al jugar un pez.\u00a0Adem\u00e1s, esta l\u00ednea est\u00e1 construida con SlickCast, la tecnolog\u00eda de recubrimiento patentada de RIO, que crea las l\u00edneas de mosca m\u00e1s elegantes y duraderas del mercado.\u00a0Las pruebas de laboratorio muestran que las l\u00edneas construidas con SlickCast tienen la menor cantidad de fricci\u00f3n jam\u00e1s medida en una l\u00ednea de mosca.<\/p>\n<p>El RIO Gold es el \u00faltimo sedal flotante completo para el pescador de truchas con mosca.<\/h4>\n<\/li>\n<\/ul>\n<\/section>\n","protected":false},"excerpt":{"rendered":"<p>Descripci\u00f3n<br \/>\nLo \u00faltimo en tecnolog\u00eda en l\u00edneas, la Rio In touch te permitira sentir como nunca antes la l\u00ednea como tambi\u00e9n realizar inigualables casts. Sistema SureFire tricolor incorporado que asegura control de distancia exacta. Sistema EasyID permite identificar r\u00e1pidamente l\u00ednea<\/p>\n","protected":false},"featured_media":12957,"comment_status":"closed","ping_status":"closed","template":"","meta":{"_joinchat":[]},"product_brand":[],"product_cat":[655,159,316],"product_tag":[],"class_list":{"0":"post-5595","1":"product","2":"type-product","3":"status-publish","4":"has-post-thumbnail","6":"product_cat-floating","7":"product_cat-lineas-leaders-y-tippet","8":"product_cat-rio","9":"entry","10":"has-media","12":"first","13":"instock","14":"shipping-taxable","15":"purchasable","16":"product-type-variable","17":"col","18":"wpex-woo-entry","19":"span_1_of_6 span_1_of_3_pp"},"supplier_id":null,"supplier_sku":"","barcode":null,"atum_controlled":true,"out_stock_date":null,"out_stock_threshold":null,"inheritable":true,"inbound_stock":null,"stock_on_hold":6,"sold_today":0,"sales_last_days":3,"reserved_stock":null,"customer_returns":null,"warehouse_damage":null,"lost_in_post":null,"other_logs":null,"out_stock_days":0,"lost_sales":0,"has_location":false,"update_date":"2026-01-20T20:49:16","atum_locations":[],"atum_stock_status":"instock","restock_status":false,"low_stock_amount":"","sales_update_date":null,"calc_backorders":null,"_links":{"self":[{"href":"https:\/\/www.flyshop.cl\/TIENDA\/wp-json\/wp\/v2\/product\/5595","targetHints":{"allow":["GET"]}}],"collection":[{"href":"https:\/\/www.flyshop.cl\/TIENDA\/wp-json\/wp\/v2\/product"}],"about":[{"href":"https:\/\/www.flyshop.cl\/TIENDA\/wp-json\/wp\/v2\/types\/product"}],"replies":[{"embeddable":true,"href":"https:\/\/www.flyshop.cl\/TIENDA\/wp-json\/wp\/v2\/comments?post=5595"}],"wp:featuredmedia":[{"embeddable":true,"href":"https:\/\/www.flyshop.cl\/TIENDA\/wp-json\/wp\/v2\/media\/12957"}],"wp:attachment":[{"href":"https:\/\/www.flyshop.cl\/TIENDA\/wp-json\/wp\/v2\/media?parent=5595"}],"wp:term":[{"taxonomy":"product_brand","embeddable":true,"href":"https:\/\/www.flyshop.cl\/TIENDA\/wp-json\/wp\/v2\/product_brand?post=5595"},{"taxonomy":"product_cat","embeddable":true,"href":"https:\/\/www.flyshop.cl\/TIENDA\/wp-json\/wp\/v2\/product_cat?post=5595"},{"taxonomy":"product_tag","embeddable":true,"href":"https:\/\/www.flyshop.cl\/TIENDA\/wp-json\/wp\/v2\/product_tag?post=5595"}],"curies":[{"name":"wp","href":"https:\/\/api.w.org\/{rel}","templated":true}]}}