{"id":5219,"date":"2016-07-21T21:37:17","date_gmt":"2016-07-21T21:37:17","guid":{"rendered":"http:\/\/www.flyshop.cl\/TIENDA\/?post_type=product&#038;p=5219"},"modified":"2025-12-23T17:38:17","modified_gmt":"2025-12-23T17:38:17","slug":"fly-fishing-in-chilean-patagonia","status":"publish","type":"product","link":"https:\/\/www.flyshop.cl\/TIENDA\/producto\/fly-fishing-in-chilean-patagonia\/","title":{"rendered":"FLY FISHING IN CHILEAN PATAGONIA"},"content":{"rendered":"","protected":false},"excerpt":{"rendered":"<p>Descripci\u00f3n<br \/>\nEscrito por Gonzalo Cort\u00e9s, este magn\u00edfico libro entrega un resumen de las experiencias y t\u00e9cnica de su autor pescando los r\u00edos y lagos de la Patagonia Chilena. Ilustrado con fotos del reconocido Nicol\u00e1s Piwonka y encuadernado en tapas duras con sobrecubierta impresa. Un libro de lujo imperdible. 191 p\u00e1gs. en Castellano e ingl\u00e9s. 31 x 24,5 cm<\/p>\n","protected":false},"featured_media":5220,"comment_status":"closed","ping_status":"closed","template":"","meta":{"_joinchat":[]},"product_brand":[],"product_cat":[186],"product_tag":[],"class_list":{"0":"post-5219","1":"product","2":"type-product","3":"status-publish","4":"has-post-thumbnail","6":"product_cat-libros","7":"entry","8":"has-media","10":"first","11":"outofstock","12":"shipping-taxable","13":"purchasable","14":"product-type-simple","15":"col","16":"wpex-woo-entry","17":"span_1_of_6 span_1_of_3_pp"},"supplier_id":null,"supplier_sku":"","barcode":null,"atum_controlled":true,"out_stock_date":"2025-12-23 17:38:17","out_stock_threshold":null,"inheritable":false,"inbound_stock":null,"stock_on_hold":5,"sold_today":1,"sales_last_days":2,"reserved_stock":null,"customer_returns":null,"warehouse_damage":null,"lost_in_post":null,"other_logs":null,"out_stock_days":0,"lost_sales":0,"has_location":null,"update_date":"2025-12-23T17:38:18","atum_locations":[],"atum_stock_status":"outofstock","restock_status":false,"low_stock_amount":"","sales_update_date":"2025-12-19T16:07:29","calc_backorders":null,"_links":{"self":[{"href":"https:\/\/www.flyshop.cl\/TIENDA\/wp-json\/wp\/v2\/product\/5219","targetHints":{"allow":["GET"]}}],"collection":[{"href":"https:\/\/www.flyshop.cl\/TIENDA\/wp-json\/wp\/v2\/product"}],"about":[{"href":"https:\/\/www.flyshop.cl\/TIENDA\/wp-json\/wp\/v2\/types\/product"}],"replies":[{"embeddable":true,"href":"https:\/\/www.flyshop.cl\/TIENDA\/wp-json\/wp\/v2\/comments?post=5219"}],"wp:featuredmedia":[{"embeddable":true,"href":"https:\/\/www.flyshop.cl\/TIENDA\/wp-json\/wp\/v2\/media\/5220"}],"wp:attachment":[{"href":"https:\/\/www.flyshop.cl\/TIENDA\/wp-json\/wp\/v2\/media?parent=5219"}],"wp:term":[{"taxonomy":"product_brand","embeddable":true,"href":"https:\/\/www.flyshop.cl\/TIENDA\/wp-json\/wp\/v2\/product_brand?post=5219"},{"taxonomy":"product_cat","embeddable":true,"href":"https:\/\/www.flyshop.cl\/TIENDA\/wp-json\/wp\/v2\/product_cat?post=5219"},{"taxonomy":"product_tag","embeddable":true,"href":"https:\/\/www.flyshop.cl\/TIENDA\/wp-json\/wp\/v2\/product_tag?post=5219"}],"curies":[{"name":"wp","href":"https:\/\/api.w.org\/{rel}","templated":true}]}}