{"id":22229,"date":"2026-03-23T20:11:08","date_gmt":"2026-03-23T20:11:08","guid":{"rendered":"https:\/\/www.flyshop.cl\/TIENDA\/?post_type=product&#038;p=22229"},"modified":"2026-03-23T22:14:21","modified_gmt":"2026-03-23T22:14:21","slug":"sage-r8-power","status":"publish","type":"product","link":"https:\/\/www.flyshop.cl\/TIENDA\/producto\/sage-r8-power\/","title":{"rendered":"SAGE R8 power"},"content":{"rendered":"<div>\n<div class=\"flex h-svh w-screen flex-col\">\n<div class=\"relative z-0 flex min-h-0 w-full flex-1\">\n<div class=\"relative flex min-h-0 w-full flex-1\">\n<div id=\"stage-slideover-sidebar\" class=\"border-token-border-light relative z-21 h-full shrink-0 overflow-hidden border-e max-md:hidden print:hidden\">\n<div class=\"relative flex h-full flex-col\">\n<div class=\"opacity-100 motion-safe:transition-opacity motion-safe:duration-150 motion-safe:ease-linear h-full w-(--sidebar-width) overflow-x-clip overflow-y-auto text-clip whitespace-nowrap bg-(--sidebar-bg,var(--bg-elevated-secondary))\">\n<nav class=\"group\/scrollport relative flex h-full w-full flex-1 flex-col overflow-y-auto transition-opacity motion-safe:duration-500\" aria-label=\"Historial del chat\" data-scrolled-from-end=\"\">\n<div class=\"sticky top-0 z-30 bg-(--sidebar-mask-bg,var(--bg-elevated-secondary))\">\n<div class=\"touch:px-1.5 px-2\">\n<div id=\"sidebar-header\" class=\"h-header-height flex items-center justify-between\">\n<div class=\"flex\"><span class=\"hover:entity-accent entity-underline inline cursor-pointer align-baseline\"><span class=\"whitespace-normal\">Sage Power R8 Fly Rod<\/span><\/span><\/div>\n<\/div>\n<\/div>\n<\/div>\n<div class=\"group\/sidebar-expando-section mb-[var(--sidebar-expanded-section-margin-bottom)]\">\n<div id=\"history\" class=\"\">\n<p data-start=\"170\" data-end=\"492\">La nueva <strong data-start=\"179\" data-end=\"196\">Sage R8 Power<\/strong> redefine lo que una ca\u00f1a de acci\u00f3n r\u00e1pida puede hacer. Dise\u00f1ada para pescadores que exigen m\u00e1ximo rendimiento en condiciones desafiantes, esta ca\u00f1a combina <strong data-start=\"353\" data-end=\"422\">potencia extrema, velocidad de l\u00ednea y una sorprendente precisi\u00f3n<\/strong>, permiti\u00e9ndote alcanzar distancias que antes parec\u00edan fuera de rango.<\/p>\n<p data-start=\"494\" data-end=\"904\">Construida sobre la innovadora <strong data-start=\"525\" data-end=\"557\">tecnolog\u00eda Revolution 8 (R8)<\/strong>, la Power R8 ofrece una transferencia de energ\u00eda superior y una recuperaci\u00f3n ultra r\u00e1pida, generando loops m\u00e1s cerrados y un control total incluso en viento fuerte. Su acci\u00f3n ultra r\u00e1pida no solo entrega potencia, sino tambi\u00e9n una sensaci\u00f3n refinada que facilita presentaciones precisas cuando m\u00e1s importa.<\/p>\n<p data-start=\"906\" data-end=\"1186\">Pensada para situaciones t\u00e9cnicas, esta ca\u00f1a destaca al lanzar l\u00edneas pesadas, streamers grandes o shooting heads, manteniendo siempre estabilidad y control. Es la herramienta ideal para quienes buscan rendimiento en escenarios exigentes, desde grandes r\u00edos hasta pesca en el mar.<\/p>\n<p data-start=\"1188\" data-end=\"1353\">Su dise\u00f1o premium incluye un blank en color <strong data-start=\"1232\" data-end=\"1247\">Hot Rod Red<\/strong>, detalles elegantes y componentes de alta gama, reflejando el est\u00e1ndar de calidad que caracteriza a Sage.<\/p>\n<hr data-start=\"1355\" data-end=\"1358\" \/>\n<h3 data-section-id=\"131v4uz\" data-start=\"1360\" data-end=\"1392\">Caracter\u00edsticas principales:<\/h3>\n<ul data-start=\"1393\" data-end=\"1749\">\n<li data-section-id=\"1dghklq\" data-start=\"1393\" data-end=\"1451\">\n<p data-start=\"1395\" data-end=\"1451\">Acci\u00f3n <strong data-start=\"1402\" data-end=\"1418\">ultra r\u00e1pida<\/strong> para m\u00e1xima velocidad de l\u00ednea<\/p>\n<\/li>\n<li data-section-id=\"u3whsu\" data-start=\"1452\" data-end=\"1509\">\n<p data-start=\"1454\" data-end=\"1509\">Excelente desempe\u00f1o en <strong data-start=\"1477\" data-end=\"1507\">viento y largas distancias<\/strong><\/p>\n<\/li>\n<li data-section-id=\"9mfrb7\" data-start=\"1510\" data-end=\"1577\">\n<p data-start=\"1512\" data-end=\"1577\">Gran capacidad para lanzar <strong data-start=\"1539\" data-end=\"1575\">l\u00edneas hundidas y moscas grandes<\/strong><\/p>\n<\/li>\n<li data-section-id=\"tsvsji\" data-start=\"1578\" data-end=\"1646\">\n<p data-start=\"1580\" data-end=\"1646\">Tecnolog\u00eda <strong data-start=\"1591\" data-end=\"1607\">Revolution 8<\/strong> para mayor eficiencia y sensibilidad<\/p>\n<\/li>\n<li data-section-id=\"wqqwh3\" data-start=\"1647\" data-end=\"1694\">\n<p data-start=\"1649\" data-end=\"1694\">Recuperaci\u00f3n r\u00e1pida para loops m\u00e1s precisos<\/p>\n<\/li>\n<li data-section-id=\"ga3q7a\" data-start=\"1695\" data-end=\"1749\">\n<p data-start=\"1697\" data-end=\"1749\">Construcci\u00f3n premium y terminaciones de alto nivel<\/p>\n<\/li>\n<\/ul>\n<hr data-start=\"1751\" data-end=\"1754\" \/>\n<h3 data-section-id=\"8mx3jv\" data-start=\"1756\" data-end=\"1771\">Ideal para:<\/h3>\n<p data-start=\"1772\" data-end=\"1890\">Truchas, bass, lucios, pesca en el mar y cualquier escenario donde necesites <strong data-start=\"1849\" data-end=\"1889\">potencia, alcance y control absoluto.<\/strong><\/p>\n<hr data-start=\"1892\" data-end=\"1895\" \/>\n<\/div>\n<\/div>\n<\/nav>\n<\/div>\n<\/div>\n<\/div>\n<div class=\"@container\/main relative flex min-w-0 flex-1 flex-col -translate-y-[calc(env(safe-area-inset-bottom,0px)\/2)] pt-[calc(env(safe-area-inset-bottom,0px)\/2)]\">\n<div class=\"@w-sm\/main:[scrollbar-gutter:var(--stage-scroll-gutter)] touch:[scrollbar-width:none] group\/scroll-root relative flex min-h-0 min-w-0 flex-1 flex-col [scrollbar-gutter:stable] not-print:overflow-x-clip not-print:overflow-y-auto group-data-stream-active\/scroll-root:[overflow-anchor:none] scroll-pt-(--header-height) [--sticky-padding-top:var(--header-height)] [--sticky-padding-bottom:0px] [--scroll-root-safe-area-inset-top:calc(var(--sticky-padding-top)+env(safe-area-inset-top,0px))] [--scroll-root-safe-area-inset-bottom:calc(var(--sticky-padding-bottom)+var(--screen-keyboard-height,0px)+env(safe-area-inset-bottom,0px))] [--scroll-root-safe-area-height:calc(100lvh-var(--scroll-root-safe-area-inset-top)-var(--scroll-root-safe-area-inset-bottom))] has-data-[fixed-header=less-than-xl]:@w-xl\/main:scroll-pt-0 has-data-[fixed-header=less-than-xl]:@w-xl\/main:[--sticky-padding-top:0px] has-data-[fixed-header=less-than-xxl]:@w-2xl\/main:scroll-pt-0 has-data-[fixed-header=less-than-xxl]:@w-2xl\/main:[--sticky-padding-top:0px]\" data-scroll-root=\"\" data-scroll-from-top=\"\">\n<p>&nbsp;<\/p>\n<div id=\"thread\" class=\"group\/thread flex flex-col min-h-full\">\n<div class=\"composer-parent flex flex-1 flex-col focus-visible:outline-0\" role=\"presentation\">\n<div class=\"relative basis-auto flex-col -mb-(--composer-overlap-px) pb-(--composer-overlap-px) [--composer-overlap-px:28px] grow flex\">\n<div class=\"flex flex-col text-sm pb-25\">\n<section class=\"text-token-text-primary w-full focus:outline-none [--shadow-height:45px] has-data-writing-block:pointer-events-none has-data-writing-block:-mt-(--shadow-height) has-data-writing-block:pt-(--shadow-height) [&amp;:has([data-writing-block])&gt;*]:pointer-events-auto scroll-mt-[calc(var(--header-height)+min(200px,max(70px,20svh)))]\" dir=\"auto\" data-turn-id=\"request-WEB:17313b76-1d60-48e0-95d5-1991ab1a598c-0\" data-testid=\"conversation-turn-2\" data-scroll-anchor=\"true\" data-turn=\"assistant\">\n<div class=\"text-base my-auto mx-auto pb-10 [--thread-content-margin:var(--thread-content-margin-xs,calc(var(--spacing)*4))] @w-sm\/main:[--thread-content-margin:var(--thread-content-margin-sm,calc(var(--spacing)*6))] @w-lg\/main:[--thread-content-margin:var(--thread-content-margin-lg,calc(var(--spacing)*16))] px-(--thread-content-margin)\">\n<div class=\"[--thread-content-max-width:40rem] @w-lg\/main:[--thread-content-max-width:48rem] mx-auto max-w-(--thread-content-max-width) flex-1 group\/turn-messages focus-visible:outline-hidden relative flex w-full min-w-0 flex-col agent-turn\">\n<div class=\"z-0 flex min-h-[46px] justify-start\"><\/div>\n<div class=\"mt-3 w-full empty:hidden\">\n<div class=\"text-center\"><\/div>\n<\/div>\n<\/div>\n<\/div>\n<\/section>\n<\/div>\n<div class=\"pointer-events-none h-px w-px absolute bottom-0\" aria-hidden=\"true\" data-edge=\"true\"><\/div>\n<\/div>\n<div id=\"thread-bottom-container\" class=\"sticky bottom-0 z-10 group\/thread-bottom-container relative isolate w-full basis-auto has-data-has-thread-error:pt-2 has-data-has-thread-error:[box-shadow:var(--sharp-edge-bottom-shadow)] md:border-transparent md:pt-0 dark:border-white\/20 md:dark:border-transparent print:hidden content-fade single-line flex flex-col\">\n<div class=\"relative mx-auto h-0\">\n<div><\/div>\n<\/div>\n<div id=\"thread-bottom\">\n<div>\n<div class=\"text-base mx-auto [--thread-content-margin:var(--thread-content-margin-xs,calc(var(--spacing)*4))] @w-sm\/main:[--thread-content-margin:var(--thread-content-margin-sm,calc(var(--spacing)*6))] @w-lg\/main:[--thread-content-margin:var(--thread-content-margin-lg,calc(var(--spacing)*16))] px-(--thread-content-margin)\">\n<div class=\"[--thread-content-max-width:40rem] @w-lg\/main:[--thread-content-max-width:48rem] mx-auto max-w-(--thread-content-max-width) flex-1 mb-[var(--thread-component-gap,1rem)]\">\n<div class=\"pointer-events-auto relative z-1 flex h-(--composer-container-height,100%) max-w-full flex-(--composer-container-flex,1) flex-col\">\n<div class=\"absolute start-0 end-0 bottom-full z-20\"><\/div>\n<form class=\"group\/composer w-full\" data-type=\"unified-composer\" aria-label=\"Prompt para preguntar lo que quieras\">\n<div class=\"\">\n<div class=\"bg-token-bg-primary corner-superellipse\/1.1 cursor-text overflow-clip bg-clip-padding p-2.5 contain-inline-size motion-safe:transition-colors motion-safe:duration-200 motion-safe:ease-in-out dark:bg-[#303030] grid grid-cols-[auto_1fr_auto] [grid-template-areas:'header_header_header'_'leading_primary_trailing'_'._footer_.'] group-data-expanded\/composer:[grid-template-areas:'header_header_header'_'primary_primary_primary'_'leading_footer_trailing'] shadow-short-composer\" data-composer-surface=\"true\">\n<div class=\"-my-2.5 flex min-h-14 items-center overflow-x-hidden px-1.5 [grid-area:primary] group-data-expanded\/composer:mb-0 group-data-expanded\/composer:px-2.5\">\n<div class=\"wcDTda_prosemirror-parent text-token-text-primary max-h-[max(30svh,5rem)] max-h-52 min-h-[var(--deep-research-composer-extra-height,unset)] flex-1 overflow-auto [scrollbar-width:thin] firefox vertical-scroll-fade-mask\">\n<div id=\"prompt-textarea\" class=\"ProseMirror\" role=\"textbox\" contenteditable=\"true\" translate=\"no\" data-virtualkeyboard=\"true\" aria-multiline=\"true\" aria-label=\"Prompt para preguntar lo que quieras\"><\/div>\n<\/div>\n<\/div>\n<div class=\"[grid-area:leading]\"><\/div>\n<div class=\"flex items-center gap-2 [grid-area:trailing]\">\n<div class=\"ms-auto flex items-center gap-1.5\">\n<div>\n<div class=\"relative\"><\/div>\n<\/div>\n<\/div>\n<\/div>\n<\/div>\n<\/div>\n<\/form>\n<\/div>\n<\/div>\n<\/div>\n<\/div>\n<\/div>\n<div class=\"-mt-4 text-token-text-secondary relative w-full overflow-hidden text-center text-xs [view-transition-name:var(--vt-disclaimer)] md:px-[60px]\"><\/div>\n<\/div>\n<\/div>\n<\/div>\n<p>&nbsp;<\/p>\n<\/div>\n<\/div>\n<\/div>\n<\/div>\n<div><\/div>\n<\/div>\n<\/div>\n<div id=\"aria-notify-live-region-assertive\" class=\"sr-only\" role=\"alert\" aria-live=\"assertive\" aria-atomic=\"true\" aria-relevant=\"additions text\"><\/div>\n<div id=\"aria-notify-live-region-polite\" class=\"sr-only\" role=\"status\" aria-live=\"polite\" aria-atomic=\"true\" aria-relevant=\"additions text\"><\/div>\n<p>&nbsp;<\/p>\n<p>&nbsp;<\/p>\n","protected":false},"excerpt":{"rendered":"<p>Sage Power R8 Fly Rod La nueva Sage R8 Power redefine lo que una ca\u00f1a de acci\u00f3n r\u00e1pida puede hacer. Dise\u00f1ada para pescadores que exigen m\u00e1ximo rendimiento en condiciones desafiantes, esta ca\u00f1a combina potencia extrema, velocidad de l\u00ednea y una&hellip;<\/p>\n","protected":false},"featured_media":22235,"comment_status":"closed","ping_status":"closed","template":"","meta":{"_joinchat":[]},"product_brand":[],"product_cat":[679,787],"product_tag":[],"class_list":{"0":"post-22229","1":"product","2":"type-product","3":"status-publish","4":"has-post-thumbnail","6":"product_cat-canas-fly-fishing","7":"product_cat-sage","8":"entry","9":"has-media","11":"first","12":"instock","13":"shipping-taxable","14":"purchasable","15":"product-type-variable","16":"col","17":"wpex-woo-entry","18":"span_1_of_6 span_1_of_3_pp"},"supplier_id":null,"supplier_sku":"","barcode":null,"atum_controlled":true,"out_stock_date":null,"out_stock_threshold":null,"inheritable":true,"inbound_stock":null,"stock_on_hold":0,"sold_today":0,"sales_last_days":1,"reserved_stock":null,"customer_returns":null,"warehouse_damage":null,"lost_in_post":null,"other_logs":null,"out_stock_days":null,"lost_sales":0,"has_location":false,"update_date":"2026-03-27T14:33:25","atum_locations":[],"atum_stock_status":"instock","restock_status":false,"low_stock_amount":"","sales_update_date":null,"calc_backorders":null,"_links":{"self":[{"href":"https:\/\/www.flyshop.cl\/TIENDA\/wp-json\/wp\/v2\/product\/22229","targetHints":{"allow":["GET"]}}],"collection":[{"href":"https:\/\/www.flyshop.cl\/TIENDA\/wp-json\/wp\/v2\/product"}],"about":[{"href":"https:\/\/www.flyshop.cl\/TIENDA\/wp-json\/wp\/v2\/types\/product"}],"replies":[{"embeddable":true,"href":"https:\/\/www.flyshop.cl\/TIENDA\/wp-json\/wp\/v2\/comments?post=22229"}],"wp:featuredmedia":[{"embeddable":true,"href":"https:\/\/www.flyshop.cl\/TIENDA\/wp-json\/wp\/v2\/media\/22235"}],"wp:attachment":[{"href":"https:\/\/www.flyshop.cl\/TIENDA\/wp-json\/wp\/v2\/media?parent=22229"}],"wp:term":[{"taxonomy":"product_brand","embeddable":true,"href":"https:\/\/www.flyshop.cl\/TIENDA\/wp-json\/wp\/v2\/product_brand?post=22229"},{"taxonomy":"product_cat","embeddable":true,"href":"https:\/\/www.flyshop.cl\/TIENDA\/wp-json\/wp\/v2\/product_cat?post=22229"},{"taxonomy":"product_tag","embeddable":true,"href":"https:\/\/www.flyshop.cl\/TIENDA\/wp-json\/wp\/v2\/product_tag?post=22229"}],"curies":[{"name":"wp","href":"https:\/\/api.w.org\/{rel}","templated":true}]}}