{"id":22005,"date":"2025-12-16T15:51:41","date_gmt":"2025-12-16T15:51:41","guid":{"rendered":"https:\/\/www.flyshop.cl\/TIENDA\/?post_type=product&#038;p=22005"},"modified":"2025-12-16T17:32:32","modified_gmt":"2025-12-16T17:32:32","slug":"ms-classic-tackle-t-shirt-athletic-heather","status":"publish","type":"product","link":"https:\/\/www.flyshop.cl\/TIENDA\/producto\/ms-classic-tackle-t-shirt-athletic-heather\/","title":{"rendered":"M&#8217;S BASS RULER T-SHIRT ATHLETIC HEATHER"},"content":{"rendered":"<p data-start=\"119\" data-end=\"162\"><strong data-start=\"119\" data-end=\"162\">Polera\u00a0 M&#8217;S BASS RULER T-SHIRT ATHLETIC HEATHER\u00a0<\/strong><\/p>\n<p data-start=\"164\" data-end=\"469\">La poleraM&#8217;S BASS RULER T-SHIRT ATHLETIC HEATHER ofrece un dise\u00f1o cl\u00e1sico y atemporal, ideal para el uso diario. Confeccionada en un tejido suave y c\u00f3modo, es perfecta para la ciudad, viajes o actividades casuales. Su estilo inspirado en el mundo outdoor la convierte en una prenda vers\u00e1til y f\u00e1cil de combinar.<\/p>\n<p data-start=\"471\" data-end=\"491\"><strong data-start=\"471\" data-end=\"491\">Caracter\u00edsticas:<\/strong><\/p>\n<ul data-start=\"492\" data-end=\"675\">\n<li data-start=\"492\" data-end=\"518\">\n<p data-start=\"494\" data-end=\"518\">Calce masculino c\u00f3modo<\/p>\n<\/li>\n<li data-start=\"519\" data-end=\"547\">\n<p data-start=\"521\" data-end=\"547\">Tela suave y confortable<\/p>\n<\/li>\n<li data-start=\"548\" data-end=\"596\">\n<p data-start=\"550\" data-end=\"596\">Ideal para uso diario y actividades casuales<\/p>\n<\/li>\n<li data-start=\"597\" data-end=\"638\">\n<p data-start=\"599\" data-end=\"638\">Dise\u00f1o cl\u00e1sico de inspiraci\u00f3n outdoor<\/p>\n<\/li>\n<li data-start=\"639\" data-end=\"675\">\n<p data-start=\"641\" data-end=\"675\">Color Black, sobrio y combinable<\/p>\n<\/li>\n<\/ul>\n","protected":false},"excerpt":{"rendered":"<p>Polera\u00a0 M&#8217;S BASS RULER T-SHIRT ATHLETIC HEATHER\u00a0 La poleraM&#8217;S BASS RULER T-SHIRT ATHLETIC HEATHER ofrece un dise\u00f1o cl\u00e1sico y atemporal, ideal para el uso diario. Confeccionada en un tejido suave y c\u00f3modo, es perfecta para la ciudad, viajes o actividades&hellip;<\/p>\n","protected":false},"featured_media":22015,"comment_status":"closed","ping_status":"closed","template":"","meta":{"_joinchat":[]},"product_brand":[],"product_cat":[450,309],"product_tag":[],"class_list":{"0":"post-22005","1":"product","2":"type-product","3":"status-publish","4":"has-post-thumbnail","6":"product_cat-poleras-simms-ropa-hombre","7":"product_cat-simms","8":"entry","9":"has-media","11":"first","12":"instock","13":"shipping-taxable","14":"purchasable","15":"product-type-variable","16":"col","17":"wpex-woo-entry","18":"span_1_of_6 span_1_of_3_pp"},"supplier_id":null,"supplier_sku":"","barcode":null,"atum_controlled":true,"out_stock_date":null,"out_stock_threshold":null,"inheritable":true,"inbound_stock":null,"stock_on_hold":null,"sold_today":null,"sales_last_days":null,"reserved_stock":null,"customer_returns":null,"warehouse_damage":null,"lost_in_post":null,"other_logs":null,"out_stock_days":null,"lost_sales":null,"has_location":false,"update_date":"2025-12-16T17:32:33","atum_locations":[],"atum_stock_status":"instock","restock_status":false,"low_stock_amount":"","sales_update_date":null,"calc_backorders":null,"_links":{"self":[{"href":"https:\/\/www.flyshop.cl\/TIENDA\/wp-json\/wp\/v2\/product\/22005","targetHints":{"allow":["GET"]}}],"collection":[{"href":"https:\/\/www.flyshop.cl\/TIENDA\/wp-json\/wp\/v2\/product"}],"about":[{"href":"https:\/\/www.flyshop.cl\/TIENDA\/wp-json\/wp\/v2\/types\/product"}],"replies":[{"embeddable":true,"href":"https:\/\/www.flyshop.cl\/TIENDA\/wp-json\/wp\/v2\/comments?post=22005"}],"wp:featuredmedia":[{"embeddable":true,"href":"https:\/\/www.flyshop.cl\/TIENDA\/wp-json\/wp\/v2\/media\/22015"}],"wp:attachment":[{"href":"https:\/\/www.flyshop.cl\/TIENDA\/wp-json\/wp\/v2\/media?parent=22005"}],"wp:term":[{"taxonomy":"product_brand","embeddable":true,"href":"https:\/\/www.flyshop.cl\/TIENDA\/wp-json\/wp\/v2\/product_brand?post=22005"},{"taxonomy":"product_cat","embeddable":true,"href":"https:\/\/www.flyshop.cl\/TIENDA\/wp-json\/wp\/v2\/product_cat?post=22005"},{"taxonomy":"product_tag","embeddable":true,"href":"https:\/\/www.flyshop.cl\/TIENDA\/wp-json\/wp\/v2\/product_tag?post=22005"}],"curies":[{"name":"wp","href":"https:\/\/api.w.org\/{rel}","templated":true}]}}