{"id":21996,"date":"2025-12-16T14:52:55","date_gmt":"2025-12-16T14:52:55","guid":{"rendered":"https:\/\/www.flyshop.cl\/TIENDA\/?post_type=product&#038;p=21996"},"modified":"2026-03-30T15:16:36","modified_gmt":"2026-03-30T15:16:36","slug":"ms-classic-tackle-t-shirt-black","status":"publish","type":"product","link":"https:\/\/www.flyshop.cl\/TIENDA\/producto\/ms-classic-tackle-t-shirt-black\/","title":{"rendered":"M&#8217;S CLASSIC TACKLE T-SHIRT BLACK"},"content":{"rendered":"<p data-start=\"119\" data-end=\"162\"><strong data-start=\"119\" data-end=\"162\">Polera M\u2019s Classic Tackle T-Shirt Black<\/strong><\/p>\n<p data-start=\"164\" data-end=\"469\">La polera M\u2019s Classic Tackle T-Shirt Black ofrece un dise\u00f1o cl\u00e1sico y atemporal, ideal para el uso diario. Confeccionada en un tejido suave y c\u00f3modo, es perfecta para la ciudad, viajes o actividades casuales. Su estilo inspirado en el mundo outdoor la convierte en una prenda vers\u00e1til y f\u00e1cil de combinar.<\/p>\n<p data-start=\"471\" data-end=\"491\"><strong data-start=\"471\" data-end=\"491\">Caracter\u00edsticas:<\/strong><\/p>\n<ul data-start=\"492\" data-end=\"675\">\n<li data-start=\"492\" data-end=\"518\">\n<p data-start=\"494\" data-end=\"518\">Calce masculino c\u00f3modo<\/p>\n<\/li>\n<li data-start=\"519\" data-end=\"547\">\n<p data-start=\"521\" data-end=\"547\">Tela suave y confortable<\/p>\n<\/li>\n<li data-start=\"548\" data-end=\"596\">\n<p data-start=\"550\" data-end=\"596\">Ideal para uso diario y actividades casuales<\/p>\n<\/li>\n<li data-start=\"597\" data-end=\"638\">\n<p data-start=\"599\" data-end=\"638\">Dise\u00f1o cl\u00e1sico de inspiraci\u00f3n outdoor<\/p>\n<\/li>\n<li data-start=\"639\" data-end=\"675\">\n<p data-start=\"641\" data-end=\"675\">Color Black, sobrio y combinable<\/p>\n<\/li>\n<\/ul>\n","protected":false},"excerpt":{"rendered":"<p>Polera M\u2019s Classic Tackle T-Shirt Black La polera M\u2019s Classic Tackle T-Shirt Black ofrece un dise\u00f1o cl\u00e1sico y atemporal, ideal para el uso diario. Confeccionada en un tejido suave y c\u00f3modo, es perfecta para la ciudad, viajes o actividades casuales.&hellip;<\/p>\n","protected":false},"featured_media":22002,"comment_status":"closed","ping_status":"closed","template":"","meta":{"_joinchat":[]},"product_brand":[],"product_cat":[450,309],"product_tag":[],"class_list":{"0":"post-21996","1":"product","2":"type-product","3":"status-publish","4":"has-post-thumbnail","6":"product_cat-poleras-simms-ropa-hombre","7":"product_cat-simms","8":"entry","9":"has-media","11":"first","12":"outofstock","13":"shipping-taxable","14":"product-type-variable","15":"col","16":"wpex-woo-entry","17":"span_1_of_6 span_1_of_3_pp"},"supplier_id":null,"supplier_sku":"","barcode":null,"atum_controlled":true,"out_stock_date":null,"out_stock_threshold":null,"inheritable":true,"inbound_stock":null,"stock_on_hold":1,"sold_today":1,"sales_last_days":1,"reserved_stock":null,"customer_returns":null,"warehouse_damage":null,"lost_in_post":null,"other_logs":null,"out_stock_days":null,"lost_sales":0,"has_location":false,"update_date":"2026-03-30T15:16:37","atum_locations":[],"atum_stock_status":"outofstock","restock_status":false,"low_stock_amount":"","sales_update_date":null,"calc_backorders":null,"_links":{"self":[{"href":"https:\/\/www.flyshop.cl\/TIENDA\/wp-json\/wp\/v2\/product\/21996","targetHints":{"allow":["GET"]}}],"collection":[{"href":"https:\/\/www.flyshop.cl\/TIENDA\/wp-json\/wp\/v2\/product"}],"about":[{"href":"https:\/\/www.flyshop.cl\/TIENDA\/wp-json\/wp\/v2\/types\/product"}],"replies":[{"embeddable":true,"href":"https:\/\/www.flyshop.cl\/TIENDA\/wp-json\/wp\/v2\/comments?post=21996"}],"wp:featuredmedia":[{"embeddable":true,"href":"https:\/\/www.flyshop.cl\/TIENDA\/wp-json\/wp\/v2\/media\/22002"}],"wp:attachment":[{"href":"https:\/\/www.flyshop.cl\/TIENDA\/wp-json\/wp\/v2\/media?parent=21996"}],"wp:term":[{"taxonomy":"product_brand","embeddable":true,"href":"https:\/\/www.flyshop.cl\/TIENDA\/wp-json\/wp\/v2\/product_brand?post=21996"},{"taxonomy":"product_cat","embeddable":true,"href":"https:\/\/www.flyshop.cl\/TIENDA\/wp-json\/wp\/v2\/product_cat?post=21996"},{"taxonomy":"product_tag","embeddable":true,"href":"https:\/\/www.flyshop.cl\/TIENDA\/wp-json\/wp\/v2\/product_tag?post=21996"}],"curies":[{"name":"wp","href":"https:\/\/api.w.org\/{rel}","templated":true}]}}