{"id":21971,"date":"2025-12-15T21:13:36","date_gmt":"2025-12-15T21:13:36","guid":{"rendered":"https:\/\/www.flyshop.cl\/TIENDA\/?post_type=product&#038;p=21971"},"modified":"2025-12-15T21:14:32","modified_gmt":"2025-12-15T21:14:32","slug":"trout-icon-trucker-stonefly","status":"publish","type":"product","link":"https:\/\/www.flyshop.cl\/TIENDA\/producto\/trout-icon-trucker-stonefly\/","title":{"rendered":"TROUT ICON TRUCKER STONEFLY"},"content":{"rendered":"<p data-start=\"112\" data-end=\"149\"><strong data-start=\"112\" data-end=\"149\">Gorro Trout Icon Trucker Stonefly<\/strong><\/p>\n<p data-start=\"151\" data-end=\"475\">La Trout Icon Trucker Stonefly combina un dise\u00f1o trucker cl\u00e1sico con un estilo inspirado en la pesca y el outdoor. Su panel trasero de malla entrega ventilaci\u00f3n y frescura, mientras que su construcci\u00f3n resistente y ajuste regulable aseguran comodidad para el uso diario, tanto en la ciudad como en actividades al aire libre.<\/p>\n<p data-start=\"477\" data-end=\"497\"><strong data-start=\"477\" data-end=\"497\">Caracter\u00edsticas:<\/strong><\/p>\n<ul data-start=\"498\" data-end=\"718\">\n<li data-start=\"498\" data-end=\"551\">\n<p data-start=\"500\" data-end=\"551\">Dise\u00f1o trucker cl\u00e1sico con panel trasero de malla<\/p>\n<\/li>\n<li data-start=\"552\" data-end=\"599\">\n<p data-start=\"554\" data-end=\"599\">Ventilaci\u00f3n y comodidad durante todo el d\u00eda<\/p>\n<\/li>\n<li data-start=\"600\" data-end=\"627\">\n<p data-start=\"602\" data-end=\"627\">Construcci\u00f3n resistente<\/p>\n<\/li>\n<li data-start=\"628\" data-end=\"669\">\n<p data-start=\"630\" data-end=\"669\">Ajuste regulable para un calce seguro<\/p>\n<\/li>\n<li data-start=\"670\" data-end=\"718\">\n<p data-start=\"672\" data-end=\"718\">Color Stonefly, vers\u00e1til y f\u00e1cil de combinar<\/p>\n<\/li>\n<\/ul>\n","protected":false},"excerpt":{"rendered":"<p>Gorro Trout Icon Trucker Stonefly La Trout Icon Trucker Stonefly combina un dise\u00f1o trucker cl\u00e1sico con un estilo inspirado en la pesca y el outdoor. Su panel trasero de malla entrega ventilaci\u00f3n y frescura, mientras que su construcci\u00f3n resistente y&hellip;<\/p>\n","protected":false},"featured_media":21972,"comment_status":"closed","ping_status":"closed","template":"","meta":{"_joinchat":[]},"product_brand":[],"product_cat":[459,79,309],"product_tag":[],"class_list":{"0":"post-21971","1":"product","2":"type-product","3":"status-publish","4":"has-post-thumbnail","6":"product_cat-gorros","7":"product_cat-jockeys","8":"product_cat-simms","9":"entry","10":"has-media","12":"first","13":"instock","14":"shipping-taxable","15":"purchasable","16":"product-type-simple","17":"col","18":"wpex-woo-entry","19":"span_1_of_6 span_1_of_3_pp"},"supplier_id":null,"supplier_sku":"","barcode":null,"atum_controlled":true,"out_stock_date":null,"out_stock_threshold":null,"inheritable":false,"inbound_stock":null,"stock_on_hold":null,"sold_today":null,"sales_last_days":null,"reserved_stock":null,"customer_returns":null,"warehouse_damage":null,"lost_in_post":null,"other_logs":null,"out_stock_days":null,"lost_sales":null,"has_location":false,"update_date":"2025-12-15T21:14:33","atum_locations":[],"atum_stock_status":"instock","restock_status":false,"low_stock_amount":"","sales_update_date":"2025-08-08T00:18:10","calc_backorders":null,"_links":{"self":[{"href":"https:\/\/www.flyshop.cl\/TIENDA\/wp-json\/wp\/v2\/product\/21971","targetHints":{"allow":["GET"]}}],"collection":[{"href":"https:\/\/www.flyshop.cl\/TIENDA\/wp-json\/wp\/v2\/product"}],"about":[{"href":"https:\/\/www.flyshop.cl\/TIENDA\/wp-json\/wp\/v2\/types\/product"}],"replies":[{"embeddable":true,"href":"https:\/\/www.flyshop.cl\/TIENDA\/wp-json\/wp\/v2\/comments?post=21971"}],"wp:featuredmedia":[{"embeddable":true,"href":"https:\/\/www.flyshop.cl\/TIENDA\/wp-json\/wp\/v2\/media\/21972"}],"wp:attachment":[{"href":"https:\/\/www.flyshop.cl\/TIENDA\/wp-json\/wp\/v2\/media?parent=21971"}],"wp:term":[{"taxonomy":"product_brand","embeddable":true,"href":"https:\/\/www.flyshop.cl\/TIENDA\/wp-json\/wp\/v2\/product_brand?post=21971"},{"taxonomy":"product_cat","embeddable":true,"href":"https:\/\/www.flyshop.cl\/TIENDA\/wp-json\/wp\/v2\/product_cat?post=21971"},{"taxonomy":"product_tag","embeddable":true,"href":"https:\/\/www.flyshop.cl\/TIENDA\/wp-json\/wp\/v2\/product_tag?post=21971"}],"curies":[{"name":"wp","href":"https:\/\/api.w.org\/{rel}","templated":true}]}}