{"id":21969,"date":"2025-12-15T21:08:32","date_gmt":"2025-12-15T21:08:32","guid":{"rendered":"https:\/\/www.flyshop.cl\/TIENDA\/?post_type=product&#038;p=21969"},"modified":"2025-12-15T21:12:28","modified_gmt":"2025-12-15T21:12:28","slug":"small-fit-single-haul-trucker-gunmetal-trout","status":"publish","type":"product","link":"https:\/\/www.flyshop.cl\/TIENDA\/producto\/small-fit-single-haul-trucker-gunmetal-trout\/","title":{"rendered":"SMALL FIT SINGLE HAUL TRUCKER GUNMETAL TROUT"},"content":{"rendered":"<p data-start=\"129\" data-end=\"183\"><strong data-start=\"129\" data-end=\"183\">Gorro Small Fit Single Haul Trucker Gunmetal Trout<\/strong><\/p>\n<p data-start=\"185\" data-end=\"547\">La Small Fit Single Haul Trucker Gunmetal Trout est\u00e1 dise\u00f1ada especialmente para quienes buscan un calce m\u00e1s peque\u00f1o sin sacrificar estilo ni funcionalidad. Su dise\u00f1o tipo trucker con panel trasero de malla ofrece ventilaci\u00f3n y comodidad, mientras que su construcci\u00f3n resistente y ajuste regulable la hacen ideal para el uso diario, en la ciudad o al aire libre.<\/p>\n<p data-start=\"549\" data-end=\"569\"><strong data-start=\"549\" data-end=\"569\">Caracter\u00edsticas:<\/strong><\/p>\n<ul data-start=\"570\" data-end=\"817\">\n<li data-start=\"570\" data-end=\"626\">\n<p data-start=\"572\" data-end=\"626\">Calce <strong data-start=\"578\" data-end=\"591\">Small Fit<\/strong>, ideal para cabezas m\u00e1s peque\u00f1as<\/p>\n<\/li>\n<li data-start=\"627\" data-end=\"672\">\n<p data-start=\"629\" data-end=\"672\">Dise\u00f1o trucker con panel trasero de malla<\/p>\n<\/li>\n<li data-start=\"673\" data-end=\"720\">\n<p data-start=\"675\" data-end=\"720\">Ventilaci\u00f3n y comodidad durante todo el d\u00eda<\/p>\n<\/li>\n<li data-start=\"721\" data-end=\"748\">\n<p data-start=\"723\" data-end=\"748\">Construcci\u00f3n resistente<\/p>\n<\/li>\n<li data-start=\"749\" data-end=\"769\">\n<p data-start=\"751\" data-end=\"769\">Ajuste regulable<\/p>\n<\/li>\n<li data-start=\"770\" data-end=\"817\">\n<p data-start=\"772\" data-end=\"817\">Color Gunmetal Trout, sobrio y con car\u00e1cter<\/p>\n<\/li>\n<\/ul>\n","protected":false},"excerpt":{"rendered":"<p>Gorro Small Fit Single Haul Trucker Gunmetal Trout La Small Fit Single Haul Trucker Gunmetal Trout est\u00e1 dise\u00f1ada especialmente para quienes buscan un calce m\u00e1s peque\u00f1o sin sacrificar estilo ni funcionalidad. Su dise\u00f1o tipo trucker con panel trasero de malla&hellip;<\/p>\n","protected":false},"featured_media":21970,"comment_status":"closed","ping_status":"closed","template":"","meta":{"_joinchat":[]},"product_brand":[],"product_cat":[459,79,309],"product_tag":[],"class_list":{"0":"post-21969","1":"product","2":"type-product","3":"status-publish","4":"has-post-thumbnail","6":"product_cat-gorros","7":"product_cat-jockeys","8":"product_cat-simms","9":"entry","10":"has-media","12":"first","13":"instock","14":"shipping-taxable","15":"purchasable","16":"product-type-simple","17":"col","18":"wpex-woo-entry","19":"span_1_of_6 span_1_of_3_pp"},"supplier_id":null,"supplier_sku":"","barcode":null,"atum_controlled":true,"out_stock_date":null,"out_stock_threshold":null,"inheritable":false,"inbound_stock":null,"stock_on_hold":null,"sold_today":null,"sales_last_days":null,"reserved_stock":null,"customer_returns":null,"warehouse_damage":null,"lost_in_post":null,"other_logs":null,"out_stock_days":null,"lost_sales":null,"has_location":false,"update_date":"2025-12-15T21:12:29","atum_locations":[],"atum_stock_status":"instock","restock_status":false,"low_stock_amount":"","sales_update_date":"2025-08-08T00:18:10","calc_backorders":null,"_links":{"self":[{"href":"https:\/\/www.flyshop.cl\/TIENDA\/wp-json\/wp\/v2\/product\/21969","targetHints":{"allow":["GET"]}}],"collection":[{"href":"https:\/\/www.flyshop.cl\/TIENDA\/wp-json\/wp\/v2\/product"}],"about":[{"href":"https:\/\/www.flyshop.cl\/TIENDA\/wp-json\/wp\/v2\/types\/product"}],"replies":[{"embeddable":true,"href":"https:\/\/www.flyshop.cl\/TIENDA\/wp-json\/wp\/v2\/comments?post=21969"}],"wp:featuredmedia":[{"embeddable":true,"href":"https:\/\/www.flyshop.cl\/TIENDA\/wp-json\/wp\/v2\/media\/21970"}],"wp:attachment":[{"href":"https:\/\/www.flyshop.cl\/TIENDA\/wp-json\/wp\/v2\/media?parent=21969"}],"wp:term":[{"taxonomy":"product_brand","embeddable":true,"href":"https:\/\/www.flyshop.cl\/TIENDA\/wp-json\/wp\/v2\/product_brand?post=21969"},{"taxonomy":"product_cat","embeddable":true,"href":"https:\/\/www.flyshop.cl\/TIENDA\/wp-json\/wp\/v2\/product_cat?post=21969"},{"taxonomy":"product_tag","embeddable":true,"href":"https:\/\/www.flyshop.cl\/TIENDA\/wp-json\/wp\/v2\/product_tag?post=21969"}],"curies":[{"name":"wp","href":"https:\/\/api.w.org\/{rel}","templated":true}]}}