{"id":21957,"date":"2025-12-15T19:23:32","date_gmt":"2025-12-15T19:23:32","guid":{"rendered":"https:\/\/www.flyshop.cl\/TIENDA\/?post_type=product&#038;p=21957"},"modified":"2026-04-15T14:52:20","modified_gmt":"2026-04-15T14:52:20","slug":"gorro-simms-double-haul-trucker-bimini-blue","status":"publish","type":"product","link":"https:\/\/www.flyshop.cl\/TIENDA\/producto\/gorro-simms-double-haul-trucker-bimini-blue\/","title":{"rendered":"gorro Simms DOUBLE HAUL TRUCKER bimini blue"},"content":{"rendered":"<p data-start=\"116\" data-end=\"157\"><strong data-start=\"116\" data-end=\"157\">Gorro Double Haul Trucker Bimini Blue<\/strong><\/p>\n<p data-start=\"159\" data-end=\"464\">La Double Haul Trucker Bimini Blue combina un dise\u00f1o cl\u00e1sico tipo trucker con ventilaci\u00f3n y comodidad para el uso diario. Su panel trasero de malla favorece la respirabilidad, mientras que su estructura resistente y ajuste regulable la hacen ideal tanto para la ciudad como para actividades al aire libre.<\/p>\n<p data-start=\"466\" data-end=\"486\"><strong data-start=\"466\" data-end=\"486\">Caracter\u00edsticas:<\/strong><\/p>\n<ul data-start=\"487\" data-end=\"703\">\n<li data-start=\"487\" data-end=\"540\">\n<p data-start=\"489\" data-end=\"540\">Dise\u00f1o trucker cl\u00e1sico con panel trasero de malla<\/p>\n<\/li>\n<li data-start=\"541\" data-end=\"588\">\n<p data-start=\"543\" data-end=\"588\">Ventilaci\u00f3n y comodidad durante todo el d\u00eda<\/p>\n<\/li>\n<li data-start=\"589\" data-end=\"632\">\n<p data-start=\"591\" data-end=\"632\">Construcci\u00f3n resistente para uso diario<\/p>\n<\/li>\n<li data-start=\"633\" data-end=\"653\">\n<p data-start=\"635\" data-end=\"653\">Ajuste regulable<\/p>\n<\/li>\n<li data-start=\"654\" data-end=\"703\">\n<p data-start=\"656\" data-end=\"703\">Color Bimini Blue, fresco y f\u00e1cil de combinar<\/p>\n<\/li>\n<\/ul>\n","protected":false},"excerpt":{"rendered":"<p>Gorro Double Haul Trucker Bimini Blue La Double Haul Trucker Bimini Blue combina un dise\u00f1o cl\u00e1sico tipo trucker con ventilaci\u00f3n y comodidad para el uso diario. Su panel trasero de malla favorece la respirabilidad, mientras que su estructura resistente y&hellip;<\/p>\n","protected":false},"featured_media":21958,"comment_status":"closed","ping_status":"closed","template":"","meta":{"_joinchat":[]},"product_brand":[],"product_cat":[459,79,309],"product_tag":[],"class_list":{"0":"post-21957","1":"product","2":"type-product","3":"status-publish","4":"has-post-thumbnail","6":"product_cat-gorros","7":"product_cat-jockeys","8":"product_cat-simms","9":"entry","10":"has-media","12":"first","13":"outofstock","14":"shipping-taxable","15":"purchasable","16":"product-type-simple","17":"col","18":"wpex-woo-entry","19":"span_1_of_6 span_1_of_3_pp"},"supplier_id":null,"supplier_sku":"","barcode":null,"atum_controlled":true,"out_stock_date":"2026-04-15 14:52:20","out_stock_threshold":null,"inheritable":false,"inbound_stock":null,"stock_on_hold":0,"sold_today":0,"sales_last_days":1,"reserved_stock":null,"customer_returns":null,"warehouse_damage":null,"lost_in_post":null,"other_logs":null,"out_stock_days":0,"lost_sales":0,"has_location":false,"update_date":"2026-04-15T14:52:21","atum_locations":[],"atum_stock_status":"outofstock","restock_status":false,"low_stock_amount":"","sales_update_date":"2026-01-19T17:12:56","calc_backorders":null,"_links":{"self":[{"href":"https:\/\/www.flyshop.cl\/TIENDA\/wp-json\/wp\/v2\/product\/21957","targetHints":{"allow":["GET"]}}],"collection":[{"href":"https:\/\/www.flyshop.cl\/TIENDA\/wp-json\/wp\/v2\/product"}],"about":[{"href":"https:\/\/www.flyshop.cl\/TIENDA\/wp-json\/wp\/v2\/types\/product"}],"replies":[{"embeddable":true,"href":"https:\/\/www.flyshop.cl\/TIENDA\/wp-json\/wp\/v2\/comments?post=21957"}],"wp:featuredmedia":[{"embeddable":true,"href":"https:\/\/www.flyshop.cl\/TIENDA\/wp-json\/wp\/v2\/media\/21958"}],"wp:attachment":[{"href":"https:\/\/www.flyshop.cl\/TIENDA\/wp-json\/wp\/v2\/media?parent=21957"}],"wp:term":[{"taxonomy":"product_brand","embeddable":true,"href":"https:\/\/www.flyshop.cl\/TIENDA\/wp-json\/wp\/v2\/product_brand?post=21957"},{"taxonomy":"product_cat","embeddable":true,"href":"https:\/\/www.flyshop.cl\/TIENDA\/wp-json\/wp\/v2\/product_cat?post=21957"},{"taxonomy":"product_tag","embeddable":true,"href":"https:\/\/www.flyshop.cl\/TIENDA\/wp-json\/wp\/v2\/product_tag?post=21957"}],"curies":[{"name":"wp","href":"https:\/\/api.w.org\/{rel}","templated":true}]}}