{"id":21951,"date":"2025-12-15T18:56:29","date_gmt":"2025-12-15T18:56:29","guid":{"rendered":"https:\/\/www.flyshop.cl\/TIENDA\/?post_type=product&#038;p=21951"},"modified":"2026-04-12T01:02:52","modified_gmt":"2026-04-12T01:02:52","slug":"double-haul-cap-black-royal-wulff","status":"publish","type":"product","link":"https:\/\/www.flyshop.cl\/TIENDA\/producto\/double-haul-cap-black-royal-wulff\/","title":{"rendered":"DOUBLE HAUL CAP BLACK ROYAL WULFF"},"content":{"rendered":"<p data-start=\"118\" data-end=\"161\"><strong data-start=\"118\" data-end=\"161\">Gorro Double Haul Cap Black Royal Wulff<\/strong><\/p>\n<p data-start=\"163\" data-end=\"475\">La Double Haul Cap Black Royal Wulff combina un dise\u00f1o cl\u00e1sico con materiales resistentes pensados para el uso diario. Su estilo limpio y vers\u00e1til se adapta tanto a la ciudad como a actividades al aire libre, mientras que su construcci\u00f3n c\u00f3moda y su ajuste regulable aseguran un calce seguro durante todo el d\u00eda.<\/p>\n<p data-start=\"477\" data-end=\"497\"><strong data-start=\"477\" data-end=\"497\">Caracter\u00edsticas:<\/strong><\/p>\n<ul data-start=\"498\" data-end=\"698\">\n<li data-start=\"498\" data-end=\"528\">\n<p data-start=\"500\" data-end=\"528\">Dise\u00f1o cl\u00e1sico y atemporal<\/p>\n<\/li>\n<li data-start=\"529\" data-end=\"565\">\n<p data-start=\"531\" data-end=\"565\">Construcci\u00f3n resistente y c\u00f3moda<\/p>\n<\/li>\n<li data-start=\"566\" data-end=\"606\">\n<p data-start=\"568\" data-end=\"606\">Ajuste regulable para un mejor calce<\/p>\n<\/li>\n<li data-start=\"607\" data-end=\"642\">\n<p data-start=\"609\" data-end=\"642\">Ideal para uso urbano y outdoor<\/p>\n<\/li>\n<li data-start=\"643\" data-end=\"698\">\n<p data-start=\"645\" data-end=\"698\">Color Black Royal Wulff, sobrio y f\u00e1cil de combinar<\/p>\n<\/li>\n<\/ul>\n","protected":false},"excerpt":{"rendered":"<p>Gorro Double Haul Cap Black Royal Wulff La Double Haul Cap Black Royal Wulff combina un dise\u00f1o cl\u00e1sico con materiales resistentes pensados para el uso diario. Su estilo limpio y vers\u00e1til se adapta tanto a la ciudad como a actividades&hellip;<\/p>\n","protected":false},"featured_media":21952,"comment_status":"closed","ping_status":"closed","template":"","meta":{"_joinchat":[]},"product_brand":[],"product_cat":[459],"product_tag":[],"class_list":{"0":"post-21951","1":"product","2":"type-product","3":"status-publish","4":"has-post-thumbnail","6":"product_cat-gorros","7":"entry","8":"has-media","10":"first","11":"outofstock","12":"shipping-taxable","13":"purchasable","14":"product-type-simple","15":"col","16":"wpex-woo-entry","17":"span_1_of_6 span_1_of_3_pp"},"supplier_id":null,"supplier_sku":"","barcode":null,"atum_controlled":true,"out_stock_date":"2026-04-12 01:02:52","out_stock_threshold":null,"inheritable":false,"inbound_stock":null,"stock_on_hold":0,"sold_today":0,"sales_last_days":0,"reserved_stock":null,"customer_returns":null,"warehouse_damage":null,"lost_in_post":null,"other_logs":null,"out_stock_days":18,"lost_sales":89999,"has_location":false,"update_date":"2026-04-30T21:39:15","atum_locations":[],"atum_stock_status":"outofstock","restock_status":false,"low_stock_amount":"","sales_update_date":"2026-04-30T21:39:15","calc_backorders":null,"_links":{"self":[{"href":"https:\/\/www.flyshop.cl\/TIENDA\/wp-json\/wp\/v2\/product\/21951","targetHints":{"allow":["GET"]}}],"collection":[{"href":"https:\/\/www.flyshop.cl\/TIENDA\/wp-json\/wp\/v2\/product"}],"about":[{"href":"https:\/\/www.flyshop.cl\/TIENDA\/wp-json\/wp\/v2\/types\/product"}],"replies":[{"embeddable":true,"href":"https:\/\/www.flyshop.cl\/TIENDA\/wp-json\/wp\/v2\/comments?post=21951"}],"wp:featuredmedia":[{"embeddable":true,"href":"https:\/\/www.flyshop.cl\/TIENDA\/wp-json\/wp\/v2\/media\/21952"}],"wp:attachment":[{"href":"https:\/\/www.flyshop.cl\/TIENDA\/wp-json\/wp\/v2\/media?parent=21951"}],"wp:term":[{"taxonomy":"product_brand","embeddable":true,"href":"https:\/\/www.flyshop.cl\/TIENDA\/wp-json\/wp\/v2\/product_brand?post=21951"},{"taxonomy":"product_cat","embeddable":true,"href":"https:\/\/www.flyshop.cl\/TIENDA\/wp-json\/wp\/v2\/product_cat?post=21951"},{"taxonomy":"product_tag","embeddable":true,"href":"https:\/\/www.flyshop.cl\/TIENDA\/wp-json\/wp\/v2\/product_tag?post=21951"}],"curies":[{"name":"wp","href":"https:\/\/api.w.org\/{rel}","templated":true}]}}