{"id":21945,"date":"2025-12-15T18:50:42","date_gmt":"2025-12-15T18:50:42","guid":{"rendered":"https:\/\/www.flyshop.cl\/TIENDA\/?post_type=product&#038;p=21945"},"modified":"2025-12-15T18:50:42","modified_gmt":"2025-12-15T18:50:42","slug":"double-haul-rope-cap-stonefly","status":"publish","type":"product","link":"https:\/\/www.flyshop.cl\/TIENDA\/producto\/double-haul-rope-cap-stonefly\/","title":{"rendered":"DOUBLE HAUL ROPE CAP STONEFLY"},"content":{"rendered":"<p data-start=\"114\" data-end=\"153\"><strong data-start=\"114\" data-end=\"153\">Gorro Double Haul Rope Cap Stonefly<\/strong><\/p>\n<p data-start=\"155\" data-end=\"502\">La Double Haul Rope Cap Stonefly ofrece un estilo cl\u00e1sico con un toque outdoor. Su dise\u00f1o tipo trucker con cuerda decorativa en la visera aporta personalidad, mientras que su construcci\u00f3n resistente la hace ideal para el uso diario, ya sea en la ciudad o en actividades al aire libre. C\u00f3moda, liviana y con ajuste regulable para un calce perfecto.<\/p>\n<p data-start=\"504\" data-end=\"524\"><strong data-start=\"504\" data-end=\"524\">Caracter\u00edsticas:<\/strong><\/p>\n<ul data-start=\"525\" data-end=\"728\">\n<li data-start=\"525\" data-end=\"578\">\n<p data-start=\"527\" data-end=\"578\">Dise\u00f1o cl\u00e1sico con cuerda decorativa en la visera<\/p>\n<\/li>\n<li data-start=\"579\" data-end=\"622\">\n<p data-start=\"581\" data-end=\"622\">Construcci\u00f3n resistente para uso diario<\/p>\n<\/li>\n<li data-start=\"623\" data-end=\"643\">\n<p data-start=\"625\" data-end=\"643\">Ajuste regulable<\/p>\n<\/li>\n<li data-start=\"644\" data-end=\"681\">\n<p data-start=\"646\" data-end=\"681\">Estilo vers\u00e1til: urbano y outdoor<\/p>\n<\/li>\n<li data-start=\"682\" data-end=\"728\">\n<p data-start=\"684\" data-end=\"728\">Color Stonefly, sobrio y f\u00e1cil de combinar<\/p>\n<\/li>\n<\/ul>\n","protected":false},"excerpt":{"rendered":"<p>Gorro Double Haul Rope Cap Stonefly La Double Haul Rope Cap Stonefly ofrece un estilo cl\u00e1sico con un toque outdoor. Su dise\u00f1o tipo trucker con cuerda decorativa en la visera aporta personalidad, mientras que su construcci\u00f3n resistente la hace ideal&hellip;<\/p>\n","protected":false},"featured_media":21948,"comment_status":"closed","ping_status":"closed","template":"","meta":{"_joinchat":[]},"product_brand":[],"product_cat":[459],"product_tag":[],"class_list":{"0":"post-21945","1":"product","2":"type-product","3":"status-publish","4":"has-post-thumbnail","6":"product_cat-gorros","7":"entry","8":"has-media","10":"first","11":"instock","12":"shipping-taxable","13":"purchasable","14":"product-type-simple","15":"col","16":"wpex-woo-entry","17":"span_1_of_6 span_1_of_3_pp"},"supplier_id":null,"supplier_sku":"","barcode":null,"atum_controlled":true,"out_stock_date":null,"out_stock_threshold":null,"inheritable":false,"inbound_stock":null,"stock_on_hold":null,"sold_today":null,"sales_last_days":null,"reserved_stock":null,"customer_returns":null,"warehouse_damage":null,"lost_in_post":null,"other_logs":null,"out_stock_days":null,"lost_sales":null,"has_location":false,"update_date":"2025-12-15T18:50:44","atum_locations":[],"atum_stock_status":"instock","restock_status":false,"low_stock_amount":"","sales_update_date":null,"calc_backorders":null,"_links":{"self":[{"href":"https:\/\/www.flyshop.cl\/TIENDA\/wp-json\/wp\/v2\/product\/21945","targetHints":{"allow":["GET"]}}],"collection":[{"href":"https:\/\/www.flyshop.cl\/TIENDA\/wp-json\/wp\/v2\/product"}],"about":[{"href":"https:\/\/www.flyshop.cl\/TIENDA\/wp-json\/wp\/v2\/types\/product"}],"replies":[{"embeddable":true,"href":"https:\/\/www.flyshop.cl\/TIENDA\/wp-json\/wp\/v2\/comments?post=21945"}],"wp:featuredmedia":[{"embeddable":true,"href":"https:\/\/www.flyshop.cl\/TIENDA\/wp-json\/wp\/v2\/media\/21948"}],"wp:attachment":[{"href":"https:\/\/www.flyshop.cl\/TIENDA\/wp-json\/wp\/v2\/media?parent=21945"}],"wp:term":[{"taxonomy":"product_brand","embeddable":true,"href":"https:\/\/www.flyshop.cl\/TIENDA\/wp-json\/wp\/v2\/product_brand?post=21945"},{"taxonomy":"product_cat","embeddable":true,"href":"https:\/\/www.flyshop.cl\/TIENDA\/wp-json\/wp\/v2\/product_cat?post=21945"},{"taxonomy":"product_tag","embeddable":true,"href":"https:\/\/www.flyshop.cl\/TIENDA\/wp-json\/wp\/v2\/product_tag?post=21945"}],"curies":[{"name":"wp","href":"https:\/\/api.w.org\/{rel}","templated":true}]}}