{"id":21918,"date":"2025-12-11T16:53:55","date_gmt":"2025-12-11T16:53:55","guid":{"rendered":"https:\/\/www.flyshop.cl\/TIENDA\/?post_type=product&#038;p=21918"},"modified":"2025-12-29T20:04:35","modified_gmt":"2025-12-29T20:04:35","slug":"solarflex-hoody-back-eddy-stone","status":"publish","type":"product","link":"https:\/\/www.flyshop.cl\/TIENDA\/producto\/solarflex-hoody-back-eddy-stone\/","title":{"rendered":"SOLARFLEX HOODY Back Eddy Stone"},"content":{"rendered":"<p>el solarflex hoody ampl\u00eda el rendimiento en los d\u00edas calurosos con una construcci\u00f3n con clasificaci\u00f3n UPF 50+ orientada a la movilidad, protecci\u00f3n solar esencial en el dorso de la mano y un cierre de capucha que bloquea la protecci\u00f3n para viajes en bote a toda velocidad y d\u00edas soleados.<\/p>\n<p>Construido con el tejido de protecci\u00f3n solar de mayor rendimiento de Simms que se siente suave al tacto, se estira para brindar comodidad, se seca r\u00e1pidamente y lo mantiene libre de olores con HeiQ Fresh y HeiQ Stain Away<br \/>\nCapucha de 3 paneles dise\u00f1ada para protegerse del sol y permanecer puesta con ribete el\u00e1stico y cierre a presi\u00f3n<br \/>\nLongitud extendida de la manga con orificios envolventes para los pulgares y un lazo central para el dedo para protecci\u00f3n solar en el dorso de la mano<br \/>\nCombinaci\u00f3n de costuras merrow y construcci\u00f3n de costuras planas para m\u00e1xima comodidad<\/p>\n<p>TECNOLOG\u00cdA DE LA TELA:<\/p>\n<p>Cuerpo: 92 % poli\u00e9ster\/8 % spandex, 143 g\/m\u00b2, tejido de punto sencillo acabado con HeiQ Fresh FFL, MM y Stain Away<\/p>\n<p>ART\u00cdCULO #: PG-13658<\/p>\n","protected":false},"excerpt":{"rendered":"<p>el solarflex hoody ampl\u00eda el rendimiento en los d\u00edas calurosos con una construcci\u00f3n con clasificaci\u00f3n UPF 50+ orientada a la movilidad, protecci\u00f3n solar esencial en el dorso de la mano y un cierre de capucha que bloquea la protecci\u00f3n para&hellip;<\/p>\n","protected":false},"featured_media":21922,"comment_status":"closed","ping_status":"closed","template":"","meta":{"_joinchat":[]},"product_brand":[],"product_cat":[450,451,446,309],"product_tag":[],"class_list":{"0":"post-21918","1":"product","2":"type-product","3":"status-publish","4":"has-post-thumbnail","6":"product_cat-poleras-simms-ropa-hombre","7":"product_cat-primera-capa-simms","8":"product_cat-ropa-hombre","9":"product_cat-simms","10":"entry","11":"has-media","13":"first","14":"instock","15":"shipping-taxable","16":"purchasable","17":"product-type-variable","18":"col","19":"wpex-woo-entry","20":"span_1_of_6 span_1_of_3_pp"},"supplier_id":null,"supplier_sku":"","barcode":null,"atum_controlled":true,"out_stock_date":null,"out_stock_threshold":null,"inheritable":true,"inbound_stock":null,"stock_on_hold":null,"sold_today":null,"sales_last_days":null,"reserved_stock":null,"customer_returns":null,"warehouse_damage":null,"lost_in_post":null,"other_logs":null,"out_stock_days":null,"lost_sales":null,"has_location":false,"update_date":"2025-12-29T20:04:36","atum_locations":[],"atum_stock_status":"instock","restock_status":false,"low_stock_amount":"","sales_update_date":null,"calc_backorders":null,"_links":{"self":[{"href":"https:\/\/www.flyshop.cl\/TIENDA\/wp-json\/wp\/v2\/product\/21918","targetHints":{"allow":["GET"]}}],"collection":[{"href":"https:\/\/www.flyshop.cl\/TIENDA\/wp-json\/wp\/v2\/product"}],"about":[{"href":"https:\/\/www.flyshop.cl\/TIENDA\/wp-json\/wp\/v2\/types\/product"}],"replies":[{"embeddable":true,"href":"https:\/\/www.flyshop.cl\/TIENDA\/wp-json\/wp\/v2\/comments?post=21918"}],"wp:featuredmedia":[{"embeddable":true,"href":"https:\/\/www.flyshop.cl\/TIENDA\/wp-json\/wp\/v2\/media\/21922"}],"wp:attachment":[{"href":"https:\/\/www.flyshop.cl\/TIENDA\/wp-json\/wp\/v2\/media?parent=21918"}],"wp:term":[{"taxonomy":"product_brand","embeddable":true,"href":"https:\/\/www.flyshop.cl\/TIENDA\/wp-json\/wp\/v2\/product_brand?post=21918"},{"taxonomy":"product_cat","embeddable":true,"href":"https:\/\/www.flyshop.cl\/TIENDA\/wp-json\/wp\/v2\/product_cat?post=21918"},{"taxonomy":"product_tag","embeddable":true,"href":"https:\/\/www.flyshop.cl\/TIENDA\/wp-json\/wp\/v2\/product_tag?post=21918"}],"curies":[{"name":"wp","href":"https:\/\/api.w.org\/{rel}","templated":true}]}}