{"id":21785,"date":"2025-11-20T20:47:21","date_gmt":"2025-11-20T20:47:21","guid":{"rendered":"https:\/\/www.flyshop.cl\/TIENDA\/?post_type=product&#038;p=21785"},"modified":"2026-03-30T14:28:53","modified_gmt":"2026-03-30T14:28:53","slug":"yeti-daytrip-3l-insul-lunch-box-navy","status":"publish","type":"product","link":"https:\/\/www.flyshop.cl\/TIENDA\/producto\/yeti-daytrip-3l-insul-lunch-box-navy\/","title":{"rendered":"YETI Daytrip 3L Insul Lunch Box navy"},"content":{"rendered":"<p>Protege tu almuerzo sin importar a d\u00f3nde vayas. Frescura durante horas: el aislamiento ColdCell Flex mantiene cualquier comida a la temperatura perfecta &#8211; YETI Compatible con l\u00e1minas de hielo: alberga perfectamente &#8211; Resistente y fiable: los materiales resistentes a la intemperie proporcionan un refugio seguro para tus provisiones &#8211; Organizaci\u00f3n \u00f3ptima: pr\u00e1cticos bolsillos para utensilios, servilletas o aperitivos de mediod\u00eda<\/p>\n","protected":false},"excerpt":{"rendered":"<p>Protege tu almuerzo sin importar a d\u00f3nde vayas. Frescura durante horas: el aislamiento ColdCell Flex mantiene cualquier comida a la temperatura perfecta &#8211; YETI Compatible con l\u00e1minas de hielo: alberga perfectamente &#8211; Resistente y fiable: los materiales resistentes a la&hellip;<\/p>\n","protected":false},"featured_media":21788,"comment_status":"closed","ping_status":"closed","template":"","meta":{"_joinchat":[]},"product_brand":[],"product_cat":[788],"product_tag":[],"class_list":{"0":"post-21785","1":"product","2":"type-product","3":"status-publish","4":"has-post-thumbnail","6":"product_cat-yeti","7":"entry","8":"has-media","10":"first","11":"outofstock","12":"shipping-taxable","13":"purchasable","14":"product-type-simple","15":"col","16":"wpex-woo-entry","17":"span_1_of_6 span_1_of_3_pp"},"supplier_id":null,"supplier_sku":"","barcode":null,"atum_controlled":true,"out_stock_date":"2026-03-30 14:28:53","out_stock_threshold":null,"inheritable":false,"inbound_stock":null,"stock_on_hold":0,"sold_today":0,"sales_last_days":1,"reserved_stock":null,"customer_returns":null,"warehouse_damage":null,"lost_in_post":null,"other_logs":null,"out_stock_days":0,"lost_sales":0,"has_location":false,"update_date":"2026-03-30T14:28:54","atum_locations":[],"atum_stock_status":"outofstock","restock_status":false,"low_stock_amount":"","sales_update_date":"2025-12-02T21:08:50","calc_backorders":null,"_links":{"self":[{"href":"https:\/\/www.flyshop.cl\/TIENDA\/wp-json\/wp\/v2\/product\/21785","targetHints":{"allow":["GET"]}}],"collection":[{"href":"https:\/\/www.flyshop.cl\/TIENDA\/wp-json\/wp\/v2\/product"}],"about":[{"href":"https:\/\/www.flyshop.cl\/TIENDA\/wp-json\/wp\/v2\/types\/product"}],"replies":[{"embeddable":true,"href":"https:\/\/www.flyshop.cl\/TIENDA\/wp-json\/wp\/v2\/comments?post=21785"}],"wp:featuredmedia":[{"embeddable":true,"href":"https:\/\/www.flyshop.cl\/TIENDA\/wp-json\/wp\/v2\/media\/21788"}],"wp:attachment":[{"href":"https:\/\/www.flyshop.cl\/TIENDA\/wp-json\/wp\/v2\/media?parent=21785"}],"wp:term":[{"taxonomy":"product_brand","embeddable":true,"href":"https:\/\/www.flyshop.cl\/TIENDA\/wp-json\/wp\/v2\/product_brand?post=21785"},{"taxonomy":"product_cat","embeddable":true,"href":"https:\/\/www.flyshop.cl\/TIENDA\/wp-json\/wp\/v2\/product_cat?post=21785"},{"taxonomy":"product_tag","embeddable":true,"href":"https:\/\/www.flyshop.cl\/TIENDA\/wp-json\/wp\/v2\/product_tag?post=21785"}],"curies":[{"name":"wp","href":"https:\/\/api.w.org\/{rel}","templated":true}]}}