{"id":21681,"date":"2025-10-22T21:12:36","date_gmt":"2025-10-22T21:12:36","guid":{"rendered":"https:\/\/www.flyshop.cl\/TIENDA\/?post_type=product&#038;p=21681"},"modified":"2025-12-29T17:25:35","modified_gmt":"2025-12-29T17:25:35","slug":"simms-mens-coldweather-fleece-black","status":"publish","type":"product","link":"https:\/\/www.flyshop.cl\/TIENDA\/producto\/simms-mens-coldweather-fleece-black\/","title":{"rendered":"SIMMS Men&#8217;s Coldweather Fleece BLACK"},"content":{"rendered":"<p data-start=\"0\" data-end=\"208\">El cl\u00e1sico polar de pelo largo con cierre completo nunca pasa de moda. Es tu prenda ideal para los cambiantes d\u00edas de oto\u00f1o, con un corte relajado que se siente c\u00f3modo tanto en la ciudad como en el sendero.<\/p>\n<ul data-start=\"210\" data-end=\"522\">\n<li data-start=\"210\" data-end=\"270\">\n<p data-start=\"212\" data-end=\"270\">Polar de pelo largo con cierre completo y cuello cl\u00e1sico<\/p>\n<\/li>\n<li data-start=\"271\" data-end=\"309\">\n<p data-start=\"273\" data-end=\"309\">Un bolsillo con cierre en el pecho<\/p>\n<\/li>\n<li data-start=\"310\" data-end=\"407\">\n<p data-start=\"312\" data-end=\"407\">Dos bolsillos laterales para las manos y dos bolsillos internos para guardar gorros o guantes<\/p>\n<\/li>\n<li data-start=\"408\" data-end=\"485\">\n<p data-start=\"410\" data-end=\"485\">Dobladillo y pu\u00f1os con ribete de lycra para mayor durabilidad y comodidad<\/p>\n<\/li>\n<li data-start=\"486\" data-end=\"522\">\n<p data-start=\"488\" data-end=\"522\">Corte amplio para m\u00e1ximo confort<\/p>\n<\/li>\n<\/ul>\n<p data-start=\"524\" data-end=\"599\"><strong data-start=\"524\" data-end=\"550\">Tecnolog\u00eda del tejido:<\/strong><br data-start=\"550\" data-end=\"553\" \/>65% Poli\u00e9ster; 35% Poli\u00e9ster Repreve (UNIFI)<\/p>\n<p data-start=\"601\" data-end=\"617\" data-is-last-node=\"\" data-is-only-node=\"\"><strong data-start=\"601\" data-end=\"610\">Peso:<\/strong> Pesado<\/p>\n","protected":false},"excerpt":{"rendered":"<p>El cl\u00e1sico polar de pelo largo con cierre completo nunca pasa de moda. Es tu prenda ideal para los cambiantes d\u00edas de oto\u00f1o, con un corte relajado que se siente c\u00f3modo tanto en la ciudad como en el sendero. Polar&hellip;<\/p>\n","protected":false},"featured_media":21685,"comment_status":"closed","ping_status":"closed","template":"","meta":{"_joinchat":[]},"product_brand":[],"product_cat":[447,446],"product_tag":[],"class_list":{"0":"post-21681","1":"product","2":"type-product","3":"status-publish","4":"has-post-thumbnail","6":"product_cat-parkas-y-polerones","7":"product_cat-ropa-hombre","8":"entry","9":"has-media","11":"first","12":"instock","13":"shipping-taxable","14":"purchasable","15":"product-type-variable","16":"col","17":"wpex-woo-entry","18":"span_1_of_6 span_1_of_3_pp"},"supplier_id":null,"supplier_sku":"","barcode":null,"atum_controlled":true,"out_stock_date":null,"out_stock_threshold":null,"inheritable":true,"inbound_stock":null,"stock_on_hold":null,"sold_today":null,"sales_last_days":null,"reserved_stock":null,"customer_returns":null,"warehouse_damage":null,"lost_in_post":null,"other_logs":null,"out_stock_days":null,"lost_sales":null,"has_location":false,"update_date":"2025-12-29T17:25:36","atum_locations":[],"atum_stock_status":"instock","restock_status":false,"low_stock_amount":"","sales_update_date":null,"calc_backorders":null,"_links":{"self":[{"href":"https:\/\/www.flyshop.cl\/TIENDA\/wp-json\/wp\/v2\/product\/21681","targetHints":{"allow":["GET"]}}],"collection":[{"href":"https:\/\/www.flyshop.cl\/TIENDA\/wp-json\/wp\/v2\/product"}],"about":[{"href":"https:\/\/www.flyshop.cl\/TIENDA\/wp-json\/wp\/v2\/types\/product"}],"replies":[{"embeddable":true,"href":"https:\/\/www.flyshop.cl\/TIENDA\/wp-json\/wp\/v2\/comments?post=21681"}],"wp:featuredmedia":[{"embeddable":true,"href":"https:\/\/www.flyshop.cl\/TIENDA\/wp-json\/wp\/v2\/media\/21685"}],"wp:attachment":[{"href":"https:\/\/www.flyshop.cl\/TIENDA\/wp-json\/wp\/v2\/media?parent=21681"}],"wp:term":[{"taxonomy":"product_brand","embeddable":true,"href":"https:\/\/www.flyshop.cl\/TIENDA\/wp-json\/wp\/v2\/product_brand?post=21681"},{"taxonomy":"product_cat","embeddable":true,"href":"https:\/\/www.flyshop.cl\/TIENDA\/wp-json\/wp\/v2\/product_cat?post=21681"},{"taxonomy":"product_tag","embeddable":true,"href":"https:\/\/www.flyshop.cl\/TIENDA\/wp-json\/wp\/v2\/product_tag?post=21681"}],"curies":[{"name":"wp","href":"https:\/\/api.w.org\/{rel}","templated":true}]}}