{"id":21662,"date":"2025-10-21T20:53:20","date_gmt":"2025-10-21T20:53:20","guid":{"rendered":"https:\/\/www.flyshop.cl\/TIENDA\/?post_type=product&#038;p=21662"},"modified":"2025-10-21T20:58:56","modified_gmt":"2025-10-21T20:58:56","slug":"bajio-caballo-brown-turtle-gloss-copper-glass","status":"publish","type":"product","link":"https:\/\/www.flyshop.cl\/TIENDA\/producto\/bajio-caballo-brown-turtle-gloss-copper-glass\/","title":{"rendered":"BAJIO CABALLO  Brown Turtle Gloss \/Copper GLASS"},"content":{"rendered":"<p data-start=\"0\" data-end=\"215\">Pasa sin esfuerzo de las planicies al festejo con los <strong data-start=\"54\" data-end=\"65\">Caballo<\/strong>. Aunque parecen el alma de la fiesta, su \u00f3ptica excepcional y sus detalles t\u00e9cnicos est\u00e1n listos para enfrentarse hasta a los peces m\u00e1s combativos.<\/p>\n<p data-start=\"217\" data-end=\"478\">Fabricados con un resistente nailon de origen biol\u00f3gico dise\u00f1ado para soportar a\u00f1os de uso intenso, este armaz\u00f3n extragrande cuenta con puntos de contacto flexibles y antideslizantes en la nariz y las patillas, que mantienen las gafas c\u00f3modamente en su lugar.<\/p>\n<p data-start=\"480\" data-end=\"705\" data-is-last-node=\"\" data-is-only-node=\"\">Los lentes polarizados, de alta definici\u00f3n y realce de color de <strong data-start=\"544\" data-end=\"553\">Baj\u00edo<\/strong>, incorporan la tecnolog\u00eda patentada <strong data-start=\"590\" data-end=\"600\">LAPIS\u2122<\/strong>, que reduce la luz azul que fatiga los ojos y mejora tus mejores d\u00edas, tanto dentro como fuera del agua.<\/p>\n<p data-start=\"480\" data-end=\"705\" data-is-last-node=\"\" data-is-only-node=\"\">\n","protected":false},"excerpt":{"rendered":"<p>Pasa sin esfuerzo de las planicies al festejo con los Caballo. Aunque parecen el alma de la fiesta, su \u00f3ptica excepcional y sus detalles t\u00e9cnicos est\u00e1n listos para enfrentarse hasta a los peces m\u00e1s combativos. Fabricados con un resistente nailon&hellip;<\/p>\n","protected":false},"featured_media":21663,"comment_status":"closed","ping_status":"closed","template":"","meta":{"_joinchat":[]},"product_brand":[],"product_cat":[520,786],"product_tag":[],"class_list":{"0":"post-21662","1":"product","2":"type-product","3":"status-publish","4":"has-post-thumbnail","6":"product_cat-anteojos-polarizados","7":"product_cat-bajio","8":"entry","9":"has-media","11":"first","12":"instock","13":"shipping-taxable","14":"purchasable","15":"product-type-simple","16":"col","17":"wpex-woo-entry","18":"span_1_of_6 span_1_of_3_pp"},"supplier_id":null,"supplier_sku":"","barcode":null,"atum_controlled":true,"out_stock_date":null,"out_stock_threshold":null,"inheritable":false,"inbound_stock":null,"stock_on_hold":null,"sold_today":null,"sales_last_days":null,"reserved_stock":null,"customer_returns":null,"warehouse_damage":null,"lost_in_post":null,"other_logs":null,"out_stock_days":null,"lost_sales":null,"has_location":false,"update_date":"2025-10-21T20:58:57","atum_locations":[],"atum_stock_status":"instock","restock_status":false,"low_stock_amount":"","sales_update_date":null,"calc_backorders":null,"_links":{"self":[{"href":"https:\/\/www.flyshop.cl\/TIENDA\/wp-json\/wp\/v2\/product\/21662","targetHints":{"allow":["GET"]}}],"collection":[{"href":"https:\/\/www.flyshop.cl\/TIENDA\/wp-json\/wp\/v2\/product"}],"about":[{"href":"https:\/\/www.flyshop.cl\/TIENDA\/wp-json\/wp\/v2\/types\/product"}],"replies":[{"embeddable":true,"href":"https:\/\/www.flyshop.cl\/TIENDA\/wp-json\/wp\/v2\/comments?post=21662"}],"wp:featuredmedia":[{"embeddable":true,"href":"https:\/\/www.flyshop.cl\/TIENDA\/wp-json\/wp\/v2\/media\/21663"}],"wp:attachment":[{"href":"https:\/\/www.flyshop.cl\/TIENDA\/wp-json\/wp\/v2\/media?parent=21662"}],"wp:term":[{"taxonomy":"product_brand","embeddable":true,"href":"https:\/\/www.flyshop.cl\/TIENDA\/wp-json\/wp\/v2\/product_brand?post=21662"},{"taxonomy":"product_cat","embeddable":true,"href":"https:\/\/www.flyshop.cl\/TIENDA\/wp-json\/wp\/v2\/product_cat?post=21662"},{"taxonomy":"product_tag","embeddable":true,"href":"https:\/\/www.flyshop.cl\/TIENDA\/wp-json\/wp\/v2\/product_tag?post=21662"}],"curies":[{"name":"wp","href":"https:\/\/api.w.org\/{rel}","templated":true}]}}