{"id":21545,"date":"2025-10-01T13:32:49","date_gmt":"2025-10-01T13:32:49","guid":{"rendered":"https:\/\/www.flyshop.cl\/TIENDA\/?post_type=product&#038;p=21545"},"modified":"2025-12-15T18:29:36","modified_gmt":"2025-12-15T18:29:36","slug":"double-haul-tech-trucker-simms-orange","status":"publish","type":"product","link":"https:\/\/www.flyshop.cl\/TIENDA\/producto\/double-haul-tech-trucker-simms-orange\/","title":{"rendered":"DOUBLE HAUL TECH TRUCKER simms orange"},"content":{"rendered":"<p data-start=\"58\" data-end=\"238\"><strong data-start=\"58\" data-end=\"238\">Confeccionada con un tejido perforado y altamente transpirable, la gorra <em data-start=\"133\" data-end=\"159\">Double Haul Tech Trucker<\/em> ofrece un estilo fresco y un rendimiento \u00f3ptimo para los d\u00edas m\u00e1s calurosos.<\/strong><\/p>\n<p data-start=\"240\" data-end=\"260\"><strong data-start=\"240\" data-end=\"260\">Caracter\u00edsticas:<\/strong><\/p>\n<ul data-start=\"262\" data-end=\"546\">\n<li data-start=\"262\" data-end=\"373\">\n<p data-start=\"264\" data-end=\"373\">Corona de sarga el\u00e1stica que absorbe la humedad, con panel trasero cortado con l\u00e1ser para mayor ventilaci\u00f3n<\/p>\n<\/li>\n<li data-start=\"374\" data-end=\"442\">\n<p data-start=\"376\" data-end=\"442\">Cierre trasero ajustable tipo <em data-start=\"406\" data-end=\"416\">snapback<\/em> para un ajuste perfecto<\/p>\n<\/li>\n<li data-start=\"443\" data-end=\"493\">\n<p data-start=\"445\" data-end=\"493\">Banda interna que absorbe y expulsa la humedad<\/p>\n<\/li>\n<li data-start=\"494\" data-end=\"524\">\n<p data-start=\"496\" data-end=\"524\">Ajuste de la corona: Medio<\/p>\n<\/li>\n<li data-start=\"525\" data-end=\"546\">\n<p data-start=\"527\" data-end=\"546\">Peso: 80 g (2.8 oz)<\/p>\n<\/li>\n<\/ul>\n","protected":false},"excerpt":{"rendered":"<p>Confeccionada con un tejido perforado y altamente transpirable, la gorra Double Haul Tech Trucker ofrece un estilo fresco y un rendimiento \u00f3ptimo para los d\u00edas m\u00e1s calurosos. Caracter\u00edsticas: Corona de sarga el\u00e1stica que absorbe la humedad, con panel trasero cortado&hellip;<\/p>\n","protected":false},"featured_media":21543,"comment_status":"closed","ping_status":"closed","template":"","meta":{"_joinchat":[]},"product_brand":[],"product_cat":[459],"product_tag":[],"class_list":{"0":"post-21545","1":"product","2":"type-product","3":"status-publish","4":"has-post-thumbnail","6":"product_cat-gorros","7":"entry","8":"has-media","10":"first","11":"instock","12":"shipping-taxable","13":"purchasable","14":"product-type-simple","15":"col","16":"wpex-woo-entry","17":"span_1_of_6 span_1_of_3_pp"},"supplier_id":null,"supplier_sku":"","barcode":null,"atum_controlled":true,"out_stock_date":null,"out_stock_threshold":null,"inheritable":false,"inbound_stock":null,"stock_on_hold":null,"sold_today":null,"sales_last_days":null,"reserved_stock":null,"customer_returns":null,"warehouse_damage":null,"lost_in_post":null,"other_logs":null,"out_stock_days":0,"lost_sales":null,"has_location":false,"update_date":"2025-12-15T18:29:37","atum_locations":[],"atum_stock_status":"instock","restock_status":false,"low_stock_amount":"","sales_update_date":null,"calc_backorders":null,"_links":{"self":[{"href":"https:\/\/www.flyshop.cl\/TIENDA\/wp-json\/wp\/v2\/product\/21545","targetHints":{"allow":["GET"]}}],"collection":[{"href":"https:\/\/www.flyshop.cl\/TIENDA\/wp-json\/wp\/v2\/product"}],"about":[{"href":"https:\/\/www.flyshop.cl\/TIENDA\/wp-json\/wp\/v2\/types\/product"}],"replies":[{"embeddable":true,"href":"https:\/\/www.flyshop.cl\/TIENDA\/wp-json\/wp\/v2\/comments?post=21545"}],"wp:featuredmedia":[{"embeddable":true,"href":"https:\/\/www.flyshop.cl\/TIENDA\/wp-json\/wp\/v2\/media\/21543"}],"wp:attachment":[{"href":"https:\/\/www.flyshop.cl\/TIENDA\/wp-json\/wp\/v2\/media?parent=21545"}],"wp:term":[{"taxonomy":"product_brand","embeddable":true,"href":"https:\/\/www.flyshop.cl\/TIENDA\/wp-json\/wp\/v2\/product_brand?post=21545"},{"taxonomy":"product_cat","embeddable":true,"href":"https:\/\/www.flyshop.cl\/TIENDA\/wp-json\/wp\/v2\/product_cat?post=21545"},{"taxonomy":"product_tag","embeddable":true,"href":"https:\/\/www.flyshop.cl\/TIENDA\/wp-json\/wp\/v2\/product_tag?post=21545"}],"curies":[{"name":"wp","href":"https:\/\/api.w.org\/{rel}","templated":true}]}}