{"id":21518,"date":"2025-09-26T14:44:26","date_gmt":"2025-09-26T14:44:26","guid":{"rendered":"https:\/\/www.flyshop.cl\/TIENDA\/?post_type=product&#038;p=21518"},"modified":"2026-02-13T20:27:46","modified_gmt":"2026-02-13T20:27:46","slug":"simms-zinger","status":"publish","type":"product","link":"https:\/\/www.flyshop.cl\/TIENDA\/producto\/simms-zinger\/","title":{"rendered":"SIMMS ZINGER"},"content":{"rendered":"<p data-start=\"0\" data-end=\"213\">Mant\u00e9n al alcance alicates, hemostatos y otros utensilios indispensables para la pesca con el Zinger, que utiliza un sistema de sujeci\u00f3n con mosquet\u00f3n para ser compatible con tus mochilas, bolsas y botas de pesca.<\/p>\n<ul data-start=\"215\" data-end=\"488\">\n<li data-start=\"215\" data-end=\"312\">\n<p data-start=\"217\" data-end=\"312\">Cord\u00f3n de Spectra\/nylon dentro de una carcasa de pl\u00e1stico con mosquet\u00f3n para un r\u00e1pido enganche<\/p>\n<\/li>\n<li data-start=\"313\" data-end=\"453\">\n<p data-start=\"315\" data-end=\"453\">Clip principal estilo mosquet\u00f3n grande y anillo dividido en el extremo del cord\u00f3n, que permite la sujeci\u00f3n segura de diversas herramientas<\/p>\n<\/li>\n<li data-start=\"454\" data-end=\"488\">\n<p data-start=\"456\" data-end=\"488\">Longitud del cord\u00f3n: 33&#8243; (84 cm)<\/p>\n<\/li>\n<\/ul>\n<p data-start=\"490\" data-end=\"507\">ESPECIFICACIONES:<\/p>\n<ul data-start=\"509\" data-end=\"563\">\n<li data-start=\"509\" data-end=\"523\">\n<p data-start=\"511\" data-end=\"523\">PESO: 0.8 oz<\/p>\n<\/li>\n<li data-start=\"524\" data-end=\"563\">\n<p data-start=\"526\" data-end=\"563\">LONGITUD: 33&#8243; completamente extendido<\/p>\n<\/li>\n<\/ul>\n","protected":false},"excerpt":{"rendered":"<p>Mant\u00e9n al alcance alicates, hemostatos y otros utensilios indispensables para la pesca con el Zinger, que utiliza un sistema de sujeci\u00f3n con mosquet\u00f3n para ser compatible con tus mochilas, bolsas y botas de pesca. Cord\u00f3n de Spectra\/nylon dentro de una&hellip;<\/p>\n","protected":false},"featured_media":21519,"comment_status":"closed","ping_status":"closed","template":"","meta":{"_joinchat":[]},"product_brand":[],"product_cat":[296,156],"product_tag":[],"class_list":{"0":"post-21518","1":"product","2":"type-product","3":"status-publish","4":"has-post-thumbnail","6":"product_cat-accesorios-simms","7":"product_cat-pinzas-alicates-y-nippers","8":"entry","9":"has-media","11":"first","12":"outofstock","13":"shipping-taxable","14":"purchasable","15":"product-type-simple","16":"col","17":"wpex-woo-entry","18":"span_1_of_6 span_1_of_3_pp"},"supplier_id":null,"supplier_sku":"","barcode":null,"atum_controlled":true,"out_stock_date":"2026-02-13 20:27:46","out_stock_threshold":null,"inheritable":false,"inbound_stock":null,"stock_on_hold":0,"sold_today":0,"sales_last_days":1,"reserved_stock":null,"customer_returns":null,"warehouse_damage":null,"lost_in_post":null,"other_logs":null,"out_stock_days":0,"lost_sales":0,"has_location":false,"update_date":"2026-02-13T20:27:48","atum_locations":[],"atum_stock_status":"outofstock","restock_status":false,"low_stock_amount":"","sales_update_date":"2025-11-15T13:36:53","calc_backorders":null,"_links":{"self":[{"href":"https:\/\/www.flyshop.cl\/TIENDA\/wp-json\/wp\/v2\/product\/21518","targetHints":{"allow":["GET"]}}],"collection":[{"href":"https:\/\/www.flyshop.cl\/TIENDA\/wp-json\/wp\/v2\/product"}],"about":[{"href":"https:\/\/www.flyshop.cl\/TIENDA\/wp-json\/wp\/v2\/types\/product"}],"replies":[{"embeddable":true,"href":"https:\/\/www.flyshop.cl\/TIENDA\/wp-json\/wp\/v2\/comments?post=21518"}],"wp:featuredmedia":[{"embeddable":true,"href":"https:\/\/www.flyshop.cl\/TIENDA\/wp-json\/wp\/v2\/media\/21519"}],"wp:attachment":[{"href":"https:\/\/www.flyshop.cl\/TIENDA\/wp-json\/wp\/v2\/media?parent=21518"}],"wp:term":[{"taxonomy":"product_brand","embeddable":true,"href":"https:\/\/www.flyshop.cl\/TIENDA\/wp-json\/wp\/v2\/product_brand?post=21518"},{"taxonomy":"product_cat","embeddable":true,"href":"https:\/\/www.flyshop.cl\/TIENDA\/wp-json\/wp\/v2\/product_cat?post=21518"},{"taxonomy":"product_tag","embeddable":true,"href":"https:\/\/www.flyshop.cl\/TIENDA\/wp-json\/wp\/v2\/product_tag?post=21518"}],"curies":[{"name":"wp","href":"https:\/\/api.w.org\/{rel}","templated":true}]}}