{"id":21405,"date":"2025-08-04T16:27:59","date_gmt":"2025-08-04T16:27:59","guid":{"rendered":"https:\/\/www.flyshop.cl\/TIENDA\/?post_type=product&#038;p=21405"},"modified":"2025-11-27T03:30:54","modified_gmt":"2025-11-27T03:30:54","slug":"simms-coldweather-cap-loden","status":"publish","type":"product","link":"https:\/\/www.flyshop.cl\/TIENDA\/producto\/simms-coldweather-cap-loden\/","title":{"rendered":"simms coldweather cap loden"},"content":{"rendered":"<p data-start=\"51\" data-end=\"207\">Dise\u00f1ada para el rendimiento pero con estilo para el uso diario, la <strong data-start=\"119\" data-end=\"140\">Gorra Coldweather<\/strong> es tu aliada ideal en climas adversos, sin importar a d\u00f3nde vayas.<\/p>\n<ul data-start=\"209\" data-end=\"506\">\n<li data-start=\"209\" data-end=\"314\">\n<p data-start=\"211\" data-end=\"314\">Exterior de mezcla de poli\u00e9ster y lana, con forro interior de sherpa de poli\u00e9ster para m\u00e1xima calidez<\/p>\n<\/li>\n<li data-start=\"315\" data-end=\"396\">\n<p data-start=\"317\" data-end=\"396\">Orejeras convertibles que se pueden guardar con botones de presi\u00f3n integrados<\/p>\n<\/li>\n<li data-start=\"397\" data-end=\"447\">\n<p data-start=\"399\" data-end=\"447\">Visera de cuero que aporta un estilo atemporal<\/p>\n<\/li>\n<li data-start=\"448\" data-end=\"490\">\n<p data-start=\"450\" data-end=\"490\">Talla \u00fanica que se adapta a la mayor\u00eda<\/p>\n<\/li>\n<li data-start=\"491\" data-end=\"506\">\n<p data-start=\"493\" data-end=\"506\">Corona baja<\/p>\n<\/li>\n<\/ul>\n<p data-start=\"508\" data-end=\"534\"><strong data-start=\"508\" data-end=\"534\">TECNOLOG\u00cdA DE LA TELA:<\/strong><\/p>\n<ul data-start=\"536\" data-end=\"613\">\n<li data-start=\"536\" data-end=\"578\">\n<p data-start=\"538\" data-end=\"578\">Tela exterior: 50% lana, 50% poli\u00e9ster<\/p>\n<\/li>\n<li data-start=\"579\" data-end=\"613\">\n<p data-start=\"581\" data-end=\"613\">Forro interior: 100% poli\u00e9ster<\/p>\n<\/li>\n<\/ul>\n","protected":false},"excerpt":{"rendered":"<p>Dise\u00f1ada para el rendimiento pero con estilo para el uso diario, la Gorra Coldweather es tu aliada ideal en climas adversos, sin importar a d\u00f3nde vayas. Exterior de mezcla de poli\u00e9ster y lana, con forro interior de sherpa de poli\u00e9ster&hellip;<\/p>\n","protected":false},"featured_media":21410,"comment_status":"closed","ping_status":"closed","template":"","meta":{"_joinchat":[]},"product_brand":[],"product_cat":[459],"product_tag":[],"class_list":{"0":"post-21405","1":"product","2":"type-product","3":"status-publish","4":"has-post-thumbnail","6":"product_cat-gorros","7":"entry","8":"has-media","10":"first","11":"outofstock","12":"shipping-taxable","13":"product-type-variable","14":"col","15":"wpex-woo-entry","16":"span_1_of_6 span_1_of_3_pp"},"supplier_id":null,"supplier_sku":"","barcode":null,"atum_controlled":true,"out_stock_date":null,"out_stock_threshold":null,"inheritable":true,"inbound_stock":null,"stock_on_hold":0,"sold_today":0,"sales_last_days":1,"reserved_stock":null,"customer_returns":null,"warehouse_damage":null,"lost_in_post":null,"other_logs":null,"out_stock_days":null,"lost_sales":0,"has_location":false,"update_date":"2025-12-02T17:08:46","atum_locations":[],"atum_stock_status":"instock","restock_status":false,"low_stock_amount":"","sales_update_date":null,"calc_backorders":null,"_links":{"self":[{"href":"https:\/\/www.flyshop.cl\/TIENDA\/wp-json\/wp\/v2\/product\/21405","targetHints":{"allow":["GET"]}}],"collection":[{"href":"https:\/\/www.flyshop.cl\/TIENDA\/wp-json\/wp\/v2\/product"}],"about":[{"href":"https:\/\/www.flyshop.cl\/TIENDA\/wp-json\/wp\/v2\/types\/product"}],"replies":[{"embeddable":true,"href":"https:\/\/www.flyshop.cl\/TIENDA\/wp-json\/wp\/v2\/comments?post=21405"}],"wp:featuredmedia":[{"embeddable":true,"href":"https:\/\/www.flyshop.cl\/TIENDA\/wp-json\/wp\/v2\/media\/21410"}],"wp:attachment":[{"href":"https:\/\/www.flyshop.cl\/TIENDA\/wp-json\/wp\/v2\/media?parent=21405"}],"wp:term":[{"taxonomy":"product_brand","embeddable":true,"href":"https:\/\/www.flyshop.cl\/TIENDA\/wp-json\/wp\/v2\/product_brand?post=21405"},{"taxonomy":"product_cat","embeddable":true,"href":"https:\/\/www.flyshop.cl\/TIENDA\/wp-json\/wp\/v2\/product_cat?post=21405"},{"taxonomy":"product_tag","embeddable":true,"href":"https:\/\/www.flyshop.cl\/TIENDA\/wp-json\/wp\/v2\/product_tag?post=21405"}],"curies":[{"name":"wp","href":"https:\/\/api.w.org\/{rel}","templated":true}]}}