{"id":21344,"date":"2025-06-30T19:23:32","date_gmt":"2025-06-30T19:23:32","guid":{"rendered":"https:\/\/www.flyshop.cl\/TIENDA\/?post_type=product&#038;p=21344"},"modified":"2025-12-19T02:11:16","modified_gmt":"2025-12-19T02:11:16","slug":"sungaiter-bimini-blue","status":"publish","type":"product","link":"https:\/\/www.flyshop.cl\/TIENDA\/producto\/sungaiter-bimini-blue\/","title":{"rendered":"SUNGAITER BIMINI BLUE"},"content":{"rendered":"<p data-start=\"58\" data-end=\"669\"><strong data-start=\"58\" data-end=\"120\">Cielos azules y playas de arena te llaman en los tr\u00f3picos.<\/strong> Pasar un d\u00eda completo bajo el sol exige mayor protecci\u00f3n. El <strong data-start=\"182\" data-end=\"202\">Simms SunGaiter\u2122<\/strong> te ayuda a pasar m\u00e1s tiempo en el agua con menos exposici\u00f3n solar. Confeccionado en una tela liviana, el\u00e1stica y de secado r\u00e1pido, incluye orificios de respiraci\u00f3n cortados con l\u00e1ser para evitar la sensaci\u00f3n de llevar un pasamonta\u00f1as. El tejido <strong data-start=\"448\" data-end=\"462\">SolarFlex\u00ae<\/strong> ofrece protecci\u00f3n solar UPF 50+ y cubre desde la parte superior de la nariz hasta el cuello de tu camisa, con la altura suficiente en la parte trasera para colocarlo sobre o bajo tu gorro de pesca favorito.<\/p>\n<ul data-start=\"671\" data-end=\"807\">\n<li data-start=\"671\" data-end=\"730\">\n<p data-start=\"673\" data-end=\"730\">Tela el\u00e1stica, liviana, transpirable y de secado r\u00e1pido<\/p>\n<\/li>\n<li data-start=\"731\" data-end=\"778\">\n<p data-start=\"733\" data-end=\"778\">Orificios de respiraci\u00f3n cortados con l\u00e1ser<\/p>\n<\/li>\n<li data-start=\"779\" data-end=\"807\">\n<p data-start=\"781\" data-end=\"807\">Protecci\u00f3n solar UPF 50+<\/p>\n<\/li>\n<\/ul>\n<p data-start=\"809\" data-end=\"920\"><strong data-start=\"809\" data-end=\"833\">TECNOLOG\u00cdA DE TELAS:<\/strong> Tela el\u00e1stica <strong data-start=\"848\" data-end=\"862\">SolarFlex\u00ae<\/strong>: 92 % poli\u00e9ster \/ 8 % spandex<br data-start=\"892\" data-end=\"895\" \/><strong data-start=\"895\" data-end=\"904\">PESO:<\/strong> 45,4 g (1.6 oz)<\/p>\n","protected":false},"excerpt":{"rendered":"<p>Cielos azules y playas de arena te llaman en los tr\u00f3picos. Pasar un d\u00eda completo bajo el sol exige mayor protecci\u00f3n. El Simms SunGaiter\u2122 te ayuda a pasar m\u00e1s tiempo en el agua con menos exposici\u00f3n solar. Confeccionado en una&hellip;<\/p>\n","protected":false},"featured_media":21345,"comment_status":"closed","ping_status":"closed","template":"","meta":{"_joinchat":[]},"product_brand":[],"product_cat":[453],"product_tag":[],"class_list":{"0":"post-21344","1":"product","2":"type-product","3":"status-publish","4":"has-post-thumbnail","6":"product_cat-cabeza-cuello-accesorios-outdoor","7":"entry","8":"has-media","10":"first","11":"instock","12":"shipping-taxable","13":"purchasable","14":"product-type-simple","15":"col","16":"wpex-woo-entry","17":"span_1_of_6 span_1_of_3_pp"},"supplier_id":null,"supplier_sku":"","barcode":null,"atum_controlled":true,"out_stock_date":null,"out_stock_threshold":null,"inheritable":false,"inbound_stock":null,"stock_on_hold":0,"sold_today":1,"sales_last_days":1,"reserved_stock":null,"customer_returns":null,"warehouse_damage":null,"lost_in_post":null,"other_logs":null,"out_stock_days":0,"lost_sales":0,"has_location":false,"update_date":"2025-12-19T13:32:14","atum_locations":[],"atum_stock_status":"instock","restock_status":false,"low_stock_amount":"","sales_update_date":"2025-12-19T13:32:13","calc_backorders":null,"_links":{"self":[{"href":"https:\/\/www.flyshop.cl\/TIENDA\/wp-json\/wp\/v2\/product\/21344","targetHints":{"allow":["GET"]}}],"collection":[{"href":"https:\/\/www.flyshop.cl\/TIENDA\/wp-json\/wp\/v2\/product"}],"about":[{"href":"https:\/\/www.flyshop.cl\/TIENDA\/wp-json\/wp\/v2\/types\/product"}],"replies":[{"embeddable":true,"href":"https:\/\/www.flyshop.cl\/TIENDA\/wp-json\/wp\/v2\/comments?post=21344"}],"wp:featuredmedia":[{"embeddable":true,"href":"https:\/\/www.flyshop.cl\/TIENDA\/wp-json\/wp\/v2\/media\/21345"}],"wp:attachment":[{"href":"https:\/\/www.flyshop.cl\/TIENDA\/wp-json\/wp\/v2\/media?parent=21344"}],"wp:term":[{"taxonomy":"product_brand","embeddable":true,"href":"https:\/\/www.flyshop.cl\/TIENDA\/wp-json\/wp\/v2\/product_brand?post=21344"},{"taxonomy":"product_cat","embeddable":true,"href":"https:\/\/www.flyshop.cl\/TIENDA\/wp-json\/wp\/v2\/product_cat?post=21344"},{"taxonomy":"product_tag","embeddable":true,"href":"https:\/\/www.flyshop.cl\/TIENDA\/wp-json\/wp\/v2\/product_tag?post=21344"}],"curies":[{"name":"wp","href":"https:\/\/api.w.org\/{rel}","templated":true}]}}