{"id":21326,"date":"2025-06-30T19:16:30","date_gmt":"2025-06-30T19:16:30","guid":{"rendered":"https:\/\/www.flyshop.cl\/TIENDA\/?post_type=product&#038;p=21326"},"modified":"2025-12-17T20:18:07","modified_gmt":"2025-12-17T20:18:07","slug":"solarflex-sunglove-sterling","status":"publish","type":"product","link":"https:\/\/www.flyshop.cl\/TIENDA\/producto\/solarflex-sunglove-sterling\/","title":{"rendered":"SOLARFLEX SUNGLOVE STERLING"},"content":{"rendered":"<p data-start=\"65\" data-end=\"164\"><strong data-start=\"65\" data-end=\"164\">Guantes livianos que ampl\u00edan lo que tus manos pueden soportar, sin limitar lo que pueden hacer.<\/strong><\/p>\n<ul data-start=\"166\" data-end=\"347\">\n<li data-start=\"166\" data-end=\"190\">\n<p data-start=\"168\" data-end=\"190\">Dise\u00f1o de medio dedo<\/p>\n<\/li>\n<li data-start=\"191\" data-end=\"234\">\n<p data-start=\"193\" data-end=\"234\">Largo extendido para cubrir las mu\u00f1ecas<\/p>\n<\/li>\n<li data-start=\"235\" data-end=\"279\">\n<p data-start=\"237\" data-end=\"279\">Protecci\u00f3n incorporada para el stripping<\/p>\n<\/li>\n<li data-start=\"280\" data-end=\"318\">\n<p data-start=\"282\" data-end=\"318\">Broches para mantener el par unido<\/p>\n<\/li>\n<li data-start=\"319\" data-end=\"347\">\n<p data-start=\"321\" data-end=\"347\">Protecci\u00f3n solar UPF 50+<\/p>\n<\/li>\n<\/ul>\n<p data-start=\"349\" data-end=\"469\"><strong data-start=\"349\" data-end=\"373\">TECNOLOG\u00cdA DE TELAS:<\/strong><br data-start=\"373\" data-end=\"376\" \/><strong data-start=\"376\" data-end=\"391\">SolarFlex\u00ae:<\/strong> 92 % poli\u00e9ster \/ 8 % spandex; refuerzos de gamuza en los dedos \u00edndice y medio<\/p>\n<h3 data-start=\"116\" data-end=\"155\"><strong data-start=\"120\" data-end=\"155\">Tabla de Tallas \u2013 Guantes SIMMS<\/strong><\/h3>\n<div class=\"_tableContainer_16hzy_1\">\n<div class=\"_tableWrapper_16hzy_14 group flex w-fit flex-col-reverse\" tabindex=\"-1\">\n<p><img loading=\"lazy\" decoding=\"async\" class=\"alignnone  wp-image-21335\" src=\"https:\/\/www.flyshop.cl\/TIENDA\/wp-content\/uploads\/2025\/06\/SizeChart_HandSizeImage-01_480x480-300x300.webp\" alt=\"\" width=\"419\" height=\"419\" srcset=\"https:\/\/www.flyshop.cl\/TIENDA\/wp-content\/uploads\/2025\/06\/SizeChart_HandSizeImage-01_480x480-300x300.webp 300w, https:\/\/www.flyshop.cl\/TIENDA\/wp-content\/uploads\/2025\/06\/SizeChart_HandSizeImage-01_480x480-150x150.webp 150w, https:\/\/www.flyshop.cl\/TIENDA\/wp-content\/uploads\/2025\/06\/SizeChart_HandSizeImage-01_480x480-100x100.webp 100w, https:\/\/www.flyshop.cl\/TIENDA\/wp-content\/uploads\/2025\/06\/SizeChart_HandSizeImage-01_480x480.webp 480w\" sizes=\"auto, (max-width: 419px) 100vw, 419px\" \/><\/p>\n<table class=\"w-fit min-w-(--thread-content-width)\" data-start=\"157\" data-end=\"667\">\n<thead data-start=\"157\" data-end=\"219\">\n<tr data-start=\"157\" data-end=\"219\">\n<th data-start=\"157\" data-end=\"175\" data-col-size=\"sm\"><strong data-start=\"159\" data-end=\"174\">Talla SIMMS<\/strong><\/th>\n<th data-start=\"175\" data-end=\"201\" data-col-size=\"sm\"><strong data-start=\"177\" data-end=\"200\">Circunferencia (cm)<\/strong><\/th>\n<th data-start=\"201\" data-end=\"219\" data-col-size=\"sm\"><strong data-start=\"203\" data-end=\"217\">Largo (cm)<\/strong><\/th>\n<\/tr>\n<\/thead>\n<tbody data-start=\"284\" data-end=\"667\">\n<tr data-start=\"284\" data-end=\"347\">\n<td data-start=\"284\" data-end=\"302\" data-col-size=\"sm\"><strong data-start=\"286\" data-end=\"292\">XS<\/strong><\/td>\n<td data-col-size=\"sm\" data-start=\"302\" data-end=\"329\">18 &#8211; 19<\/td>\n<td data-col-size=\"sm\" data-start=\"329\" data-end=\"347\">16 &#8211; 17<\/td>\n<\/tr>\n<tr data-start=\"348\" data-end=\"411\">\n<td data-start=\"348\" data-end=\"366\" data-col-size=\"sm\"><strong data-start=\"350\" data-end=\"355\">S<\/strong><\/td>\n<td data-col-size=\"sm\" data-start=\"366\" data-end=\"393\">19 &#8211; 21<\/td>\n<td data-col-size=\"sm\" data-start=\"393\" data-end=\"411\">17 &#8211; 19<\/td>\n<\/tr>\n<tr data-start=\"412\" data-end=\"475\">\n<td data-start=\"412\" data-end=\"430\" data-col-size=\"sm\"><strong data-start=\"414\" data-end=\"419\">M<\/strong><\/td>\n<td data-col-size=\"sm\" data-start=\"430\" data-end=\"457\">21 &#8211; 22<\/td>\n<td data-col-size=\"sm\" data-start=\"457\" data-end=\"475\">19 &#8211; 20<\/td>\n<\/tr>\n<tr data-start=\"476\" data-end=\"539\">\n<td data-start=\"476\" data-end=\"494\" data-col-size=\"sm\"><strong data-start=\"478\" data-end=\"483\">L<\/strong><\/td>\n<td data-col-size=\"sm\" data-start=\"494\" data-end=\"521\">22 &#8211; 24<\/td>\n<td data-col-size=\"sm\" data-start=\"521\" data-end=\"539\">20 &#8211; 21<\/td>\n<\/tr>\n<tr data-start=\"540\" data-end=\"603\">\n<td data-start=\"540\" data-end=\"558\" data-col-size=\"sm\"><strong data-start=\"542\" data-end=\"548\">XL<\/strong><\/td>\n<td data-col-size=\"sm\" data-start=\"558\" data-end=\"585\">24 &#8211; 26<\/td>\n<td data-col-size=\"sm\" data-start=\"585\" data-end=\"603\">21 &#8211; 23<\/td>\n<\/tr>\n<tr data-start=\"604\" data-end=\"667\">\n<td data-start=\"604\" data-end=\"622\" data-col-size=\"sm\"><strong data-start=\"606\" data-end=\"613\">2XL<\/strong><\/td>\n<td data-col-size=\"sm\" data-start=\"622\" data-end=\"649\">26+<\/td>\n<td data-col-size=\"sm\" data-start=\"649\" data-end=\"667\">23+<\/td>\n<\/tr>\n<\/tbody>\n<\/table>\n<\/div>\n<\/div>\n","protected":false},"excerpt":{"rendered":"<p>Guantes livianos que ampl\u00edan lo que tus manos pueden soportar, sin limitar lo que pueden hacer. Dise\u00f1o de medio dedo Largo extendido para cubrir las mu\u00f1ecas Protecci\u00f3n incorporada para el stripping Broches para mantener el par unido Protecci\u00f3n solar UPF&hellip;<\/p>\n","protected":false},"featured_media":21332,"comment_status":"closed","ping_status":"closed","template":"","meta":{"_joinchat":[]},"product_brand":[],"product_cat":[454],"product_tag":[],"class_list":{"0":"post-21326","1":"product","2":"type-product","3":"status-publish","4":"has-post-thumbnail","6":"product_cat-guantes-simms","7":"entry","8":"has-media","10":"first","11":"instock","12":"shipping-taxable","13":"purchasable","14":"product-type-variable","15":"col","16":"wpex-woo-entry","17":"span_1_of_6 span_1_of_3_pp"},"supplier_id":null,"supplier_sku":"","barcode":null,"atum_controlled":true,"out_stock_date":null,"out_stock_threshold":null,"inheritable":true,"inbound_stock":null,"stock_on_hold":0,"sold_today":0,"sales_last_days":1,"reserved_stock":null,"customer_returns":null,"warehouse_damage":null,"lost_in_post":null,"other_logs":null,"out_stock_days":null,"lost_sales":0,"has_location":false,"update_date":"2025-12-23T14:40:14","atum_locations":[],"atum_stock_status":"instock","restock_status":false,"low_stock_amount":"","sales_update_date":null,"calc_backorders":null,"_links":{"self":[{"href":"https:\/\/www.flyshop.cl\/TIENDA\/wp-json\/wp\/v2\/product\/21326","targetHints":{"allow":["GET"]}}],"collection":[{"href":"https:\/\/www.flyshop.cl\/TIENDA\/wp-json\/wp\/v2\/product"}],"about":[{"href":"https:\/\/www.flyshop.cl\/TIENDA\/wp-json\/wp\/v2\/types\/product"}],"replies":[{"embeddable":true,"href":"https:\/\/www.flyshop.cl\/TIENDA\/wp-json\/wp\/v2\/comments?post=21326"}],"wp:featuredmedia":[{"embeddable":true,"href":"https:\/\/www.flyshop.cl\/TIENDA\/wp-json\/wp\/v2\/media\/21332"}],"wp:attachment":[{"href":"https:\/\/www.flyshop.cl\/TIENDA\/wp-json\/wp\/v2\/media?parent=21326"}],"wp:term":[{"taxonomy":"product_brand","embeddable":true,"href":"https:\/\/www.flyshop.cl\/TIENDA\/wp-json\/wp\/v2\/product_brand?post=21326"},{"taxonomy":"product_cat","embeddable":true,"href":"https:\/\/www.flyshop.cl\/TIENDA\/wp-json\/wp\/v2\/product_cat?post=21326"},{"taxonomy":"product_tag","embeddable":true,"href":"https:\/\/www.flyshop.cl\/TIENDA\/wp-json\/wp\/v2\/product_tag?post=21326"}],"curies":[{"name":"wp","href":"https:\/\/api.w.org\/{rel}","templated":true}]}}