{"id":21188,"date":"2025-06-24T14:38:18","date_gmt":"2025-06-24T14:38:18","guid":{"rendered":"https:\/\/www.flyshop.cl\/TIENDA\/?post_type=product&#038;p=21188"},"modified":"2026-01-12T20:27:43","modified_gmt":"2026-01-12T20:27:43","slug":"botella-yeti-rambler-1064-ml-chug-black","status":"publish","type":"product","link":"https:\/\/www.flyshop.cl\/TIENDA\/producto\/botella-yeti-rambler-1064-ml-chug-black\/","title":{"rendered":"BOTELLA YETI Rambler 1064 ML CHUG BLACK"},"content":{"rendered":"<p data-start=\"58\" data-end=\"169\"><strong data-start=\"58\" data-end=\"169\">Botella t\u00e9rmica de mayor capacidad para mantenerte hidratado todo el d\u00eda, incluso lejos de la civilizaci\u00f3n.<\/strong><\/p>\n<ul data-start=\"171\" data-end=\"322\">\n<li data-start=\"171\" data-end=\"198\">\n<p data-start=\"173\" data-end=\"198\">100 % a prueba de fugas<\/p>\n<\/li>\n<li data-start=\"199\" data-end=\"223\">\n<p data-start=\"201\" data-end=\"223\">F\u00e1cil de transportar<\/p>\n<\/li>\n<li data-start=\"224\" data-end=\"263\">\n<p data-start=\"226\" data-end=\"263\">Aislamiento de vac\u00edo de doble pared<\/p>\n<\/li>\n<li data-start=\"264\" data-end=\"322\">\n<p data-start=\"266\" data-end=\"322\">Compatible con tapa con bombilla (se vende por separado)<\/p>\n<\/li>\n<\/ul>\n<p>&nbsp;<\/p>\n<p><img loading=\"lazy\" decoding=\"async\" class=\"alignnone size-medium wp-image-21183\" src=\"https:\/\/www.flyshop.cl\/TIENDA\/wp-content\/uploads\/2025\/06\/W-230030_site_studio_PDP-Info-Bottle-Sizes-B_1_2400x2400-1-300x300.avif\" alt=\"\" width=\"300\" height=\"300\" srcset=\"https:\/\/www.flyshop.cl\/TIENDA\/wp-content\/uploads\/2025\/06\/W-230030_site_studio_PDP-Info-Bottle-Sizes-B_1_2400x2400-1-300x300.avif 300w, https:\/\/www.flyshop.cl\/TIENDA\/wp-content\/uploads\/2025\/06\/W-230030_site_studio_PDP-Info-Bottle-Sizes-B_1_2400x2400-1-150x150.avif 150w, https:\/\/www.flyshop.cl\/TIENDA\/wp-content\/uploads\/2025\/06\/W-230030_site_studio_PDP-Info-Bottle-Sizes-B_1_2400x2400-1-768x768.avif 768w, https:\/\/www.flyshop.cl\/TIENDA\/wp-content\/uploads\/2025\/06\/W-230030_site_studio_PDP-Info-Bottle-Sizes-B_1_2400x2400-1-600x600.avif 600w, https:\/\/www.flyshop.cl\/TIENDA\/wp-content\/uploads\/2025\/06\/W-230030_site_studio_PDP-Info-Bottle-Sizes-B_1_2400x2400-1-100x100.avif 100w, https:\/\/www.flyshop.cl\/TIENDA\/wp-content\/uploads\/2025\/06\/W-230030_site_studio_PDP-Info-Bottle-Sizes-B_1_2400x2400-1.avif 846w\" sizes=\"auto, (max-width: 300px) 100vw, 300px\" \/><img loading=\"lazy\" decoding=\"async\" class=\"alignnone size-medium wp-image-21189\" src=\"https:\/\/www.flyshop.cl\/TIENDA\/wp-content\/uploads\/2025\/06\/W-Drinkware_BottleChug_36oz_Black_Studio_Back-300x300.avif\" alt=\"\" width=\"300\" height=\"300\" srcset=\"https:\/\/www.flyshop.cl\/TIENDA\/wp-content\/uploads\/2025\/06\/W-Drinkware_BottleChug_36oz_Black_Studio_Back-300x300.avif 300w, https:\/\/www.flyshop.cl\/TIENDA\/wp-content\/uploads\/2025\/06\/W-Drinkware_BottleChug_36oz_Black_Studio_Back-150x150.avif 150w, https:\/\/www.flyshop.cl\/TIENDA\/wp-content\/uploads\/2025\/06\/W-Drinkware_BottleChug_36oz_Black_Studio_Back-768x768.avif 768w, https:\/\/www.flyshop.cl\/TIENDA\/wp-content\/uploads\/2025\/06\/W-Drinkware_BottleChug_36oz_Black_Studio_Back-600x600.avif 600w, https:\/\/www.flyshop.cl\/TIENDA\/wp-content\/uploads\/2025\/06\/W-Drinkware_BottleChug_36oz_Black_Studio_Back-100x100.avif 100w, https:\/\/www.flyshop.cl\/TIENDA\/wp-content\/uploads\/2025\/06\/W-Drinkware_BottleChug_36oz_Black_Studio_Back.avif 846w\" sizes=\"auto, (max-width: 300px) 100vw, 300px\" \/><\/p>\n","protected":false},"excerpt":{"rendered":"<p>Botella t\u00e9rmica de mayor capacidad para mantenerte hidratado todo el d\u00eda, incluso lejos de la civilizaci\u00f3n. 100 % a prueba de fugas F\u00e1cil de transportar Aislamiento de vac\u00edo de doble pared Compatible con tapa con bombilla (se vende por separado)&hellip;<\/p>\n","protected":false},"featured_media":21190,"comment_status":"closed","ping_status":"closed","template":"","meta":{"_joinchat":[]},"product_brand":[],"product_cat":[788],"product_tag":[],"class_list":{"0":"post-21188","1":"product","2":"type-product","3":"status-publish","4":"has-post-thumbnail","6":"product_cat-yeti","7":"entry","8":"has-media","10":"first","11":"outofstock","12":"shipping-taxable","13":"purchasable","14":"product-type-simple","15":"col","16":"wpex-woo-entry","17":"span_1_of_6 span_1_of_3_pp"},"supplier_id":null,"supplier_sku":"","barcode":null,"atum_controlled":true,"out_stock_date":"2026-01-12 20:27:43","out_stock_threshold":null,"inheritable":false,"inbound_stock":null,"stock_on_hold":0,"sold_today":0,"sales_last_days":1,"reserved_stock":null,"customer_returns":null,"warehouse_damage":null,"lost_in_post":null,"other_logs":null,"out_stock_days":0,"lost_sales":0,"has_location":false,"update_date":"2026-01-12T20:27:44","atum_locations":[],"atum_stock_status":"outofstock","restock_status":false,"low_stock_amount":"","sales_update_date":"2026-01-05T13:40:25","calc_backorders":null,"_links":{"self":[{"href":"https:\/\/www.flyshop.cl\/TIENDA\/wp-json\/wp\/v2\/product\/21188","targetHints":{"allow":["GET"]}}],"collection":[{"href":"https:\/\/www.flyshop.cl\/TIENDA\/wp-json\/wp\/v2\/product"}],"about":[{"href":"https:\/\/www.flyshop.cl\/TIENDA\/wp-json\/wp\/v2\/types\/product"}],"replies":[{"embeddable":true,"href":"https:\/\/www.flyshop.cl\/TIENDA\/wp-json\/wp\/v2\/comments?post=21188"}],"wp:featuredmedia":[{"embeddable":true,"href":"https:\/\/www.flyshop.cl\/TIENDA\/wp-json\/wp\/v2\/media\/21190"}],"wp:attachment":[{"href":"https:\/\/www.flyshop.cl\/TIENDA\/wp-json\/wp\/v2\/media?parent=21188"}],"wp:term":[{"taxonomy":"product_brand","embeddable":true,"href":"https:\/\/www.flyshop.cl\/TIENDA\/wp-json\/wp\/v2\/product_brand?post=21188"},{"taxonomy":"product_cat","embeddable":true,"href":"https:\/\/www.flyshop.cl\/TIENDA\/wp-json\/wp\/v2\/product_cat?post=21188"},{"taxonomy":"product_tag","embeddable":true,"href":"https:\/\/www.flyshop.cl\/TIENDA\/wp-json\/wp\/v2\/product_tag?post=21188"}],"curies":[{"name":"wp","href":"https:\/\/api.w.org\/{rel}","templated":true}]}}