{"id":21170,"date":"2025-06-24T13:31:27","date_gmt":"2025-06-24T13:31:27","guid":{"rendered":"https:\/\/www.flyshop.cl\/TIENDA\/?post_type=product&#038;p=21170"},"modified":"2026-03-30T14:29:57","modified_gmt":"2026-03-30T14:29:57","slug":"prensa-francesa-yeti-de-64-oz-navy","status":"publish","type":"product","link":"https:\/\/www.flyshop.cl\/TIENDA\/producto\/prensa-francesa-yeti-de-64-oz-navy\/","title":{"rendered":"Prensa francesa YETI de 64 oz navy"},"content":{"rendered":"<div class=\"row row__description\">\n<div class=\"col-12\">\n<div class=\"js-short-description short-description\">\n<p>Consigue el vertido perfecto y luego un par m\u00e1s con nuestra prensa francesa incre\u00edblemente resistente.<\/p>\n<ul>\n<li>Prepara caf\u00e9 para ti y unos cuantos<\/li>\n<li>El filtro GroundsControl detiene el proceso de infusi\u00f3n para fijar el sabor<\/li>\n<li>Revestimiento cer\u00e1mico DuraSip<\/li>\n<li>Aislamiento al vac\u00edo de doble pared<\/li>\n<li>Apta para lavavajillas<\/li>\n<\/ul>\n<p><img loading=\"lazy\" decoding=\"async\" class=\"alignnone size-medium wp-image-19901\" src=\"https:\/\/www.flyshop.cl\/TIENDA\/wp-content\/uploads\/2024\/12\/W-240042_64-34_oz_French_Press_Launch_site_studio_FrenchPress_34_Family_Coffee_3869_Primary_B_2400x2400-300x300.avif\" alt=\"\" width=\"300\" height=\"300\" srcset=\"https:\/\/www.flyshop.cl\/TIENDA\/wp-content\/uploads\/2024\/12\/W-240042_64-34_oz_French_Press_Launch_site_studio_FrenchPress_34_Family_Coffee_3869_Primary_B_2400x2400-300x300.avif 300w, https:\/\/www.flyshop.cl\/TIENDA\/wp-content\/uploads\/2024\/12\/W-240042_64-34_oz_French_Press_Launch_site_studio_FrenchPress_34_Family_Coffee_3869_Primary_B_2400x2400-1024x1024.avif 1024w, https:\/\/www.flyshop.cl\/TIENDA\/wp-content\/uploads\/2024\/12\/W-240042_64-34_oz_French_Press_Launch_site_studio_FrenchPress_34_Family_Coffee_3869_Primary_B_2400x2400-150x150.avif 150w, https:\/\/www.flyshop.cl\/TIENDA\/wp-content\/uploads\/2024\/12\/W-240042_64-34_oz_French_Press_Launch_site_studio_FrenchPress_34_Family_Coffee_3869_Primary_B_2400x2400-768x768.avif 768w, https:\/\/www.flyshop.cl\/TIENDA\/wp-content\/uploads\/2024\/12\/W-240042_64-34_oz_French_Press_Launch_site_studio_FrenchPress_34_Family_Coffee_3869_Primary_B_2400x2400-1536x1536.avif 1536w, https:\/\/www.flyshop.cl\/TIENDA\/wp-content\/uploads\/2024\/12\/W-240042_64-34_oz_French_Press_Launch_site_studio_FrenchPress_34_Family_Coffee_3869_Primary_B_2400x2400-600x600.avif 600w, https:\/\/www.flyshop.cl\/TIENDA\/wp-content\/uploads\/2024\/12\/W-240042_64-34_oz_French_Press_Launch_site_studio_FrenchPress_34_Family_Coffee_3869_Primary_B_2400x2400-100x100.avif 100w, https:\/\/www.flyshop.cl\/TIENDA\/wp-content\/uploads\/2024\/12\/W-240042_64-34_oz_French_Press_Launch_site_studio_FrenchPress_34_Family_Coffee_3869_Primary_B_2400x2400.avif 1920w\" sizes=\"auto, (max-width: 300px) 100vw, 300px\" \/><img loading=\"lazy\" decoding=\"async\" class=\"alignnone size-medium wp-image-19904\" src=\"https:\/\/www.flyshop.cl\/TIENDA\/wp-content\/uploads\/2024\/12\/W-PDP-Info-french-press-34oz_navy-RTB_02-300x300.avif\" alt=\"\" width=\"300\" height=\"300\" srcset=\"https:\/\/www.flyshop.cl\/TIENDA\/wp-content\/uploads\/2024\/12\/W-PDP-Info-french-press-34oz_navy-RTB_02-300x300.avif 300w, https:\/\/www.flyshop.cl\/TIENDA\/wp-content\/uploads\/2024\/12\/W-PDP-Info-french-press-34oz_navy-RTB_02-1024x1024.avif 1024w, https:\/\/www.flyshop.cl\/TIENDA\/wp-content\/uploads\/2024\/12\/W-PDP-Info-french-press-34oz_navy-RTB_02-150x150.avif 150w, https:\/\/www.flyshop.cl\/TIENDA\/wp-content\/uploads\/2024\/12\/W-PDP-Info-french-press-34oz_navy-RTB_02-768x768.avif 768w, https:\/\/www.flyshop.cl\/TIENDA\/wp-content\/uploads\/2024\/12\/W-PDP-Info-french-press-34oz_navy-RTB_02-1536x1536.avif 1536w, https:\/\/www.flyshop.cl\/TIENDA\/wp-content\/uploads\/2024\/12\/W-PDP-Info-french-press-34oz_navy-RTB_02-600x600.avif 600w, https:\/\/www.flyshop.cl\/TIENDA\/wp-content\/uploads\/2024\/12\/W-PDP-Info-french-press-34oz_navy-RTB_02-100x100.avif 100w, https:\/\/www.flyshop.cl\/TIENDA\/wp-content\/uploads\/2024\/12\/W-PDP-Info-french-press-34oz_navy-RTB_02.avif 1920w\" sizes=\"auto, (max-width: 300px) 100vw, 300px\" \/><img loading=\"lazy\" decoding=\"async\" class=\"alignnone size-medium wp-image-21171\" src=\"https:\/\/www.flyshop.cl\/TIENDA\/wp-content\/uploads\/2025\/06\/W-240042_64-34_oz_French_Press_Launch_site_studio_FrenchPress_64_Navy_Back_3799_Primary_B_2400x2400-300x300.avif\" alt=\"\" width=\"300\" height=\"300\" srcset=\"https:\/\/www.flyshop.cl\/TIENDA\/wp-content\/uploads\/2025\/06\/W-240042_64-34_oz_French_Press_Launch_site_studio_FrenchPress_64_Navy_Back_3799_Primary_B_2400x2400-300x300.avif 300w, https:\/\/www.flyshop.cl\/TIENDA\/wp-content\/uploads\/2025\/06\/W-240042_64-34_oz_French_Press_Launch_site_studio_FrenchPress_64_Navy_Back_3799_Primary_B_2400x2400-150x150.avif 150w, https:\/\/www.flyshop.cl\/TIENDA\/wp-content\/uploads\/2025\/06\/W-240042_64-34_oz_French_Press_Launch_site_studio_FrenchPress_64_Navy_Back_3799_Primary_B_2400x2400-768x768.avif 768w, https:\/\/www.flyshop.cl\/TIENDA\/wp-content\/uploads\/2025\/06\/W-240042_64-34_oz_French_Press_Launch_site_studio_FrenchPress_64_Navy_Back_3799_Primary_B_2400x2400-600x600.avif 600w, https:\/\/www.flyshop.cl\/TIENDA\/wp-content\/uploads\/2025\/06\/W-240042_64-34_oz_French_Press_Launch_site_studio_FrenchPress_64_Navy_Back_3799_Primary_B_2400x2400-100x100.avif 100w, https:\/\/www.flyshop.cl\/TIENDA\/wp-content\/uploads\/2025\/06\/W-240042_64-34_oz_French_Press_Launch_site_studio_FrenchPress_64_Navy_Back_3799_Primary_B_2400x2400.avif 846w\" sizes=\"auto, (max-width: 300px) 100vw, 300px\" \/><img loading=\"lazy\" decoding=\"async\" class=\"alignnone size-medium wp-image-21173\" src=\"https:\/\/www.flyshop.cl\/TIENDA\/wp-content\/uploads\/2025\/06\/W-240042_PDP_Info_french_press_comparison_1_2400x2400-300x300.avif\" alt=\"\" width=\"300\" height=\"300\" srcset=\"https:\/\/www.flyshop.cl\/TIENDA\/wp-content\/uploads\/2025\/06\/W-240042_PDP_Info_french_press_comparison_1_2400x2400-300x300.avif 300w, https:\/\/www.flyshop.cl\/TIENDA\/wp-content\/uploads\/2025\/06\/W-240042_PDP_Info_french_press_comparison_1_2400x2400-150x150.avif 150w, https:\/\/www.flyshop.cl\/TIENDA\/wp-content\/uploads\/2025\/06\/W-240042_PDP_Info_french_press_comparison_1_2400x2400-768x768.avif 768w, https:\/\/www.flyshop.cl\/TIENDA\/wp-content\/uploads\/2025\/06\/W-240042_PDP_Info_french_press_comparison_1_2400x2400-600x600.avif 600w, https:\/\/www.flyshop.cl\/TIENDA\/wp-content\/uploads\/2025\/06\/W-240042_PDP_Info_french_press_comparison_1_2400x2400-100x100.avif 100w, https:\/\/www.flyshop.cl\/TIENDA\/wp-content\/uploads\/2025\/06\/W-240042_PDP_Info_french_press_comparison_1_2400x2400.avif 846w\" sizes=\"auto, (max-width: 300px) 100vw, 300px\" \/><\/p>\n<div style=\"width: 822px;\" class=\"wp-video\"><!--[if lt IE 9]><script>document.createElement('video');<\/script><![endif]-->\n<video class=\"wp-video-shortcode\" id=\"video-21170-1\" width=\"822\" height=\"720\" preload=\"metadata\" controls=\"controls\"><source type=\"video\/mp4\" src=\"https:\/\/www.flyshop.cl\/TIENDA\/wp-content\/uploads\/2024\/12\/output.mp4?_=1\" \/><a href=\"https:\/\/www.flyshop.cl\/TIENDA\/wp-content\/uploads\/2024\/12\/output.mp4\">https:\/\/www.flyshop.cl\/TIENDA\/wp-content\/uploads\/2024\/12\/output.mp4<\/a><\/video><\/div>\n<\/div>\n<\/div>\n<\/div>\n","protected":false},"excerpt":{"rendered":"<p>Consigue el vertido perfecto y luego un par m\u00e1s con nuestra prensa francesa incre\u00edblemente resistente. Prepara caf\u00e9 para ti y unos cuantos El filtro GroundsControl detiene el proceso de infusi\u00f3n para fijar el sabor Revestimiento cer\u00e1mico DuraSip Aislamiento al vac\u00edo&hellip;<\/p>\n","protected":false},"featured_media":21172,"comment_status":"closed","ping_status":"closed","template":"","meta":{"_joinchat":[]},"product_brand":[],"product_cat":[788],"product_tag":[],"class_list":{"0":"post-21170","1":"product","2":"type-product","3":"status-publish","4":"has-post-thumbnail","6":"product_cat-yeti","7":"entry","8":"has-media","10":"first","11":"outofstock","12":"shipping-taxable","13":"purchasable","14":"product-type-simple","15":"col","16":"wpex-woo-entry","17":"span_1_of_6 span_1_of_3_pp"},"supplier_id":null,"supplier_sku":"","barcode":null,"atum_controlled":true,"out_stock_date":"2026-03-30 14:29:57","out_stock_threshold":null,"inheritable":false,"inbound_stock":null,"stock_on_hold":0,"sold_today":0,"sales_last_days":1,"reserved_stock":null,"customer_returns":null,"warehouse_damage":null,"lost_in_post":null,"other_logs":null,"out_stock_days":5,"lost_sales":142142,"has_location":false,"update_date":"2026-03-30T14:30:00","atum_locations":[],"atum_stock_status":"outofstock","restock_status":false,"low_stock_amount":"","sales_update_date":"2025-07-29T20:34:40","calc_backorders":null,"_links":{"self":[{"href":"https:\/\/www.flyshop.cl\/TIENDA\/wp-json\/wp\/v2\/product\/21170","targetHints":{"allow":["GET"]}}],"collection":[{"href":"https:\/\/www.flyshop.cl\/TIENDA\/wp-json\/wp\/v2\/product"}],"about":[{"href":"https:\/\/www.flyshop.cl\/TIENDA\/wp-json\/wp\/v2\/types\/product"}],"replies":[{"embeddable":true,"href":"https:\/\/www.flyshop.cl\/TIENDA\/wp-json\/wp\/v2\/comments?post=21170"}],"wp:featuredmedia":[{"embeddable":true,"href":"https:\/\/www.flyshop.cl\/TIENDA\/wp-json\/wp\/v2\/media\/21172"}],"wp:attachment":[{"href":"https:\/\/www.flyshop.cl\/TIENDA\/wp-json\/wp\/v2\/media?parent=21170"}],"wp:term":[{"taxonomy":"product_brand","embeddable":true,"href":"https:\/\/www.flyshop.cl\/TIENDA\/wp-json\/wp\/v2\/product_brand?post=21170"},{"taxonomy":"product_cat","embeddable":true,"href":"https:\/\/www.flyshop.cl\/TIENDA\/wp-json\/wp\/v2\/product_cat?post=21170"},{"taxonomy":"product_tag","embeddable":true,"href":"https:\/\/www.flyshop.cl\/TIENDA\/wp-json\/wp\/v2\/product_tag?post=21170"}],"curies":[{"name":"wp","href":"https:\/\/api.w.org\/{rel}","templated":true}]}}