{"id":21107,"date":"2025-06-30T15:06:59","date_gmt":"2025-06-30T15:06:59","guid":{"rendered":"https:\/\/www.flyshop.cl\/TIENDA\/?post_type=product&#038;p=21107"},"modified":"2025-12-06T01:00:46","modified_gmt":"2025-12-06T01:00:46","slug":"simms-exstream-hoody-selvedge","status":"publish","type":"product","link":"https:\/\/www.flyshop.cl\/TIENDA\/producto\/simms-exstream-hoody-selvedge\/","title":{"rendered":"SIMMS EXSTREAM HOODY SELVEDGE"},"content":{"rendered":"<p data-start=\"58\" data-end=\"276\"><strong data-start=\"58\" data-end=\"114\">Dominio en d\u00edas fr\u00edos (sin el desastre del volumen),<\/strong> la <strong data-start=\"118\" data-end=\"152\">chaqueta con capucha ExStream\u00ae<\/strong> est\u00e1 impulsada por el aislamiento de alto rendimiento <strong data-start=\"207\" data-end=\"221\">PrimaLoft\u00ae<\/strong>, ofreciendo un calor impresionante que supera su peso.<\/p>\n<ul data-start=\"278\" data-end=\"877\">\n<li data-start=\"278\" data-end=\"359\">\n<p data-start=\"280\" data-end=\"359\">El aislamiento <strong data-start=\"295\" data-end=\"309\">PrimaLoft\u00ae<\/strong> mantiene el calor incluso en ambientes h\u00famedos.<\/p>\n<\/li>\n<li data-start=\"360\" data-end=\"450\">\n<p data-start=\"362\" data-end=\"450\">El tejido el\u00e1stico maximiza la movilidad y el rango de movimiento para lanzar la ca\u00f1a.<\/p>\n<\/li>\n<li data-start=\"451\" data-end=\"574\">\n<p data-start=\"453\" data-end=\"574\">Tela preacolchada liviana y el\u00e1stica, rellena con aislamiento PrimaLoft\u00ae, que facilita el movimiento y evita enganches.<\/p>\n<\/li>\n<li data-start=\"575\" data-end=\"705\">\n<p data-start=\"577\" data-end=\"705\">Dos bolsillos calientamanos con cierre; bolsillo en el pecho con cierre; bolsillo interno de malla para almacenamiento r\u00e1pido.<\/p>\n<\/li>\n<li data-start=\"706\" data-end=\"787\">\n<p data-start=\"708\" data-end=\"787\">Cuello sobredimensionado para mayor abrigo y capucha con visera estructurada.<\/p>\n<\/li>\n<li data-start=\"788\" data-end=\"877\">\n<p data-start=\"790\" data-end=\"877\">Pu\u00f1o interior de punto el\u00e1stico para mayor comodidad y protecci\u00f3n contra los elementos.<\/p>\n<\/li>\n<\/ul>\n<hr data-start=\"879\" data-end=\"882\" \/>\n<p data-start=\"884\" data-end=\"908\"><strong data-start=\"884\" data-end=\"908\">TECNOLOG\u00cdA DE TELAS:<\/strong><\/p>\n<p data-start=\"910\" data-end=\"1198\"><strong data-start=\"910\" data-end=\"921\">Cuerpo:<\/strong> Tela el\u00e1stica preacolchada <strong data-start=\"949\" data-end=\"959\">Toray\u00ae<\/strong> \u2013 30D, 91% poli\u00e9ster, 9% spandex con acabado repelente al agua duradero.<br data-start=\"1032\" data-end=\"1035\" \/><strong data-start=\"1035\" data-end=\"1051\">Aislamiento:<\/strong> <strong data-start=\"1052\" data-end=\"1085\">PrimaLoft\u00ae Silver Thermoplume<\/strong> con tecnolog\u00eda <strong data-start=\"1101\" data-end=\"1116\">Cross Core\u2122<\/strong> \u2013 Relleno de 210 g en toda la prenda.<br data-start=\"1154\" data-end=\"1157\" \/><strong data-start=\"1157\" data-end=\"1166\">PESO:<\/strong> 850 g (30 oz) en talla mediana.<\/p>\n","protected":false},"excerpt":{"rendered":"<p>Dominio en d\u00edas fr\u00edos (sin el desastre del volumen), la chaqueta con capucha ExStream\u00ae est\u00e1 impulsada por el aislamiento de alto rendimiento PrimaLoft\u00ae, ofreciendo un calor impresionante que supera su peso. El aislamiento PrimaLoft\u00ae mantiene el calor incluso en ambientes&hellip;<\/p>\n","protected":false},"featured_media":21111,"comment_status":"closed","ping_status":"closed","template":"","meta":{"_joinchat":[]},"product_brand":[],"product_cat":[447],"product_tag":[],"class_list":{"0":"post-21107","1":"product","2":"type-product","3":"status-publish","4":"has-post-thumbnail","6":"product_cat-parkas-y-polerones","7":"entry","8":"has-media","10":"first","11":"instock","12":"shipping-taxable","13":"purchasable","14":"product-type-variable","15":"col","16":"wpex-woo-entry","17":"span_1_of_6 span_1_of_3_pp"},"supplier_id":null,"supplier_sku":"","barcode":null,"atum_controlled":true,"out_stock_date":null,"out_stock_threshold":null,"inheritable":true,"inbound_stock":null,"stock_on_hold":0,"sold_today":0,"sales_last_days":2,"reserved_stock":null,"customer_returns":null,"warehouse_damage":null,"lost_in_post":null,"other_logs":null,"out_stock_days":null,"lost_sales":0,"has_location":false,"update_date":"2025-12-09T14:01:24","atum_locations":[],"atum_stock_status":"instock","restock_status":false,"low_stock_amount":"","sales_update_date":null,"calc_backorders":null,"_links":{"self":[{"href":"https:\/\/www.flyshop.cl\/TIENDA\/wp-json\/wp\/v2\/product\/21107","targetHints":{"allow":["GET"]}}],"collection":[{"href":"https:\/\/www.flyshop.cl\/TIENDA\/wp-json\/wp\/v2\/product"}],"about":[{"href":"https:\/\/www.flyshop.cl\/TIENDA\/wp-json\/wp\/v2\/types\/product"}],"replies":[{"embeddable":true,"href":"https:\/\/www.flyshop.cl\/TIENDA\/wp-json\/wp\/v2\/comments?post=21107"}],"wp:featuredmedia":[{"embeddable":true,"href":"https:\/\/www.flyshop.cl\/TIENDA\/wp-json\/wp\/v2\/media\/21111"}],"wp:attachment":[{"href":"https:\/\/www.flyshop.cl\/TIENDA\/wp-json\/wp\/v2\/media?parent=21107"}],"wp:term":[{"taxonomy":"product_brand","embeddable":true,"href":"https:\/\/www.flyshop.cl\/TIENDA\/wp-json\/wp\/v2\/product_brand?post=21107"},{"taxonomy":"product_cat","embeddable":true,"href":"https:\/\/www.flyshop.cl\/TIENDA\/wp-json\/wp\/v2\/product_cat?post=21107"},{"taxonomy":"product_tag","embeddable":true,"href":"https:\/\/www.flyshop.cl\/TIENDA\/wp-json\/wp\/v2\/product_tag?post=21107"}],"curies":[{"name":"wp","href":"https:\/\/api.w.org\/{rel}","templated":true}]}}