{"id":20905,"date":"2025-05-20T18:12:30","date_gmt":"2025-05-20T18:12:30","guid":{"rendered":"https:\/\/www.flyshop.cl\/TIENDA\/?post_type=product&#038;p=20905"},"modified":"2025-05-20T18:12:31","modified_gmt":"2025-05-20T18:12:31","slug":"mochila-yeti-panga-28l-waterproof-black","status":"publish","type":"product","link":"https:\/\/www.flyshop.cl\/TIENDA\/producto\/mochila-yeti-panga-28l-waterproof-black\/","title":{"rendered":"MOCHILA YETI  Panga\u00ae 28L Waterproof BLACK"},"content":{"rendered":"<p>Ideal para quienes disfrutan de la vida en el agua. Mantiene tus pertenencias secas, en la tormenta o en el lago.<\/p>\n<ul>\n<li>Ll\u00e9vatela a un d\u00eda en el lago o \u00fasala bajo la lluvia.<\/li>\n<li>Rejilla HitchPoint\u2122 compatible con Sidekick Dry\u00ae<\/li>\n<li>Capa ThickSkin\u2122 resistente a perforacione<\/li>\n<\/ul>\n<ul>\n<li class=\"a-spacing-mini\"><span class=\"a-list-item\"> La cremallera Hydrolok asegura que el agua se mantenga fuera para que tu equipo se mantenga totalmente seco, no importa cuan torrencial est\u00e9. <\/span><\/li>\n<li class=\"a-spacing-mini\"><span class=\"a-list-item\"> Sujeta el extremo del terminal de tu cremallera hydrolok que garantiza un sellado completamente herm\u00e9tico. <\/span><\/li>\n<li class=\"a-spacing-mini\"><span class=\"a-list-item\"> Carcasa de piel gruesa hecha de nailon de alta densidad y laminado de TPU grueso para ser resistente a los pinchazos y a la abrasi\u00f3n. <\/span><\/li>\n<li class=\"a-spacing-mini\"><span class=\"a-list-item\"> Correas de Dryhaul en las manos o en la parte posterior, son tan duraderas como c\u00f3modas. <\/span><\/li>\n<li class=\"a-spacing-mini\"><span class=\"a-list-item\"> Este hardware de Metallock puede soportar golpes y m\u00e1s golpes sin romperse<\/span><\/li>\n<\/ul>\n<p><img loading=\"lazy\" decoding=\"async\" class=\"alignnone size-medium wp-image-20906\" src=\"https:\/\/www.flyshop.cl\/TIENDA\/wp-content\/uploads\/2025\/05\/W-220111_2H23_Color_Launch_site_studio_Panga_28L_Bkpk_Black_On_Body_00076_Primary_B_2400x2400-300x300.avif\" alt=\"\" width=\"300\" height=\"300\" srcset=\"https:\/\/www.flyshop.cl\/TIENDA\/wp-content\/uploads\/2025\/05\/W-220111_2H23_Color_Launch_site_studio_Panga_28L_Bkpk_Black_On_Body_00076_Primary_B_2400x2400-300x300.avif 300w, https:\/\/www.flyshop.cl\/TIENDA\/wp-content\/uploads\/2025\/05\/W-220111_2H23_Color_Launch_site_studio_Panga_28L_Bkpk_Black_On_Body_00076_Primary_B_2400x2400-150x150.avif 150w, https:\/\/www.flyshop.cl\/TIENDA\/wp-content\/uploads\/2025\/05\/W-220111_2H23_Color_Launch_site_studio_Panga_28L_Bkpk_Black_On_Body_00076_Primary_B_2400x2400-768x768.avif 768w, https:\/\/www.flyshop.cl\/TIENDA\/wp-content\/uploads\/2025\/05\/W-220111_2H23_Color_Launch_site_studio_Panga_28L_Bkpk_Black_On_Body_00076_Primary_B_2400x2400-600x600.avif 600w, https:\/\/www.flyshop.cl\/TIENDA\/wp-content\/uploads\/2025\/05\/W-220111_2H23_Color_Launch_site_studio_Panga_28L_Bkpk_Black_On_Body_00076_Primary_B_2400x2400-100x100.avif 100w, https:\/\/www.flyshop.cl\/TIENDA\/wp-content\/uploads\/2025\/05\/W-220111_2H23_Color_Launch_site_studio_Panga_28L_Bkpk_Black_On_Body_00076_Primary_B_2400x2400.avif 846w\" sizes=\"auto, (max-width: 300px) 100vw, 300px\" \/><img loading=\"lazy\" decoding=\"async\" class=\"alignnone size-medium wp-image-20908\" src=\"https:\/\/www.flyshop.cl\/TIENDA\/wp-content\/uploads\/2025\/05\/W-220111_2H23_Color_Launch_Soft_Goods_Panga_28L_Bkpk_Black_3qtr_Open_0314_Primary_B_2400x2400-300x300.avif\" alt=\"\" width=\"300\" height=\"300\" srcset=\"https:\/\/www.flyshop.cl\/TIENDA\/wp-content\/uploads\/2025\/05\/W-220111_2H23_Color_Launch_Soft_Goods_Panga_28L_Bkpk_Black_3qtr_Open_0314_Primary_B_2400x2400-300x300.avif 300w, https:\/\/www.flyshop.cl\/TIENDA\/wp-content\/uploads\/2025\/05\/W-220111_2H23_Color_Launch_Soft_Goods_Panga_28L_Bkpk_Black_3qtr_Open_0314_Primary_B_2400x2400-150x150.avif 150w, https:\/\/www.flyshop.cl\/TIENDA\/wp-content\/uploads\/2025\/05\/W-220111_2H23_Color_Launch_Soft_Goods_Panga_28L_Bkpk_Black_3qtr_Open_0314_Primary_B_2400x2400-768x768.avif 768w, https:\/\/www.flyshop.cl\/TIENDA\/wp-content\/uploads\/2025\/05\/W-220111_2H23_Color_Launch_Soft_Goods_Panga_28L_Bkpk_Black_3qtr_Open_0314_Primary_B_2400x2400-600x600.avif 600w, https:\/\/www.flyshop.cl\/TIENDA\/wp-content\/uploads\/2025\/05\/W-220111_2H23_Color_Launch_Soft_Goods_Panga_28L_Bkpk_Black_3qtr_Open_0314_Primary_B_2400x2400-100x100.avif 100w, https:\/\/www.flyshop.cl\/TIENDA\/wp-content\/uploads\/2025\/05\/W-220111_2H23_Color_Launch_Soft_Goods_Panga_28L_Bkpk_Black_3qtr_Open_0314_Primary_B_2400x2400.avif 846w\" sizes=\"auto, (max-width: 300px) 100vw, 300px\" \/><img loading=\"lazy\" decoding=\"async\" class=\"alignnone size-medium wp-image-20909\" src=\"https:\/\/www.flyshop.cl\/TIENDA\/wp-content\/uploads\/2025\/05\/W-220111_2H23_Color_Launch_Soft_Goods_Panga_28L_Bkpk_Black_Back_0305_Primary_B_2400x2400-300x300.avif\" alt=\"\" width=\"300\" height=\"300\" srcset=\"https:\/\/www.flyshop.cl\/TIENDA\/wp-content\/uploads\/2025\/05\/W-220111_2H23_Color_Launch_Soft_Goods_Panga_28L_Bkpk_Black_Back_0305_Primary_B_2400x2400-300x300.avif 300w, https:\/\/www.flyshop.cl\/TIENDA\/wp-content\/uploads\/2025\/05\/W-220111_2H23_Color_Launch_Soft_Goods_Panga_28L_Bkpk_Black_Back_0305_Primary_B_2400x2400-150x150.avif 150w, https:\/\/www.flyshop.cl\/TIENDA\/wp-content\/uploads\/2025\/05\/W-220111_2H23_Color_Launch_Soft_Goods_Panga_28L_Bkpk_Black_Back_0305_Primary_B_2400x2400-768x768.avif 768w, https:\/\/www.flyshop.cl\/TIENDA\/wp-content\/uploads\/2025\/05\/W-220111_2H23_Color_Launch_Soft_Goods_Panga_28L_Bkpk_Black_Back_0305_Primary_B_2400x2400-600x600.avif 600w, https:\/\/www.flyshop.cl\/TIENDA\/wp-content\/uploads\/2025\/05\/W-220111_2H23_Color_Launch_Soft_Goods_Panga_28L_Bkpk_Black_Back_0305_Primary_B_2400x2400-100x100.avif 100w, https:\/\/www.flyshop.cl\/TIENDA\/wp-content\/uploads\/2025\/05\/W-220111_2H23_Color_Launch_Soft_Goods_Panga_28L_Bkpk_Black_Back_0305_Primary_B_2400x2400.avif 846w\" sizes=\"auto, (max-width: 300px) 100vw, 300px\" \/><img loading=\"lazy\" decoding=\"async\" class=\"alignnone size-medium wp-image-20911\" src=\"https:\/\/www.flyshop.cl\/TIENDA\/wp-content\/uploads\/2025\/05\/W-220111_2H23_Color_Launch_Soft_Goods_Panga_28L_Bkpk_Black_Detail_0308_Primary_B_2400x2400-1-300x300.avif\" alt=\"\" width=\"300\" height=\"300\" srcset=\"https:\/\/www.flyshop.cl\/TIENDA\/wp-content\/uploads\/2025\/05\/W-220111_2H23_Color_Launch_Soft_Goods_Panga_28L_Bkpk_Black_Detail_0308_Primary_B_2400x2400-1-300x300.avif 300w, https:\/\/www.flyshop.cl\/TIENDA\/wp-content\/uploads\/2025\/05\/W-220111_2H23_Color_Launch_Soft_Goods_Panga_28L_Bkpk_Black_Detail_0308_Primary_B_2400x2400-1-150x150.avif 150w, https:\/\/www.flyshop.cl\/TIENDA\/wp-content\/uploads\/2025\/05\/W-220111_2H23_Color_Launch_Soft_Goods_Panga_28L_Bkpk_Black_Detail_0308_Primary_B_2400x2400-1-768x768.avif 768w, https:\/\/www.flyshop.cl\/TIENDA\/wp-content\/uploads\/2025\/05\/W-220111_2H23_Color_Launch_Soft_Goods_Panga_28L_Bkpk_Black_Detail_0308_Primary_B_2400x2400-1-600x600.avif 600w, https:\/\/www.flyshop.cl\/TIENDA\/wp-content\/uploads\/2025\/05\/W-220111_2H23_Color_Launch_Soft_Goods_Panga_28L_Bkpk_Black_Detail_0308_Primary_B_2400x2400-1-100x100.avif 100w, https:\/\/www.flyshop.cl\/TIENDA\/wp-content\/uploads\/2025\/05\/W-220111_2H23_Color_Launch_Soft_Goods_Panga_28L_Bkpk_Black_Detail_0308_Primary_B_2400x2400-1.avif 846w\" sizes=\"auto, (max-width: 300px) 100vw, 300px\" \/><img loading=\"lazy\" decoding=\"async\" class=\"alignnone size-medium wp-image-20912\" src=\"https:\/\/www.flyshop.cl\/TIENDA\/wp-content\/uploads\/2025\/05\/W-220111_2H23_Color_Launch_Soft_Goods_Panga_28L_Bkpk_Black_Side_0292_Primary_B_2400x2400-300x300.avif\" alt=\"\" width=\"300\" height=\"300\" srcset=\"https:\/\/www.flyshop.cl\/TIENDA\/wp-content\/uploads\/2025\/05\/W-220111_2H23_Color_Launch_Soft_Goods_Panga_28L_Bkpk_Black_Side_0292_Primary_B_2400x2400-300x300.avif 300w, https:\/\/www.flyshop.cl\/TIENDA\/wp-content\/uploads\/2025\/05\/W-220111_2H23_Color_Launch_Soft_Goods_Panga_28L_Bkpk_Black_Side_0292_Primary_B_2400x2400-150x150.avif 150w, https:\/\/www.flyshop.cl\/TIENDA\/wp-content\/uploads\/2025\/05\/W-220111_2H23_Color_Launch_Soft_Goods_Panga_28L_Bkpk_Black_Side_0292_Primary_B_2400x2400-768x768.avif 768w, https:\/\/www.flyshop.cl\/TIENDA\/wp-content\/uploads\/2025\/05\/W-220111_2H23_Color_Launch_Soft_Goods_Panga_28L_Bkpk_Black_Side_0292_Primary_B_2400x2400-600x600.avif 600w, https:\/\/www.flyshop.cl\/TIENDA\/wp-content\/uploads\/2025\/05\/W-220111_2H23_Color_Launch_Soft_Goods_Panga_28L_Bkpk_Black_Side_0292_Primary_B_2400x2400-100x100.avif 100w, https:\/\/www.flyshop.cl\/TIENDA\/wp-content\/uploads\/2025\/05\/W-220111_2H23_Color_Launch_Soft_Goods_Panga_28L_Bkpk_Black_Side_0292_Primary_B_2400x2400.avif 846w\" sizes=\"auto, (max-width: 300px) 100vw, 300px\" \/><\/p>\n","protected":false},"excerpt":{"rendered":"<p>Ideal para quienes disfrutan de la vida en el agua. Mantiene tus pertenencias secas, en la tormenta o en el lago. Ll\u00e9vatela a un d\u00eda en el lago o \u00fasala bajo la lluvia. Rejilla HitchPoint\u2122 compatible con Sidekick Dry\u00ae Capa&hellip;<\/p>\n","protected":false},"featured_media":20907,"comment_status":"closed","ping_status":"closed","template":"","meta":{"_joinchat":[]},"product_brand":[],"product_cat":[533,788],"product_tag":[],"class_list":{"0":"post-20905","1":"product","2":"type-product","3":"status-publish","4":"has-post-thumbnail","6":"product_cat-mochilas","7":"product_cat-yeti","8":"entry","9":"has-media","11":"first","12":"instock","13":"shipping-taxable","14":"purchasable","15":"product-type-simple","16":"col","17":"wpex-woo-entry","18":"span_1_of_6 span_1_of_3_pp"},"supplier_id":null,"supplier_sku":"","barcode":null,"atum_controlled":true,"out_stock_date":null,"out_stock_threshold":null,"inheritable":false,"inbound_stock":null,"stock_on_hold":null,"sold_today":null,"sales_last_days":null,"reserved_stock":null,"customer_returns":null,"warehouse_damage":null,"lost_in_post":null,"other_logs":null,"out_stock_days":null,"lost_sales":null,"has_location":false,"update_date":"2025-05-20T18:12:32","atum_locations":[],"atum_stock_status":"instock","restock_status":false,"low_stock_amount":"","sales_update_date":null,"calc_backorders":null,"_links":{"self":[{"href":"https:\/\/www.flyshop.cl\/TIENDA\/wp-json\/wp\/v2\/product\/20905","targetHints":{"allow":["GET"]}}],"collection":[{"href":"https:\/\/www.flyshop.cl\/TIENDA\/wp-json\/wp\/v2\/product"}],"about":[{"href":"https:\/\/www.flyshop.cl\/TIENDA\/wp-json\/wp\/v2\/types\/product"}],"replies":[{"embeddable":true,"href":"https:\/\/www.flyshop.cl\/TIENDA\/wp-json\/wp\/v2\/comments?post=20905"}],"wp:featuredmedia":[{"embeddable":true,"href":"https:\/\/www.flyshop.cl\/TIENDA\/wp-json\/wp\/v2\/media\/20907"}],"wp:attachment":[{"href":"https:\/\/www.flyshop.cl\/TIENDA\/wp-json\/wp\/v2\/media?parent=20905"}],"wp:term":[{"taxonomy":"product_brand","embeddable":true,"href":"https:\/\/www.flyshop.cl\/TIENDA\/wp-json\/wp\/v2\/product_brand?post=20905"},{"taxonomy":"product_cat","embeddable":true,"href":"https:\/\/www.flyshop.cl\/TIENDA\/wp-json\/wp\/v2\/product_cat?post=20905"},{"taxonomy":"product_tag","embeddable":true,"href":"https:\/\/www.flyshop.cl\/TIENDA\/wp-json\/wp\/v2\/product_tag?post=20905"}],"curies":[{"name":"wp","href":"https:\/\/api.w.org\/{rel}","templated":true}]}}