{"id":20897,"date":"2025-05-20T17:55:18","date_gmt":"2025-05-20T17:55:18","guid":{"rendered":"https:\/\/www.flyshop.cl\/TIENDA\/?post_type=product&#038;p=20897"},"modified":"2025-11-25T15:28:59","modified_gmt":"2025-11-25T15:28:59","slug":"cooler-yeti-roadie-15-white","status":"publish","type":"product","link":"https:\/\/www.flyshop.cl\/TIENDA\/producto\/cooler-yeti-roadie-15-white\/","title":{"rendered":"COOLER YETI ROADIE 15 WHITE"},"content":{"rendered":"<ul class=\"a-unordered-list a-vertical a-spacing-mini\">\n<li class=\"a-spacing-mini\"><span class=\"a-list-item\"> Conoce el enfriador m\u00e1s compacto de la l\u00ednea YETI Esta versi\u00f3n peque\u00f1a pero poderosa de la cl\u00e1sica familia Roadie todav\u00eda contiene todos tus art\u00edculos esenciales, latas y botellas de vino favoritas. Se adapta a 22 latas (solamente) o 16 libras de hielo (solamente) <\/span><\/li>\n<li class=\"a-spacing-mini\"><span class=\"a-list-item\"> Embalaje amigable con el vino: se adapta a la mayor\u00eda de botellas de vino est\u00e1ndar y botellas de refresco de dos litros en su lado <\/span><\/li>\n<li class=\"a-spacing-mini\"><span class=\"a-list-item\"> Correa doble: dise\u00f1ada para transportar manos libres o un agarre c\u00f3modo mientras se transporta <\/span><\/li>\n<li class=\"a-spacing-mini\"><span class=\"a-list-item\"> Asas de agarre para labios: mantente fuera del camino y haz que llevar tu captura sea f\u00e1cil <\/span><\/li>\n<li class=\"a-spacing-mini\"><span class=\"a-list-item\"> Pies antideslizantes para pies bajos: evita que se deslice en el barco o en el asiento trasero <\/span><\/li>\n<\/ul>\n<p>&nbsp;<\/p>\n<p><img loading=\"lazy\" decoding=\"async\" class=\"alignnone size-medium wp-image-20901\" src=\"https:\/\/www.flyshop.cl\/TIENDA\/wp-content\/uploads\/2025\/05\/W-site_studio_hard_goods_Roadie_15_White_Front_7957_Primary_B_2400x2400-300x300.avif\" alt=\"\" width=\"300\" height=\"300\" srcset=\"https:\/\/www.flyshop.cl\/TIENDA\/wp-content\/uploads\/2025\/05\/W-site_studio_hard_goods_Roadie_15_White_Front_7957_Primary_B_2400x2400-300x300.avif 300w, https:\/\/www.flyshop.cl\/TIENDA\/wp-content\/uploads\/2025\/05\/W-site_studio_hard_goods_Roadie_15_White_Front_7957_Primary_B_2400x2400-150x150.avif 150w, https:\/\/www.flyshop.cl\/TIENDA\/wp-content\/uploads\/2025\/05\/W-site_studio_hard_goods_Roadie_15_White_Front_7957_Primary_B_2400x2400-768x768.avif 768w, https:\/\/www.flyshop.cl\/TIENDA\/wp-content\/uploads\/2025\/05\/W-site_studio_hard_goods_Roadie_15_White_Front_7957_Primary_B_2400x2400-600x600.avif 600w, https:\/\/www.flyshop.cl\/TIENDA\/wp-content\/uploads\/2025\/05\/W-site_studio_hard_goods_Roadie_15_White_Front_7957_Primary_B_2400x2400-100x100.avif 100w, https:\/\/www.flyshop.cl\/TIENDA\/wp-content\/uploads\/2025\/05\/W-site_studio_hard_goods_Roadie_15_White_Front_7957_Primary_B_2400x2400.avif 846w\" sizes=\"auto, (max-width: 300px) 100vw, 300px\" \/><img loading=\"lazy\" decoding=\"async\" class=\"alignnone size-medium wp-image-20898\" src=\"https:\/\/www.flyshop.cl\/TIENDA\/wp-content\/uploads\/2025\/05\/W-site_studio_hard_goods_Roadie_15_White_3qter_Closed_8184_Primary_B_2400x2400-300x300.avif\" alt=\"\" width=\"300\" height=\"300\" srcset=\"https:\/\/www.flyshop.cl\/TIENDA\/wp-content\/uploads\/2025\/05\/W-site_studio_hard_goods_Roadie_15_White_3qter_Closed_8184_Primary_B_2400x2400-300x300.avif 300w, https:\/\/www.flyshop.cl\/TIENDA\/wp-content\/uploads\/2025\/05\/W-site_studio_hard_goods_Roadie_15_White_3qter_Closed_8184_Primary_B_2400x2400-150x150.avif 150w, https:\/\/www.flyshop.cl\/TIENDA\/wp-content\/uploads\/2025\/05\/W-site_studio_hard_goods_Roadie_15_White_3qter_Closed_8184_Primary_B_2400x2400-768x768.avif 768w, https:\/\/www.flyshop.cl\/TIENDA\/wp-content\/uploads\/2025\/05\/W-site_studio_hard_goods_Roadie_15_White_3qter_Closed_8184_Primary_B_2400x2400-600x600.avif 600w, https:\/\/www.flyshop.cl\/TIENDA\/wp-content\/uploads\/2025\/05\/W-site_studio_hard_goods_Roadie_15_White_3qter_Closed_8184_Primary_B_2400x2400-100x100.avif 100w, https:\/\/www.flyshop.cl\/TIENDA\/wp-content\/uploads\/2025\/05\/W-site_studio_hard_goods_Roadie_15_White_3qter_Closed_8184_Primary_B_2400x2400.avif 846w\" sizes=\"auto, (max-width: 300px) 100vw, 300px\" \/><img loading=\"lazy\" decoding=\"async\" class=\"alignnone size-medium wp-image-20904\" src=\"https:\/\/www.flyshop.cl\/TIENDA\/wp-content\/uploads\/2025\/05\/W-site_studio_hard_goods_Roadie_15_White_Overhead_Empty_8156_Primary_B_2400x2400-300x300.avif\" alt=\"\" width=\"300\" height=\"300\" srcset=\"https:\/\/www.flyshop.cl\/TIENDA\/wp-content\/uploads\/2025\/05\/W-site_studio_hard_goods_Roadie_15_White_Overhead_Empty_8156_Primary_B_2400x2400-300x300.avif 300w, https:\/\/www.flyshop.cl\/TIENDA\/wp-content\/uploads\/2025\/05\/W-site_studio_hard_goods_Roadie_15_White_Overhead_Empty_8156_Primary_B_2400x2400-150x150.avif 150w, https:\/\/www.flyshop.cl\/TIENDA\/wp-content\/uploads\/2025\/05\/W-site_studio_hard_goods_Roadie_15_White_Overhead_Empty_8156_Primary_B_2400x2400-768x768.avif 768w, https:\/\/www.flyshop.cl\/TIENDA\/wp-content\/uploads\/2025\/05\/W-site_studio_hard_goods_Roadie_15_White_Overhead_Empty_8156_Primary_B_2400x2400-600x600.avif 600w, https:\/\/www.flyshop.cl\/TIENDA\/wp-content\/uploads\/2025\/05\/W-site_studio_hard_goods_Roadie_15_White_Overhead_Empty_8156_Primary_B_2400x2400-100x100.avif 100w, https:\/\/www.flyshop.cl\/TIENDA\/wp-content\/uploads\/2025\/05\/W-site_studio_hard_goods_Roadie_15_White_Overhead_Empty_8156_Primary_B_2400x2400.avif 846w\" sizes=\"auto, (max-width: 300px) 100vw, 300px\" \/><img loading=\"lazy\" decoding=\"async\" class=\"alignnone size-medium wp-image-20900\" src=\"https:\/\/www.flyshop.cl\/TIENDA\/wp-content\/uploads\/2025\/05\/W-site_studio_hard_goods_Roadie_15_White_Detail_8107_Primary_B_2400x2400-300x300.avif\" alt=\"\" width=\"300\" height=\"300\" srcset=\"https:\/\/www.flyshop.cl\/TIENDA\/wp-content\/uploads\/2025\/05\/W-site_studio_hard_goods_Roadie_15_White_Detail_8107_Primary_B_2400x2400-300x300.avif 300w, https:\/\/www.flyshop.cl\/TIENDA\/wp-content\/uploads\/2025\/05\/W-site_studio_hard_goods_Roadie_15_White_Detail_8107_Primary_B_2400x2400-150x150.avif 150w, https:\/\/www.flyshop.cl\/TIENDA\/wp-content\/uploads\/2025\/05\/W-site_studio_hard_goods_Roadie_15_White_Detail_8107_Primary_B_2400x2400-768x768.avif 768w, https:\/\/www.flyshop.cl\/TIENDA\/wp-content\/uploads\/2025\/05\/W-site_studio_hard_goods_Roadie_15_White_Detail_8107_Primary_B_2400x2400-600x600.avif 600w, https:\/\/www.flyshop.cl\/TIENDA\/wp-content\/uploads\/2025\/05\/W-site_studio_hard_goods_Roadie_15_White_Detail_8107_Primary_B_2400x2400-100x100.avif 100w, https:\/\/www.flyshop.cl\/TIENDA\/wp-content\/uploads\/2025\/05\/W-site_studio_hard_goods_Roadie_15_White_Detail_8107_Primary_B_2400x2400.avif 846w\" sizes=\"auto, (max-width: 300px) 100vw, 300px\" \/><img loading=\"lazy\" decoding=\"async\" class=\"alignnone size-medium wp-image-20899\" src=\"https:\/\/www.flyshop.cl\/TIENDA\/wp-content\/uploads\/2025\/05\/W-site_studio_hard_goods_Roadie_15_White_Bottom_8083_Primary_B_2400x2400-300x300.avif\" alt=\"\" width=\"300\" height=\"300\" srcset=\"https:\/\/www.flyshop.cl\/TIENDA\/wp-content\/uploads\/2025\/05\/W-site_studio_hard_goods_Roadie_15_White_Bottom_8083_Primary_B_2400x2400-300x300.avif 300w, https:\/\/www.flyshop.cl\/TIENDA\/wp-content\/uploads\/2025\/05\/W-site_studio_hard_goods_Roadie_15_White_Bottom_8083_Primary_B_2400x2400-150x150.avif 150w, https:\/\/www.flyshop.cl\/TIENDA\/wp-content\/uploads\/2025\/05\/W-site_studio_hard_goods_Roadie_15_White_Bottom_8083_Primary_B_2400x2400-768x768.avif 768w, https:\/\/www.flyshop.cl\/TIENDA\/wp-content\/uploads\/2025\/05\/W-site_studio_hard_goods_Roadie_15_White_Bottom_8083_Primary_B_2400x2400-600x600.avif 600w, https:\/\/www.flyshop.cl\/TIENDA\/wp-content\/uploads\/2025\/05\/W-site_studio_hard_goods_Roadie_15_White_Bottom_8083_Primary_B_2400x2400-100x100.avif 100w, https:\/\/www.flyshop.cl\/TIENDA\/wp-content\/uploads\/2025\/05\/W-site_studio_hard_goods_Roadie_15_White_Bottom_8083_Primary_B_2400x2400.avif 846w\" sizes=\"auto, (max-width: 300px) 100vw, 300px\" \/><\/p>\n","protected":false},"excerpt":{"rendered":"<p>Conoce el enfriador m\u00e1s compacto de la l\u00ednea YETI Esta versi\u00f3n peque\u00f1a pero poderosa de la cl\u00e1sica familia Roadie todav\u00eda contiene todos tus art\u00edculos esenciales, latas y botellas de vino favoritas. Se adapta a 22 latas (solamente) o 16 libras&hellip;<\/p>\n","protected":false},"featured_media":20903,"comment_status":"closed","ping_status":"closed","template":"","meta":{"_joinchat":[]},"product_brand":[],"product_cat":[788],"product_tag":[],"class_list":{"0":"post-20897","1":"product","2":"type-product","3":"status-publish","4":"has-post-thumbnail","6":"product_cat-yeti","7":"entry","8":"has-media","10":"first","11":"outofstock","12":"shipping-taxable","13":"purchasable","14":"product-type-simple","15":"col","16":"wpex-woo-entry","17":"span_1_of_6 span_1_of_3_pp"},"supplier_id":null,"supplier_sku":"","barcode":null,"atum_controlled":true,"out_stock_date":"2025-11-25 15:28:59","out_stock_threshold":null,"inheritable":false,"inbound_stock":null,"stock_on_hold":null,"sold_today":null,"sales_last_days":null,"reserved_stock":null,"customer_returns":null,"warehouse_damage":null,"lost_in_post":null,"other_logs":null,"out_stock_days":0,"lost_sales":null,"has_location":false,"update_date":"2025-11-25T15:29:00","atum_locations":[],"atum_stock_status":"outofstock","restock_status":false,"low_stock_amount":"","sales_update_date":null,"calc_backorders":null,"_links":{"self":[{"href":"https:\/\/www.flyshop.cl\/TIENDA\/wp-json\/wp\/v2\/product\/20897","targetHints":{"allow":["GET"]}}],"collection":[{"href":"https:\/\/www.flyshop.cl\/TIENDA\/wp-json\/wp\/v2\/product"}],"about":[{"href":"https:\/\/www.flyshop.cl\/TIENDA\/wp-json\/wp\/v2\/types\/product"}],"replies":[{"embeddable":true,"href":"https:\/\/www.flyshop.cl\/TIENDA\/wp-json\/wp\/v2\/comments?post=20897"}],"wp:featuredmedia":[{"embeddable":true,"href":"https:\/\/www.flyshop.cl\/TIENDA\/wp-json\/wp\/v2\/media\/20903"}],"wp:attachment":[{"href":"https:\/\/www.flyshop.cl\/TIENDA\/wp-json\/wp\/v2\/media?parent=20897"}],"wp:term":[{"taxonomy":"product_brand","embeddable":true,"href":"https:\/\/www.flyshop.cl\/TIENDA\/wp-json\/wp\/v2\/product_brand?post=20897"},{"taxonomy":"product_cat","embeddable":true,"href":"https:\/\/www.flyshop.cl\/TIENDA\/wp-json\/wp\/v2\/product_cat?post=20897"},{"taxonomy":"product_tag","embeddable":true,"href":"https:\/\/www.flyshop.cl\/TIENDA\/wp-json\/wp\/v2\/product_tag?post=20897"}],"curies":[{"name":"wp","href":"https:\/\/api.w.org\/{rel}","templated":true}]}}