{"id":20866,"date":"2025-05-20T16:10:57","date_gmt":"2025-05-20T16:10:57","guid":{"rendered":"https:\/\/www.flyshop.cl\/TIENDA\/?post_type=product&#038;p=20866"},"modified":"2026-03-25T15:46:32","modified_gmt":"2026-03-25T15:46:32","slug":"hopper-backpack-m12-olive-black","status":"publish","type":"product","link":"https:\/\/www.flyshop.cl\/TIENDA\/producto\/hopper-backpack-m12-olive-black\/","title":{"rendered":"HOPPER BACKPACK M12 OLIVE\/BLACK"},"content":{"rendered":"<div class=\"ui-pdp-container__row\">\n<div class=\"ui-pdp-container__col col-1 pl-24 pr-24\">\n<div class=\"ui-pdp-collapsable mt-24 ui-pdp-description-collapse\">\n<div class=\"ui-pdp-collapsable__container\">\n<div class=\"ui-pdp-description\">\n<p class=\"ui-pdp-description__content\" data-testid=\"content\">COOLER\u00a0 suave tipo mochila YETI Hopper M12 ayuda a mantener las bebidas fr\u00edas y al alcance de la mano con su duradero cierre magn\u00e9tico y su amplia apertura de boca. Dise\u00f1ada para ofrecer comodidad, esta hielera tipo mochila est\u00e1 dise\u00f1ada para adaptarse a botellas de vino y puede transportar hasta 20 latas de tu bebida favorita. Coloca accesorios como el portabotellas Yeti Rambler o el estuche Sidekick Dry Gear en la hielera HitchPoint Grid de la hielera para llevar contigo a\u00fan m\u00e1s equipo de aventura. Adem\u00e1s, el bolsillo tipo canguro te permite guardar f\u00e1cilmente las llaves, la cartera o el tel\u00e9fono para ponerte en marcha. La parte superior plegable se asegura con dos hebillas de cierre r\u00e1pido para un transporte f\u00e1cil y seguro a tus lugares favoritos al aire libre. ADVERTENCIA: No deje la hielera blanda abierta en presencia de ni\u00f1os y animales. Pueden producirse atrapamientos y asfixia. ADVERTENCIA: Los enfriadores Hopper Soft no son compatibles con el hielo seco. El uso de hielo seco har\u00e1 que el recipiente herm\u00e9tico explote. ADVERTENCIA: Este producto contiene imanes. Colocarla cerca de un marcapasos puede provocar interferencias. &#8211; La hielera blanda tipo mochila YETI Hopper M12 ayuda a mantener las bebidas fr\u00edas y al alcance de la mano &#8211; MAGSHIELD ACCESS &#8211; Los potentes y duraderos imanes crean un escudo ultrarresistente a las fugas que permanece abierto cuando lo necesitas y se cierra con un suave empuj\u00f3n &#8211; AISLAMIENTO DE CELDAS FR\u00cdAS &#8211; La espuma de celda cerrada ofrece una impresionante capacidad de retenci\u00f3n en fr\u00edo y ayuda a mantener tus productos helados fr\u00edos como el hielo &#8211; CARCASA DE PIEL SECA &#8211; El tejido de alta densidad resiste pinchazos y rayos UV. Un bolsillo tipo canguro en el exterior tiene capacidad para un tel\u00e9fono, las llaves, la cartera o un poco de salsa picante. Acceda f\u00e1cilmente a todos sus art\u00edculos imprescindibles. &#8211; La hielera tipo mochila M12 est\u00e1 dise\u00f1ada para adaptarse a botellas de vino y puede transportar hasta 20 latas de 12 onzas de su bebida favorita<\/p>\n<\/div>\n<\/div>\n<\/div>\n<\/div>\n<\/div>\n<div class=\"ui-pdp-container__row\">\n<div class=\"ui-pdp-container__col col-1\"><\/div>\n<\/div>\n<div class=\"ui-pdp-container__row ui-pdp-recommendations-row\">\n<div class=\"ui-pdp-container__col col-1\">\n<div class=\"ui-pdp-spot-middle\"><img loading=\"lazy\" decoding=\"async\" class=\"alignnone size-medium wp-image-20872\" src=\"https:\/\/www.flyshop.cl\/TIENDA\/wp-content\/uploads\/2025\/05\/W-site_studio_soft_coolers_Hopper_M_12_Olive_Side_6833_Primary_B_2400x2400-300x300.avif\" alt=\"\" width=\"300\" height=\"300\" srcset=\"https:\/\/www.flyshop.cl\/TIENDA\/wp-content\/uploads\/2025\/05\/W-site_studio_soft_coolers_Hopper_M_12_Olive_Side_6833_Primary_B_2400x2400-300x300.avif 300w, https:\/\/www.flyshop.cl\/TIENDA\/wp-content\/uploads\/2025\/05\/W-site_studio_soft_coolers_Hopper_M_12_Olive_Side_6833_Primary_B_2400x2400-150x150.avif 150w, https:\/\/www.flyshop.cl\/TIENDA\/wp-content\/uploads\/2025\/05\/W-site_studio_soft_coolers_Hopper_M_12_Olive_Side_6833_Primary_B_2400x2400-768x768.avif 768w, https:\/\/www.flyshop.cl\/TIENDA\/wp-content\/uploads\/2025\/05\/W-site_studio_soft_coolers_Hopper_M_12_Olive_Side_6833_Primary_B_2400x2400-600x600.avif 600w, https:\/\/www.flyshop.cl\/TIENDA\/wp-content\/uploads\/2025\/05\/W-site_studio_soft_coolers_Hopper_M_12_Olive_Side_6833_Primary_B_2400x2400-100x100.avif 100w, https:\/\/www.flyshop.cl\/TIENDA\/wp-content\/uploads\/2025\/05\/W-site_studio_soft_coolers_Hopper_M_12_Olive_Side_6833_Primary_B_2400x2400.avif 846w\" sizes=\"auto, (max-width: 300px) 100vw, 300px\" \/><img loading=\"lazy\" decoding=\"async\" class=\"alignnone size-medium wp-image-20871\" src=\"https:\/\/www.flyshop.cl\/TIENDA\/wp-content\/uploads\/2025\/05\/W-site_studio_soft_coolers_Hopper_M_12_Olive_Overhead_1656_V3_Primary_B_2400x2400-300x300.avif\" alt=\"\" width=\"300\" height=\"300\" srcset=\"https:\/\/www.flyshop.cl\/TIENDA\/wp-content\/uploads\/2025\/05\/W-site_studio_soft_coolers_Hopper_M_12_Olive_Overhead_1656_V3_Primary_B_2400x2400-300x300.avif 300w, https:\/\/www.flyshop.cl\/TIENDA\/wp-content\/uploads\/2025\/05\/W-site_studio_soft_coolers_Hopper_M_12_Olive_Overhead_1656_V3_Primary_B_2400x2400-150x150.avif 150w, https:\/\/www.flyshop.cl\/TIENDA\/wp-content\/uploads\/2025\/05\/W-site_studio_soft_coolers_Hopper_M_12_Olive_Overhead_1656_V3_Primary_B_2400x2400-768x768.avif 768w, https:\/\/www.flyshop.cl\/TIENDA\/wp-content\/uploads\/2025\/05\/W-site_studio_soft_coolers_Hopper_M_12_Olive_Overhead_1656_V3_Primary_B_2400x2400-600x600.avif 600w, https:\/\/www.flyshop.cl\/TIENDA\/wp-content\/uploads\/2025\/05\/W-site_studio_soft_coolers_Hopper_M_12_Olive_Overhead_1656_V3_Primary_B_2400x2400-100x100.avif 100w, https:\/\/www.flyshop.cl\/TIENDA\/wp-content\/uploads\/2025\/05\/W-site_studio_soft_coolers_Hopper_M_12_Olive_Overhead_1656_V3_Primary_B_2400x2400.avif 846w\" sizes=\"auto, (max-width: 300px) 100vw, 300px\" \/><img loading=\"lazy\" decoding=\"async\" class=\"alignnone size-medium wp-image-20869\" src=\"https:\/\/www.flyshop.cl\/TIENDA\/wp-content\/uploads\/2025\/05\/W-site_studio_soft_coolers_Hopper_M_12_Olive_Bottom_6703_Primary_B_2400x2400-300x300.avif\" alt=\"\" width=\"300\" height=\"300\" srcset=\"https:\/\/www.flyshop.cl\/TIENDA\/wp-content\/uploads\/2025\/05\/W-site_studio_soft_coolers_Hopper_M_12_Olive_Bottom_6703_Primary_B_2400x2400-300x300.avif 300w, https:\/\/www.flyshop.cl\/TIENDA\/wp-content\/uploads\/2025\/05\/W-site_studio_soft_coolers_Hopper_M_12_Olive_Bottom_6703_Primary_B_2400x2400-150x150.avif 150w, https:\/\/www.flyshop.cl\/TIENDA\/wp-content\/uploads\/2025\/05\/W-site_studio_soft_coolers_Hopper_M_12_Olive_Bottom_6703_Primary_B_2400x2400-768x768.avif 768w, https:\/\/www.flyshop.cl\/TIENDA\/wp-content\/uploads\/2025\/05\/W-site_studio_soft_coolers_Hopper_M_12_Olive_Bottom_6703_Primary_B_2400x2400-600x600.avif 600w, https:\/\/www.flyshop.cl\/TIENDA\/wp-content\/uploads\/2025\/05\/W-site_studio_soft_coolers_Hopper_M_12_Olive_Bottom_6703_Primary_B_2400x2400-100x100.avif 100w, https:\/\/www.flyshop.cl\/TIENDA\/wp-content\/uploads\/2025\/05\/W-site_studio_soft_coolers_Hopper_M_12_Olive_Bottom_6703_Primary_B_2400x2400.avif 846w\" sizes=\"auto, (max-width: 300px) 100vw, 300px\" \/><img loading=\"lazy\" decoding=\"async\" class=\"alignnone size-medium wp-image-20868\" src=\"https:\/\/www.flyshop.cl\/TIENDA\/wp-content\/uploads\/2025\/05\/W-site_studio_soft_coolers_Hopper_M_12_Olive_Back_7031_Primary_B_2400x2400-300x300.avif\" alt=\"\" width=\"300\" height=\"300\" srcset=\"https:\/\/www.flyshop.cl\/TIENDA\/wp-content\/uploads\/2025\/05\/W-site_studio_soft_coolers_Hopper_M_12_Olive_Back_7031_Primary_B_2400x2400-300x300.avif 300w, https:\/\/www.flyshop.cl\/TIENDA\/wp-content\/uploads\/2025\/05\/W-site_studio_soft_coolers_Hopper_M_12_Olive_Back_7031_Primary_B_2400x2400-150x150.avif 150w, https:\/\/www.flyshop.cl\/TIENDA\/wp-content\/uploads\/2025\/05\/W-site_studio_soft_coolers_Hopper_M_12_Olive_Back_7031_Primary_B_2400x2400-768x768.avif 768w, https:\/\/www.flyshop.cl\/TIENDA\/wp-content\/uploads\/2025\/05\/W-site_studio_soft_coolers_Hopper_M_12_Olive_Back_7031_Primary_B_2400x2400-600x600.avif 600w, https:\/\/www.flyshop.cl\/TIENDA\/wp-content\/uploads\/2025\/05\/W-site_studio_soft_coolers_Hopper_M_12_Olive_Back_7031_Primary_B_2400x2400-100x100.avif 100w, https:\/\/www.flyshop.cl\/TIENDA\/wp-content\/uploads\/2025\/05\/W-site_studio_soft_coolers_Hopper_M_12_Olive_Back_7031_Primary_B_2400x2400.avif 846w\" sizes=\"auto, (max-width: 300px) 100vw, 300px\" \/><img loading=\"lazy\" decoding=\"async\" class=\"alignnone size-medium wp-image-20867\" src=\"https:\/\/www.flyshop.cl\/TIENDA\/wp-content\/uploads\/2025\/05\/W-site_studio_soft_coolers_Hopper_M_12_Olive_3QTR_Open_7617_V2_Primary_B_2400x2400-300x300.avif\" alt=\"\" width=\"300\" height=\"300\" srcset=\"https:\/\/www.flyshop.cl\/TIENDA\/wp-content\/uploads\/2025\/05\/W-site_studio_soft_coolers_Hopper_M_12_Olive_3QTR_Open_7617_V2_Primary_B_2400x2400-300x300.avif 300w, https:\/\/www.flyshop.cl\/TIENDA\/wp-content\/uploads\/2025\/05\/W-site_studio_soft_coolers_Hopper_M_12_Olive_3QTR_Open_7617_V2_Primary_B_2400x2400-150x150.avif 150w, https:\/\/www.flyshop.cl\/TIENDA\/wp-content\/uploads\/2025\/05\/W-site_studio_soft_coolers_Hopper_M_12_Olive_3QTR_Open_7617_V2_Primary_B_2400x2400-768x768.avif 768w, https:\/\/www.flyshop.cl\/TIENDA\/wp-content\/uploads\/2025\/05\/W-site_studio_soft_coolers_Hopper_M_12_Olive_3QTR_Open_7617_V2_Primary_B_2400x2400-600x600.avif 600w, https:\/\/www.flyshop.cl\/TIENDA\/wp-content\/uploads\/2025\/05\/W-site_studio_soft_coolers_Hopper_M_12_Olive_3QTR_Open_7617_V2_Primary_B_2400x2400-100x100.avif 100w, https:\/\/www.flyshop.cl\/TIENDA\/wp-content\/uploads\/2025\/05\/W-site_studio_soft_coolers_Hopper_M_12_Olive_3QTR_Open_7617_V2_Primary_B_2400x2400.avif 846w\" sizes=\"auto, (max-width: 300px) 100vw, 300px\" \/><\/div>\n<\/div>\n<\/div>\n","protected":false},"excerpt":{"rendered":"<p>COOLER\u00a0 suave tipo mochila YETI Hopper M12 ayuda a mantener las bebidas fr\u00edas y al alcance de la mano con su duradero cierre magn\u00e9tico y su amplia apertura de boca. Dise\u00f1ada para ofrecer comodidad, esta hielera tipo mochila est\u00e1 dise\u00f1ada&hellip;<\/p>\n","protected":false},"featured_media":20870,"comment_status":"closed","ping_status":"closed","template":"","meta":{"_joinchat":[]},"product_brand":[],"product_cat":[788],"product_tag":[],"class_list":{"0":"post-20866","1":"product","2":"type-product","3":"status-publish","4":"has-post-thumbnail","6":"product_cat-yeti","7":"entry","8":"has-media","10":"first","11":"outofstock","12":"shipping-taxable","13":"purchasable","14":"product-type-simple","15":"col","16":"wpex-woo-entry","17":"span_1_of_6 span_1_of_3_pp"},"supplier_id":null,"supplier_sku":"","barcode":null,"atum_controlled":true,"out_stock_date":"2026-03-25 15:46:32","out_stock_threshold":null,"inheritable":false,"inbound_stock":null,"stock_on_hold":null,"sold_today":null,"sales_last_days":null,"reserved_stock":null,"customer_returns":null,"warehouse_damage":null,"lost_in_post":null,"other_logs":null,"out_stock_days":null,"lost_sales":null,"has_location":false,"update_date":"2026-03-25T15:46:34","atum_locations":[],"atum_stock_status":"outofstock","restock_status":false,"low_stock_amount":"","sales_update_date":null,"calc_backorders":null,"_links":{"self":[{"href":"https:\/\/www.flyshop.cl\/TIENDA\/wp-json\/wp\/v2\/product\/20866","targetHints":{"allow":["GET"]}}],"collection":[{"href":"https:\/\/www.flyshop.cl\/TIENDA\/wp-json\/wp\/v2\/product"}],"about":[{"href":"https:\/\/www.flyshop.cl\/TIENDA\/wp-json\/wp\/v2\/types\/product"}],"replies":[{"embeddable":true,"href":"https:\/\/www.flyshop.cl\/TIENDA\/wp-json\/wp\/v2\/comments?post=20866"}],"wp:featuredmedia":[{"embeddable":true,"href":"https:\/\/www.flyshop.cl\/TIENDA\/wp-json\/wp\/v2\/media\/20870"}],"wp:attachment":[{"href":"https:\/\/www.flyshop.cl\/TIENDA\/wp-json\/wp\/v2\/media?parent=20866"}],"wp:term":[{"taxonomy":"product_brand","embeddable":true,"href":"https:\/\/www.flyshop.cl\/TIENDA\/wp-json\/wp\/v2\/product_brand?post=20866"},{"taxonomy":"product_cat","embeddable":true,"href":"https:\/\/www.flyshop.cl\/TIENDA\/wp-json\/wp\/v2\/product_cat?post=20866"},{"taxonomy":"product_tag","embeddable":true,"href":"https:\/\/www.flyshop.cl\/TIENDA\/wp-json\/wp\/v2\/product_tag?post=20866"}],"curies":[{"name":"wp","href":"https:\/\/api.w.org\/{rel}","templated":true}]}}