{"id":20841,"date":"2025-05-20T15:28:08","date_gmt":"2025-05-20T15:28:08","guid":{"rendered":"https:\/\/www.flyshop.cl\/TIENDA\/?post_type=product&#038;p=20841"},"modified":"2025-05-20T15:28:09","modified_gmt":"2025-05-20T15:28:09","slug":"yeti-hopper-backpack-m20-olive-black","status":"publish","type":"product","link":"https:\/\/www.flyshop.cl\/TIENDA\/producto\/yeti-hopper-backpack-m20-olive-black\/","title":{"rendered":"YETI HOPPER BACKPACK M20 OLIVE\/BLACK"},"content":{"rendered":"<p>Dise\u00f1ada para brindar comodidad, la YETI Hopper M20 es una hielera tipo mochila que puede transportar hasta 36 latas de tu bebida favorita (o 22 libras de hielo) mientras mantienes las manos libres. El cierre magn\u00e9tico f\u00e1cil de usar de esta hielera y la amplia apertura de la boca mantienen las bebidas fr\u00edas al alcance de la mano. Coloca accesorios co<\/p>\n<p>mo el portabotellas Yetis Rambler o el estuche Sidekick Dry Gear en la hielera HitchPoint Grid para tener el equipo a mano. La parte superior se pliega y se engancha con dos hebillas para transportarla de forma f\u00e1cil y segura a tus lugares favoritos al aire libre. ADVERTENCIA: No deje la hielera blanda abierta en presencia de ni\u00f1os y animales. Pueden producirse atrapamientos y asfixia. ADVERTENCIA: Los enfriadores Hopper Soft no son compatibles con el hielo seco. El uso de hielo seco har\u00e1 que el recipiente herm\u00e9tico explote. ADVERTENCIA: Este producto contiene imanes. Colocarlo cerca de un marcapasos puede provocar interferencias. &#8211; Lleve hasta 36 latas de su bebida favorita (o 22 libras de hielo) mientras mantiene las manos libres &#8211; ACCESO AL MAGSHIELD: los potentes imanes crean un escudo ultrarresistente a las fugas que permanece abierto cuando lo necesita y se cierra con un suave empuj\u00f3n &#8211; AISLAMIENTO DE CELDAS FR\u00cdAS: la espuma de c\u00e9lulas cerradas ofrece una impresionante capacidad de retenci\u00f3n en fr\u00edo y ayuda a mantener los productos helados fr\u00edos como el hielo &#8211; CARCASA DE PIEL SECA: el tejido de alta densidad resiste los golpes cortinas y rayos UV &#8211; HITCHPOINT GRID: sujeta de forma segura tu funda SideKick Dry Gear o c\u00e1rgala con el abrebotellas YETI Molle, Molle Zinger u otras multiherramientas<\/p>\n<p>&nbsp;<\/p>\n<p><img loading=\"lazy\" decoding=\"async\" class=\"alignnone size-medium wp-image-20842\" src=\"https:\/\/www.flyshop.cl\/TIENDA\/wp-content\/uploads\/2025\/05\/W-site_studio_soft_coolers_Olive_M_20_3qter_Closed_13063_Primary_B_2400x2400-300x300.avif\" alt=\"\" width=\"300\" height=\"300\" srcset=\"https:\/\/www.flyshop.cl\/TIENDA\/wp-content\/uploads\/2025\/05\/W-site_studio_soft_coolers_Olive_M_20_3qter_Closed_13063_Primary_B_2400x2400-300x300.avif 300w, https:\/\/www.flyshop.cl\/TIENDA\/wp-content\/uploads\/2025\/05\/W-site_studio_soft_coolers_Olive_M_20_3qter_Closed_13063_Primary_B_2400x2400-150x150.avif 150w, https:\/\/www.flyshop.cl\/TIENDA\/wp-content\/uploads\/2025\/05\/W-site_studio_soft_coolers_Olive_M_20_3qter_Closed_13063_Primary_B_2400x2400-768x768.avif 768w, https:\/\/www.flyshop.cl\/TIENDA\/wp-content\/uploads\/2025\/05\/W-site_studio_soft_coolers_Olive_M_20_3qter_Closed_13063_Primary_B_2400x2400-600x600.avif 600w, https:\/\/www.flyshop.cl\/TIENDA\/wp-content\/uploads\/2025\/05\/W-site_studio_soft_coolers_Olive_M_20_3qter_Closed_13063_Primary_B_2400x2400-100x100.avif 100w, https:\/\/www.flyshop.cl\/TIENDA\/wp-content\/uploads\/2025\/05\/W-site_studio_soft_coolers_Olive_M_20_3qter_Closed_13063_Primary_B_2400x2400.avif 846w\" sizes=\"auto, (max-width: 300px) 100vw, 300px\" \/><img loading=\"lazy\" decoding=\"async\" class=\"alignnone size-medium wp-image-20847\" src=\"https:\/\/www.flyshop.cl\/TIENDA\/wp-content\/uploads\/2025\/05\/W-site_studio_soft_coolers_Olive_M_20_Side_13025_Primary_B_2400x2400-300x300.avif\" alt=\"\" width=\"300\" height=\"300\" srcset=\"https:\/\/www.flyshop.cl\/TIENDA\/wp-content\/uploads\/2025\/05\/W-site_studio_soft_coolers_Olive_M_20_Side_13025_Primary_B_2400x2400-300x300.avif 300w, https:\/\/www.flyshop.cl\/TIENDA\/wp-content\/uploads\/2025\/05\/W-site_studio_soft_coolers_Olive_M_20_Side_13025_Primary_B_2400x2400-150x150.avif 150w, https:\/\/www.flyshop.cl\/TIENDA\/wp-content\/uploads\/2025\/05\/W-site_studio_soft_coolers_Olive_M_20_Side_13025_Primary_B_2400x2400-768x768.avif 768w, https:\/\/www.flyshop.cl\/TIENDA\/wp-content\/uploads\/2025\/05\/W-site_studio_soft_coolers_Olive_M_20_Side_13025_Primary_B_2400x2400-600x600.avif 600w, https:\/\/www.flyshop.cl\/TIENDA\/wp-content\/uploads\/2025\/05\/W-site_studio_soft_coolers_Olive_M_20_Side_13025_Primary_B_2400x2400-100x100.avif 100w, https:\/\/www.flyshop.cl\/TIENDA\/wp-content\/uploads\/2025\/05\/W-site_studio_soft_coolers_Olive_M_20_Side_13025_Primary_B_2400x2400.avif 846w\" sizes=\"auto, (max-width: 300px) 100vw, 300px\" \/><img loading=\"lazy\" decoding=\"async\" class=\"alignnone size-medium wp-image-20846\" src=\"https:\/\/www.flyshop.cl\/TIENDA\/wp-content\/uploads\/2025\/05\/W-site_studio_soft_coolers_Olive_M_20_Overhead_13483_V2_Primary_B_2400x2400-300x300.avif\" alt=\"\" width=\"300\" height=\"300\" srcset=\"https:\/\/www.flyshop.cl\/TIENDA\/wp-content\/uploads\/2025\/05\/W-site_studio_soft_coolers_Olive_M_20_Overhead_13483_V2_Primary_B_2400x2400-300x300.avif 300w, https:\/\/www.flyshop.cl\/TIENDA\/wp-content\/uploads\/2025\/05\/W-site_studio_soft_coolers_Olive_M_20_Overhead_13483_V2_Primary_B_2400x2400-150x150.avif 150w, https:\/\/www.flyshop.cl\/TIENDA\/wp-content\/uploads\/2025\/05\/W-site_studio_soft_coolers_Olive_M_20_Overhead_13483_V2_Primary_B_2400x2400-768x768.avif 768w, https:\/\/www.flyshop.cl\/TIENDA\/wp-content\/uploads\/2025\/05\/W-site_studio_soft_coolers_Olive_M_20_Overhead_13483_V2_Primary_B_2400x2400-600x600.avif 600w, https:\/\/www.flyshop.cl\/TIENDA\/wp-content\/uploads\/2025\/05\/W-site_studio_soft_coolers_Olive_M_20_Overhead_13483_V2_Primary_B_2400x2400-100x100.avif 100w, https:\/\/www.flyshop.cl\/TIENDA\/wp-content\/uploads\/2025\/05\/W-site_studio_soft_coolers_Olive_M_20_Overhead_13483_V2_Primary_B_2400x2400.avif 846w\" sizes=\"auto, (max-width: 300px) 100vw, 300px\" \/><img loading=\"lazy\" decoding=\"async\" class=\"alignnone size-medium wp-image-20845\" src=\"https:\/\/www.flyshop.cl\/TIENDA\/wp-content\/uploads\/2025\/05\/W-site_studio_soft_coolers_Olive_M_20_Front_Open_13009_Primary_B_2400x2400-300x300.avif\" alt=\"\" width=\"300\" height=\"300\" srcset=\"https:\/\/www.flyshop.cl\/TIENDA\/wp-content\/uploads\/2025\/05\/W-site_studio_soft_coolers_Olive_M_20_Front_Open_13009_Primary_B_2400x2400-300x300.avif 300w, https:\/\/www.flyshop.cl\/TIENDA\/wp-content\/uploads\/2025\/05\/W-site_studio_soft_coolers_Olive_M_20_Front_Open_13009_Primary_B_2400x2400-150x150.avif 150w, https:\/\/www.flyshop.cl\/TIENDA\/wp-content\/uploads\/2025\/05\/W-site_studio_soft_coolers_Olive_M_20_Front_Open_13009_Primary_B_2400x2400-768x768.avif 768w, https:\/\/www.flyshop.cl\/TIENDA\/wp-content\/uploads\/2025\/05\/W-site_studio_soft_coolers_Olive_M_20_Front_Open_13009_Primary_B_2400x2400-600x600.avif 600w, https:\/\/www.flyshop.cl\/TIENDA\/wp-content\/uploads\/2025\/05\/W-site_studio_soft_coolers_Olive_M_20_Front_Open_13009_Primary_B_2400x2400-100x100.avif 100w, https:\/\/www.flyshop.cl\/TIENDA\/wp-content\/uploads\/2025\/05\/W-site_studio_soft_coolers_Olive_M_20_Front_Open_13009_Primary_B_2400x2400.avif 846w\" sizes=\"auto, (max-width: 300px) 100vw, 300px\" \/><img loading=\"lazy\" decoding=\"async\" class=\"alignnone size-medium wp-image-20844\" src=\"https:\/\/www.flyshop.cl\/TIENDA\/wp-content\/uploads\/2025\/05\/W-site_studio_soft_coolers_Olive_M_20_Back_13033_Primary_B_2400x2400-300x300.avif\" alt=\"\" width=\"300\" height=\"300\" srcset=\"https:\/\/www.flyshop.cl\/TIENDA\/wp-content\/uploads\/2025\/05\/W-site_studio_soft_coolers_Olive_M_20_Back_13033_Primary_B_2400x2400-300x300.avif 300w, https:\/\/www.flyshop.cl\/TIENDA\/wp-content\/uploads\/2025\/05\/W-site_studio_soft_coolers_Olive_M_20_Back_13033_Primary_B_2400x2400-150x150.avif 150w, https:\/\/www.flyshop.cl\/TIENDA\/wp-content\/uploads\/2025\/05\/W-site_studio_soft_coolers_Olive_M_20_Back_13033_Primary_B_2400x2400-768x768.avif 768w, https:\/\/www.flyshop.cl\/TIENDA\/wp-content\/uploads\/2025\/05\/W-site_studio_soft_coolers_Olive_M_20_Back_13033_Primary_B_2400x2400-600x600.avif 600w, https:\/\/www.flyshop.cl\/TIENDA\/wp-content\/uploads\/2025\/05\/W-site_studio_soft_coolers_Olive_M_20_Back_13033_Primary_B_2400x2400-100x100.avif 100w, https:\/\/www.flyshop.cl\/TIENDA\/wp-content\/uploads\/2025\/05\/W-site_studio_soft_coolers_Olive_M_20_Back_13033_Primary_B_2400x2400.avif 846w\" sizes=\"auto, (max-width: 300px) 100vw, 300px\" \/><img loading=\"lazy\" decoding=\"async\" class=\"alignnone size-medium wp-image-20843\" src=\"https:\/\/www.flyshop.cl\/TIENDA\/wp-content\/uploads\/2025\/05\/W-site_studio_soft_coolers_Olive_M_20_3qter_Open_13066_Primary_B_2400x2400-300x300.avif\" alt=\"\" width=\"300\" height=\"300\" srcset=\"https:\/\/www.flyshop.cl\/TIENDA\/wp-content\/uploads\/2025\/05\/W-site_studio_soft_coolers_Olive_M_20_3qter_Open_13066_Primary_B_2400x2400-300x300.avif 300w, https:\/\/www.flyshop.cl\/TIENDA\/wp-content\/uploads\/2025\/05\/W-site_studio_soft_coolers_Olive_M_20_3qter_Open_13066_Primary_B_2400x2400-150x150.avif 150w, https:\/\/www.flyshop.cl\/TIENDA\/wp-content\/uploads\/2025\/05\/W-site_studio_soft_coolers_Olive_M_20_3qter_Open_13066_Primary_B_2400x2400-768x768.avif 768w, https:\/\/www.flyshop.cl\/TIENDA\/wp-content\/uploads\/2025\/05\/W-site_studio_soft_coolers_Olive_M_20_3qter_Open_13066_Primary_B_2400x2400-600x600.avif 600w, https:\/\/www.flyshop.cl\/TIENDA\/wp-content\/uploads\/2025\/05\/W-site_studio_soft_coolers_Olive_M_20_3qter_Open_13066_Primary_B_2400x2400-100x100.avif 100w, https:\/\/www.flyshop.cl\/TIENDA\/wp-content\/uploads\/2025\/05\/W-site_studio_soft_coolers_Olive_M_20_3qter_Open_13066_Primary_B_2400x2400.avif 846w\" sizes=\"auto, (max-width: 300px) 100vw, 300px\" \/><\/p>\n","protected":false},"excerpt":{"rendered":"<p>Dise\u00f1ada para brindar comodidad, la YETI Hopper M20 es una hielera tipo mochila que puede transportar hasta 36 latas de tu bebida favorita (o 22 libras de hielo) mientras mantienes las manos libres. El cierre magn\u00e9tico f\u00e1cil de usar de&hellip;<\/p>\n","protected":false},"featured_media":20848,"comment_status":"closed","ping_status":"closed","template":"","meta":{"_joinchat":[]},"product_brand":[],"product_cat":[788],"product_tag":[],"class_list":{"0":"post-20841","1":"product","2":"type-product","3":"status-publish","4":"has-post-thumbnail","6":"product_cat-yeti","7":"entry","8":"has-media","10":"first","11":"instock","12":"shipping-taxable","13":"purchasable","14":"product-type-simple","15":"col","16":"wpex-woo-entry","17":"span_1_of_6 span_1_of_3_pp"},"supplier_id":null,"supplier_sku":"","barcode":null,"atum_controlled":true,"out_stock_date":null,"out_stock_threshold":null,"inheritable":false,"inbound_stock":null,"stock_on_hold":null,"sold_today":null,"sales_last_days":null,"reserved_stock":null,"customer_returns":null,"warehouse_damage":null,"lost_in_post":null,"other_logs":null,"out_stock_days":null,"lost_sales":null,"has_location":false,"update_date":"2025-05-20T15:28:11","atum_locations":[],"atum_stock_status":"instock","restock_status":false,"low_stock_amount":"","sales_update_date":null,"calc_backorders":null,"_links":{"self":[{"href":"https:\/\/www.flyshop.cl\/TIENDA\/wp-json\/wp\/v2\/product\/20841","targetHints":{"allow":["GET"]}}],"collection":[{"href":"https:\/\/www.flyshop.cl\/TIENDA\/wp-json\/wp\/v2\/product"}],"about":[{"href":"https:\/\/www.flyshop.cl\/TIENDA\/wp-json\/wp\/v2\/types\/product"}],"replies":[{"embeddable":true,"href":"https:\/\/www.flyshop.cl\/TIENDA\/wp-json\/wp\/v2\/comments?post=20841"}],"wp:featuredmedia":[{"embeddable":true,"href":"https:\/\/www.flyshop.cl\/TIENDA\/wp-json\/wp\/v2\/media\/20848"}],"wp:attachment":[{"href":"https:\/\/www.flyshop.cl\/TIENDA\/wp-json\/wp\/v2\/media?parent=20841"}],"wp:term":[{"taxonomy":"product_brand","embeddable":true,"href":"https:\/\/www.flyshop.cl\/TIENDA\/wp-json\/wp\/v2\/product_brand?post=20841"},{"taxonomy":"product_cat","embeddable":true,"href":"https:\/\/www.flyshop.cl\/TIENDA\/wp-json\/wp\/v2\/product_cat?post=20841"},{"taxonomy":"product_tag","embeddable":true,"href":"https:\/\/www.flyshop.cl\/TIENDA\/wp-json\/wp\/v2\/product_tag?post=20841"}],"curies":[{"name":"wp","href":"https:\/\/api.w.org\/{rel}","templated":true}]}}