{"id":20833,"date":"2025-05-20T15:10:46","date_gmt":"2025-05-20T15:10:46","guid":{"rendered":"https:\/\/www.flyshop.cl\/TIENDA\/?post_type=product&#038;p=20833"},"modified":"2025-11-20T18:30:06","modified_gmt":"2025-11-20T18:30:06","slug":"cooler-yeti-roadie-32-navy","status":"publish","type":"product","link":"https:\/\/www.flyshop.cl\/TIENDA\/producto\/cooler-yeti-roadie-32-navy\/","title":{"rendered":"COOLER YETI ROADIE 32 NAVY"},"content":{"rendered":"<div class=\"row row__description\">\n<div class=\"col-12\">\n<div class=\"js-short-description short-description \">\n<p>Ll\u00e9vala a todos lados!<\/p>\n<ul>\n<li>Capacidad para 50 latas (solamente)<\/li>\n<li>Capacidad para 36 lb (16.5 kg) de hielo (solamente)<\/li>\n<li>Apta para botellas de vino<\/li>\n<\/ul>\n<\/div>\n<ul>\n<li class=\"a-spacing-mini\"><span class=\"a-list-item\">El cooler con <\/span><span class=\"a-list-item\">ruedas Roadie 32 es maniobrable, duradero y compatible con el maletero de veh\u00edculos peque\u00f1os, por lo que est\u00e1 listo para navegar entre multitudes de port\u00f3n trasero, viajes largos por carretera y torneos de fin de semana <\/span><\/li>\n<li class=\"a-spacing-mini\"><span class=\"a-list-item\"> MANGO DE PERISCOPIO: Retr\u00e1ctil para mayor comodidad y construido fuerte para provisiones extra pesadas <\/span><\/li>\n<li class=\"a-spacing-mini\"><span class=\"a-list-item\"> NEVERFLAT WHEELS: La construcci\u00f3n s\u00f3lida de un neum\u00e1tico de una sola pieza es resistente a impactos y pinchazos <\/span><\/li>\n<li class=\"a-spacing-mini\"><span class=\"a-list-item\"> Asas de agarre labial: mantente fuera del camino y haz que llevar tu captura sea f\u00e1cil <\/span><\/li>\n<li class=\"a-spacing-mini\"><span class=\"a-list-item\"> PIES ANTIDESLIZANTES DEL PIE BEARFOOT: Evita que se deslice en el barco o en el asiento trasero <\/span><\/li>\n<\/ul>\n<p><img loading=\"lazy\" decoding=\"async\" class=\"alignnone size-medium wp-image-20839\" src=\"https:\/\/www.flyshop.cl\/TIENDA\/wp-content\/uploads\/2025\/05\/W-site_studio_hard_goods_Roadie_32_Navy_Front_4127_Primary_B_2400x2400-300x300.avif\" alt=\"\" width=\"300\" height=\"300\" srcset=\"https:\/\/www.flyshop.cl\/TIENDA\/wp-content\/uploads\/2025\/05\/W-site_studio_hard_goods_Roadie_32_Navy_Front_4127_Primary_B_2400x2400-300x300.avif 300w, https:\/\/www.flyshop.cl\/TIENDA\/wp-content\/uploads\/2025\/05\/W-site_studio_hard_goods_Roadie_32_Navy_Front_4127_Primary_B_2400x2400-150x150.avif 150w, https:\/\/www.flyshop.cl\/TIENDA\/wp-content\/uploads\/2025\/05\/W-site_studio_hard_goods_Roadie_32_Navy_Front_4127_Primary_B_2400x2400-768x768.avif 768w, https:\/\/www.flyshop.cl\/TIENDA\/wp-content\/uploads\/2025\/05\/W-site_studio_hard_goods_Roadie_32_Navy_Front_4127_Primary_B_2400x2400-600x600.avif 600w, https:\/\/www.flyshop.cl\/TIENDA\/wp-content\/uploads\/2025\/05\/W-site_studio_hard_goods_Roadie_32_Navy_Front_4127_Primary_B_2400x2400-100x100.avif 100w, https:\/\/www.flyshop.cl\/TIENDA\/wp-content\/uploads\/2025\/05\/W-site_studio_hard_goods_Roadie_32_Navy_Front_4127_Primary_B_2400x2400.avif 846w\" sizes=\"auto, (max-width: 300px) 100vw, 300px\" \/><img loading=\"lazy\" decoding=\"async\" class=\"alignnone size-medium wp-image-20835\" src=\"https:\/\/www.flyshop.cl\/TIENDA\/wp-content\/uploads\/2025\/05\/W-site_studio_hard_goods_Roadie_32_Navy_3QTER_Back_4329_Primary_B_2400x2400-300x300.avif\" alt=\"\" width=\"300\" height=\"300\" srcset=\"https:\/\/www.flyshop.cl\/TIENDA\/wp-content\/uploads\/2025\/05\/W-site_studio_hard_goods_Roadie_32_Navy_3QTER_Back_4329_Primary_B_2400x2400-300x300.avif 300w, https:\/\/www.flyshop.cl\/TIENDA\/wp-content\/uploads\/2025\/05\/W-site_studio_hard_goods_Roadie_32_Navy_3QTER_Back_4329_Primary_B_2400x2400-150x150.avif 150w, https:\/\/www.flyshop.cl\/TIENDA\/wp-content\/uploads\/2025\/05\/W-site_studio_hard_goods_Roadie_32_Navy_3QTER_Back_4329_Primary_B_2400x2400-768x768.avif 768w, https:\/\/www.flyshop.cl\/TIENDA\/wp-content\/uploads\/2025\/05\/W-site_studio_hard_goods_Roadie_32_Navy_3QTER_Back_4329_Primary_B_2400x2400-600x600.avif 600w, https:\/\/www.flyshop.cl\/TIENDA\/wp-content\/uploads\/2025\/05\/W-site_studio_hard_goods_Roadie_32_Navy_3QTER_Back_4329_Primary_B_2400x2400-100x100.avif 100w, https:\/\/www.flyshop.cl\/TIENDA\/wp-content\/uploads\/2025\/05\/W-site_studio_hard_goods_Roadie_32_Navy_3QTER_Back_4329_Primary_B_2400x2400.avif 846w\" sizes=\"auto, (max-width: 300px) 100vw, 300px\" \/><img loading=\"lazy\" decoding=\"async\" class=\"alignnone size-medium wp-image-20836\" src=\"https:\/\/www.flyshop.cl\/TIENDA\/wp-content\/uploads\/2025\/05\/W-site_studio_hard_goods_Roadie_32_Navy_Back_4151_Primary_B_2400x2400-300x300.avif\" alt=\"\" width=\"300\" height=\"300\" srcset=\"https:\/\/www.flyshop.cl\/TIENDA\/wp-content\/uploads\/2025\/05\/W-site_studio_hard_goods_Roadie_32_Navy_Back_4151_Primary_B_2400x2400-300x300.avif 300w, https:\/\/www.flyshop.cl\/TIENDA\/wp-content\/uploads\/2025\/05\/W-site_studio_hard_goods_Roadie_32_Navy_Back_4151_Primary_B_2400x2400-150x150.avif 150w, https:\/\/www.flyshop.cl\/TIENDA\/wp-content\/uploads\/2025\/05\/W-site_studio_hard_goods_Roadie_32_Navy_Back_4151_Primary_B_2400x2400-768x768.avif 768w, https:\/\/www.flyshop.cl\/TIENDA\/wp-content\/uploads\/2025\/05\/W-site_studio_hard_goods_Roadie_32_Navy_Back_4151_Primary_B_2400x2400-600x600.avif 600w, https:\/\/www.flyshop.cl\/TIENDA\/wp-content\/uploads\/2025\/05\/W-site_studio_hard_goods_Roadie_32_Navy_Back_4151_Primary_B_2400x2400-100x100.avif 100w, https:\/\/www.flyshop.cl\/TIENDA\/wp-content\/uploads\/2025\/05\/W-site_studio_hard_goods_Roadie_32_Navy_Back_4151_Primary_B_2400x2400.avif 846w\" sizes=\"auto, (max-width: 300px) 100vw, 300px\" \/><img loading=\"lazy\" decoding=\"async\" class=\"alignnone size-medium wp-image-20840\" src=\"https:\/\/www.flyshop.cl\/TIENDA\/wp-content\/uploads\/2025\/05\/W-site_studio_hard_goods_Roadie_32_Navy_Overhead_Empty_4428_Primary_B_2400x2400-300x300.avif\" alt=\"\" width=\"300\" height=\"300\" srcset=\"https:\/\/www.flyshop.cl\/TIENDA\/wp-content\/uploads\/2025\/05\/W-site_studio_hard_goods_Roadie_32_Navy_Overhead_Empty_4428_Primary_B_2400x2400-300x300.avif 300w, https:\/\/www.flyshop.cl\/TIENDA\/wp-content\/uploads\/2025\/05\/W-site_studio_hard_goods_Roadie_32_Navy_Overhead_Empty_4428_Primary_B_2400x2400-150x150.avif 150w, https:\/\/www.flyshop.cl\/TIENDA\/wp-content\/uploads\/2025\/05\/W-site_studio_hard_goods_Roadie_32_Navy_Overhead_Empty_4428_Primary_B_2400x2400-768x768.avif 768w, https:\/\/www.flyshop.cl\/TIENDA\/wp-content\/uploads\/2025\/05\/W-site_studio_hard_goods_Roadie_32_Navy_Overhead_Empty_4428_Primary_B_2400x2400-600x600.avif 600w, https:\/\/www.flyshop.cl\/TIENDA\/wp-content\/uploads\/2025\/05\/W-site_studio_hard_goods_Roadie_32_Navy_Overhead_Empty_4428_Primary_B_2400x2400-100x100.avif 100w, https:\/\/www.flyshop.cl\/TIENDA\/wp-content\/uploads\/2025\/05\/W-site_studio_hard_goods_Roadie_32_Navy_Overhead_Empty_4428_Primary_B_2400x2400.avif 846w\" sizes=\"auto, (max-width: 300px) 100vw, 300px\" \/><img loading=\"lazy\" decoding=\"async\" class=\"alignnone size-medium wp-image-20837\" src=\"https:\/\/www.flyshop.cl\/TIENDA\/wp-content\/uploads\/2025\/05\/W-site_studio_hard_goods_Roadie_32_Navy_Bottom_4157_Primary_B_2400x2400-300x300.avif\" alt=\"\" width=\"300\" height=\"300\" srcset=\"https:\/\/www.flyshop.cl\/TIENDA\/wp-content\/uploads\/2025\/05\/W-site_studio_hard_goods_Roadie_32_Navy_Bottom_4157_Primary_B_2400x2400-300x300.avif 300w, https:\/\/www.flyshop.cl\/TIENDA\/wp-content\/uploads\/2025\/05\/W-site_studio_hard_goods_Roadie_32_Navy_Bottom_4157_Primary_B_2400x2400-150x150.avif 150w, https:\/\/www.flyshop.cl\/TIENDA\/wp-content\/uploads\/2025\/05\/W-site_studio_hard_goods_Roadie_32_Navy_Bottom_4157_Primary_B_2400x2400-768x768.avif 768w, https:\/\/www.flyshop.cl\/TIENDA\/wp-content\/uploads\/2025\/05\/W-site_studio_hard_goods_Roadie_32_Navy_Bottom_4157_Primary_B_2400x2400-600x600.avif 600w, https:\/\/www.flyshop.cl\/TIENDA\/wp-content\/uploads\/2025\/05\/W-site_studio_hard_goods_Roadie_32_Navy_Bottom_4157_Primary_B_2400x2400-100x100.avif 100w, https:\/\/www.flyshop.cl\/TIENDA\/wp-content\/uploads\/2025\/05\/W-site_studio_hard_goods_Roadie_32_Navy_Bottom_4157_Primary_B_2400x2400.avif 846w\" sizes=\"auto, (max-width: 300px) 100vw, 300px\" \/><img loading=\"lazy\" decoding=\"async\" class=\"alignnone size-medium wp-image-20838\" src=\"https:\/\/www.flyshop.cl\/TIENDA\/wp-content\/uploads\/2025\/05\/W-site_studio_hard_goods_Roadie_32_Navy_Detail_4390_Primary_B_2400x2400-300x300.avif\" alt=\"\" width=\"300\" height=\"300\" srcset=\"https:\/\/www.flyshop.cl\/TIENDA\/wp-content\/uploads\/2025\/05\/W-site_studio_hard_goods_Roadie_32_Navy_Detail_4390_Primary_B_2400x2400-300x300.avif 300w, https:\/\/www.flyshop.cl\/TIENDA\/wp-content\/uploads\/2025\/05\/W-site_studio_hard_goods_Roadie_32_Navy_Detail_4390_Primary_B_2400x2400-150x150.avif 150w, https:\/\/www.flyshop.cl\/TIENDA\/wp-content\/uploads\/2025\/05\/W-site_studio_hard_goods_Roadie_32_Navy_Detail_4390_Primary_B_2400x2400-768x768.avif 768w, https:\/\/www.flyshop.cl\/TIENDA\/wp-content\/uploads\/2025\/05\/W-site_studio_hard_goods_Roadie_32_Navy_Detail_4390_Primary_B_2400x2400-600x600.avif 600w, https:\/\/www.flyshop.cl\/TIENDA\/wp-content\/uploads\/2025\/05\/W-site_studio_hard_goods_Roadie_32_Navy_Detail_4390_Primary_B_2400x2400-100x100.avif 100w, https:\/\/www.flyshop.cl\/TIENDA\/wp-content\/uploads\/2025\/05\/W-site_studio_hard_goods_Roadie_32_Navy_Detail_4390_Primary_B_2400x2400.avif 846w\" sizes=\"auto, (max-width: 300px) 100vw, 300px\" \/><\/p>\n<\/div>\n<\/div>\n","protected":false},"excerpt":{"rendered":"<p>Ll\u00e9vala a todos lados! Capacidad para 50 latas (solamente) Capacidad para 36 lb (16.5 kg) de hielo (solamente) Apta para botellas de vino El cooler con ruedas Roadie 32 es maniobrable, duradero y compatible con el maletero de veh\u00edculos peque\u00f1os,&hellip;<\/p>\n","protected":false},"featured_media":20834,"comment_status":"closed","ping_status":"closed","template":"","meta":{"_joinchat":[]},"product_brand":[],"product_cat":[788],"product_tag":[],"class_list":{"0":"post-20833","1":"product","2":"type-product","3":"status-publish","4":"has-post-thumbnail","6":"product_cat-yeti","7":"entry","8":"has-media","10":"first","11":"outofstock","12":"shipping-taxable","13":"purchasable","14":"product-type-simple","15":"col","16":"wpex-woo-entry","17":"span_1_of_6 span_1_of_3_pp"},"supplier_id":null,"supplier_sku":"","barcode":null,"atum_controlled":true,"out_stock_date":"2025-11-20 18:30:06","out_stock_threshold":null,"inheritable":false,"inbound_stock":null,"stock_on_hold":0,"sold_today":0,"sales_last_days":1,"reserved_stock":null,"customer_returns":null,"warehouse_damage":null,"lost_in_post":null,"other_logs":null,"out_stock_days":3,"lost_sales":235710,"has_location":false,"update_date":"2025-11-24T17:32:19","atum_locations":[],"atum_stock_status":"outofstock","restock_status":false,"low_stock_amount":"","sales_update_date":"2025-11-24T17:32:19","calc_backorders":null,"_links":{"self":[{"href":"https:\/\/www.flyshop.cl\/TIENDA\/wp-json\/wp\/v2\/product\/20833","targetHints":{"allow":["GET"]}}],"collection":[{"href":"https:\/\/www.flyshop.cl\/TIENDA\/wp-json\/wp\/v2\/product"}],"about":[{"href":"https:\/\/www.flyshop.cl\/TIENDA\/wp-json\/wp\/v2\/types\/product"}],"replies":[{"embeddable":true,"href":"https:\/\/www.flyshop.cl\/TIENDA\/wp-json\/wp\/v2\/comments?post=20833"}],"wp:featuredmedia":[{"embeddable":true,"href":"https:\/\/www.flyshop.cl\/TIENDA\/wp-json\/wp\/v2\/media\/20834"}],"wp:attachment":[{"href":"https:\/\/www.flyshop.cl\/TIENDA\/wp-json\/wp\/v2\/media?parent=20833"}],"wp:term":[{"taxonomy":"product_brand","embeddable":true,"href":"https:\/\/www.flyshop.cl\/TIENDA\/wp-json\/wp\/v2\/product_brand?post=20833"},{"taxonomy":"product_cat","embeddable":true,"href":"https:\/\/www.flyshop.cl\/TIENDA\/wp-json\/wp\/v2\/product_cat?post=20833"},{"taxonomy":"product_tag","embeddable":true,"href":"https:\/\/www.flyshop.cl\/TIENDA\/wp-json\/wp\/v2\/product_tag?post=20833"}],"curies":[{"name":"wp","href":"https:\/\/api.w.org\/{rel}","templated":true}]}}