{"id":20788,"date":"2025-05-13T17:34:20","date_gmt":"2025-05-13T17:34:20","guid":{"rendered":"https:\/\/www.flyshop.cl\/TIENDA\/?post_type=product&#038;p=20788"},"modified":"2025-05-19T16:24:52","modified_gmt":"2025-05-19T16:24:52","slug":"poleron-yeti-wetlands-logo-badge-fleece-hoodie","status":"publish","type":"product","link":"https:\/\/www.flyshop.cl\/TIENDA\/producto\/poleron-yeti-wetlands-logo-badge-fleece-hoodie\/","title":{"rendered":"POLERON  YETI\u00ae Wetlands Logo Badge Fleece Hoodie"},"content":{"rendered":"<p>poleron con gran estilo<\/p>\n<ul>\n<li class=\"\" data-start=\"46\" data-end=\"63\">\n<p class=\"\" data-start=\"48\" data-end=\"63\">Corte cl\u00e1sico<\/p>\n<\/li>\n<li class=\"\" data-start=\"64\" data-end=\"117\">\n<p class=\"\" data-start=\"66\" data-end=\"117\">Capucha con forro de jersey y cordones ajustables<\/p>\n<\/li>\n<li class=\"\" data-start=\"118\" data-end=\"151\">\n<p class=\"\" data-start=\"120\" data-end=\"151\">Pu\u00f1os y dobladillo acanalados<\/p>\n<\/li>\n<li class=\"\" data-start=\"152\" data-end=\"192\">\n<p class=\"\" data-start=\"154\" data-end=\"192\">75% algod\u00f3n, 25% poli\u00e9ster reciclado<\/p>\n<\/li>\n<\/ul>\n<p><img loading=\"lazy\" decoding=\"async\" class=\"alignnone size-medium wp-image-20793\" src=\"https:\/\/www.flyshop.cl\/TIENDA\/wp-content\/uploads\/2025\/05\/W-230139_site_studio_2H24_Fall_Apparel_MENS_S_M_Fleece_Hoodie_Wetlands-Taupe_037_V2_Primary_B_2400x2400-300x300.avif\" alt=\"\" width=\"300\" height=\"300\" srcset=\"https:\/\/www.flyshop.cl\/TIENDA\/wp-content\/uploads\/2025\/05\/W-230139_site_studio_2H24_Fall_Apparel_MENS_S_M_Fleece_Hoodie_Wetlands-Taupe_037_V2_Primary_B_2400x2400-300x300.avif 300w, https:\/\/www.flyshop.cl\/TIENDA\/wp-content\/uploads\/2025\/05\/W-230139_site_studio_2H24_Fall_Apparel_MENS_S_M_Fleece_Hoodie_Wetlands-Taupe_037_V2_Primary_B_2400x2400-150x150.avif 150w, https:\/\/www.flyshop.cl\/TIENDA\/wp-content\/uploads\/2025\/05\/W-230139_site_studio_2H24_Fall_Apparel_MENS_S_M_Fleece_Hoodie_Wetlands-Taupe_037_V2_Primary_B_2400x2400-768x768.avif 768w, https:\/\/www.flyshop.cl\/TIENDA\/wp-content\/uploads\/2025\/05\/W-230139_site_studio_2H24_Fall_Apparel_MENS_S_M_Fleece_Hoodie_Wetlands-Taupe_037_V2_Primary_B_2400x2400-600x600.avif 600w, https:\/\/www.flyshop.cl\/TIENDA\/wp-content\/uploads\/2025\/05\/W-230139_site_studio_2H24_Fall_Apparel_MENS_S_M_Fleece_Hoodie_Wetlands-Taupe_037_V2_Primary_B_2400x2400-100x100.avif 100w, https:\/\/www.flyshop.cl\/TIENDA\/wp-content\/uploads\/2025\/05\/W-230139_site_studio_2H24_Fall_Apparel_MENS_S_M_Fleece_Hoodie_Wetlands-Taupe_037_V2_Primary_B_2400x2400.avif 846w\" sizes=\"auto, (max-width: 300px) 100vw, 300px\" \/><img loading=\"lazy\" decoding=\"async\" class=\"alignnone size-medium wp-image-20794\" src=\"https:\/\/www.flyshop.cl\/TIENDA\/wp-content\/uploads\/2025\/05\/W-230139_site_studio_2H24_Fall_Apparel_MENS_S_M_Fleece_Hoodie_Wetlands-Taupe_104_V2_Primary_B_2400x2400-300x300.avif\" alt=\"\" width=\"300\" height=\"300\" srcset=\"https:\/\/www.flyshop.cl\/TIENDA\/wp-content\/uploads\/2025\/05\/W-230139_site_studio_2H24_Fall_Apparel_MENS_S_M_Fleece_Hoodie_Wetlands-Taupe_104_V2_Primary_B_2400x2400-300x300.avif 300w, https:\/\/www.flyshop.cl\/TIENDA\/wp-content\/uploads\/2025\/05\/W-230139_site_studio_2H24_Fall_Apparel_MENS_S_M_Fleece_Hoodie_Wetlands-Taupe_104_V2_Primary_B_2400x2400-150x150.avif 150w, https:\/\/www.flyshop.cl\/TIENDA\/wp-content\/uploads\/2025\/05\/W-230139_site_studio_2H24_Fall_Apparel_MENS_S_M_Fleece_Hoodie_Wetlands-Taupe_104_V2_Primary_B_2400x2400-768x768.avif 768w, https:\/\/www.flyshop.cl\/TIENDA\/wp-content\/uploads\/2025\/05\/W-230139_site_studio_2H24_Fall_Apparel_MENS_S_M_Fleece_Hoodie_Wetlands-Taupe_104_V2_Primary_B_2400x2400-600x600.avif 600w, https:\/\/www.flyshop.cl\/TIENDA\/wp-content\/uploads\/2025\/05\/W-230139_site_studio_2H24_Fall_Apparel_MENS_S_M_Fleece_Hoodie_Wetlands-Taupe_104_V2_Primary_B_2400x2400-100x100.avif 100w, https:\/\/www.flyshop.cl\/TIENDA\/wp-content\/uploads\/2025\/05\/W-230139_site_studio_2H24_Fall_Apparel_MENS_S_M_Fleece_Hoodie_Wetlands-Taupe_104_V2_Primary_B_2400x2400.avif 846w\" sizes=\"auto, (max-width: 300px) 100vw, 300px\" \/><\/p>\n","protected":false},"excerpt":{"rendered":"<p>poleron con gran estilo Corte cl\u00e1sico Capucha con forro de jersey y cordones ajustables Pu\u00f1os y dobladillo acanalados 75% algod\u00f3n, 25% poli\u00e9ster reciclado<\/p>\n","protected":false},"featured_media":20792,"comment_status":"closed","ping_status":"closed","template":"","meta":{"_joinchat":[]},"product_brand":[],"product_cat":[447,788],"product_tag":[],"class_list":{"0":"post-20788","1":"product","2":"type-product","3":"status-publish","4":"has-post-thumbnail","6":"product_cat-parkas-y-polerones","7":"product_cat-yeti","8":"entry","9":"has-media","11":"first","12":"instock","13":"shipping-taxable","14":"purchasable","15":"product-type-variable","16":"col","17":"wpex-woo-entry","18":"span_1_of_6 span_1_of_3_pp"},"supplier_id":null,"supplier_sku":"","barcode":null,"atum_controlled":true,"out_stock_date":null,"out_stock_threshold":null,"inheritable":true,"inbound_stock":null,"stock_on_hold":1,"sold_today":1,"sales_last_days":3,"reserved_stock":null,"customer_returns":null,"warehouse_damage":null,"lost_in_post":null,"other_logs":null,"out_stock_days":null,"lost_sales":0,"has_location":false,"update_date":"2025-05-20T14:45:41","atum_locations":[],"atum_stock_status":"instock","restock_status":false,"low_stock_amount":"","sales_update_date":null,"calc_backorders":null,"_links":{"self":[{"href":"https:\/\/www.flyshop.cl\/TIENDA\/wp-json\/wp\/v2\/product\/20788","targetHints":{"allow":["GET"]}}],"collection":[{"href":"https:\/\/www.flyshop.cl\/TIENDA\/wp-json\/wp\/v2\/product"}],"about":[{"href":"https:\/\/www.flyshop.cl\/TIENDA\/wp-json\/wp\/v2\/types\/product"}],"replies":[{"embeddable":true,"href":"https:\/\/www.flyshop.cl\/TIENDA\/wp-json\/wp\/v2\/comments?post=20788"}],"wp:featuredmedia":[{"embeddable":true,"href":"https:\/\/www.flyshop.cl\/TIENDA\/wp-json\/wp\/v2\/media\/20792"}],"wp:attachment":[{"href":"https:\/\/www.flyshop.cl\/TIENDA\/wp-json\/wp\/v2\/media?parent=20788"}],"wp:term":[{"taxonomy":"product_brand","embeddable":true,"href":"https:\/\/www.flyshop.cl\/TIENDA\/wp-json\/wp\/v2\/product_brand?post=20788"},{"taxonomy":"product_cat","embeddable":true,"href":"https:\/\/www.flyshop.cl\/TIENDA\/wp-json\/wp\/v2\/product_cat?post=20788"},{"taxonomy":"product_tag","embeddable":true,"href":"https:\/\/www.flyshop.cl\/TIENDA\/wp-json\/wp\/v2\/product_tag?post=20788"}],"curies":[{"name":"wp","href":"https:\/\/api.w.org\/{rel}","templated":true}]}}