{"id":20675,"date":"2025-04-16T19:30:04","date_gmt":"2025-04-16T19:30:04","guid":{"rendered":"https:\/\/www.flyshop.cl\/TIENDA\/?post_type=product&#038;p=20675"},"modified":"2026-01-13T14:20:20","modified_gmt":"2026-01-13T14:20:20","slug":"headwaters-chest-pack-hickory","status":"publish","type":"product","link":"https:\/\/www.flyshop.cl\/TIENDA\/producto\/headwaters-chest-pack-hickory\/","title":{"rendered":"HEADWATERS CHEST PACK HICKORY"},"content":{"rendered":"<p class=\"\" data-start=\"99\" data-end=\"500\"><strong data-start=\"99\" data-end=\"171\">Maximiza la funcionalidad para la pesca con el Chest Pack Headwaters<\/strong>, que divide, conquista y organiza gracias a su resistente construcci\u00f3n de 630 deniers, estaci\u00f3n de trabajo moldeada por compresi\u00f3n, compartimento trasero compatible con sistema de hidrataci\u00f3n, y un dise\u00f1o de liberaci\u00f3n r\u00e1pida que permite quitar y volver a colocar el m\u00f3dulo frontal f\u00e1cilmente en tus waders o mochila Headwaters.<\/p>\n<ul data-start=\"502\" data-end=\"1815\">\n<li class=\"\" data-start=\"502\" data-end=\"656\">\n<p class=\"\" data-start=\"504\" data-end=\"656\">Tela de nailon Oxford de alta densidad de 630 deniers, duradera y resistente al agua, con recubrimiento de TPU en el frente y PU en la parte posterior<\/p>\n<\/li>\n<li class=\"\" data-start=\"657\" data-end=\"723\">\n<p class=\"\" data-start=\"659\" data-end=\"723\">Cremalleras YKK Aquaguard con recubrimiento resistente al agua<\/p>\n<\/li>\n<li class=\"\" data-start=\"724\" data-end=\"874\">\n<p class=\"\" data-start=\"726\" data-end=\"874\">Combina un chest pack totalmente funcional con un compartimento trasero simplificado, que incluye ranura integrada para red de pesca y anillo en D<\/p>\n<\/li>\n<li class=\"\" data-start=\"875\" data-end=\"1002\">\n<p class=\"\" data-start=\"877\" data-end=\"1002\">El compartimento trasero es compatible con bolsas de hidrataci\u00f3n y tiene espacio suficiente para una capa adicional de ropa<\/p>\n<\/li>\n<li class=\"\" data-start=\"1003\" data-end=\"1125\">\n<p class=\"\" data-start=\"1005\" data-end=\"1125\">El compartimento trasero es removible, y el chest pack es compatible con cualquier wader Simms o la mochila Headwaters<\/p>\n<\/li>\n<li class=\"\" data-start=\"1126\" data-end=\"1270\">\n<p class=\"\" data-start=\"1128\" data-end=\"1270\">Incluye una correa de cinta desplegable que se ajusta al cuerpo para asegurar el chest pack al usarlo con waders o con la mochila Headwaters<\/p>\n<\/li>\n<li class=\"\" data-start=\"1271\" data-end=\"1464\">\n<p class=\"\" data-start=\"1273\" data-end=\"1464\">El chest pack cuenta con un compartimento principal con divisor interno y una estaci\u00f3n de trabajo moldeada por compresi\u00f3n con parche para moscas, ideal para cambiarlas f\u00e1cilmente en el agua<\/p>\n<\/li>\n<li class=\"\" data-start=\"1465\" data-end=\"1606\">\n<p class=\"\" data-start=\"1467\" data-end=\"1606\">Bolsillo de carga con cierre magn\u00e9tico detr\u00e1s de la estaci\u00f3n de trabajo y bolsillo con cierre en el lado del cuerpo, con clip para llaves<\/p>\n<\/li>\n<li class=\"\" data-start=\"1607\" data-end=\"1673\">\n<p class=\"\" data-start=\"1609\" data-end=\"1673\">Estaci\u00f3n de acople para retr\u00e1ctil en el lateral del chest pack<\/p>\n<\/li>\n<li class=\"\" data-start=\"1674\" data-end=\"1815\">\n<p class=\"\" data-start=\"1676\" data-end=\"1815\">Bolsillo de malla para gas pimienta en la parte inferior del chest pack y bolsillo el\u00e1stico de malla dise\u00f1ado especialmente para flotante<\/p>\n<\/li>\n<\/ul>\n<p class=\"\" data-start=\"1817\" data-end=\"1879\"><strong data-start=\"1817\" data-end=\"1831\">Capacidad:<\/strong> 8 litros<br data-start=\"1840\" data-end=\"1843\" \/><strong data-start=\"1843\" data-end=\"1852\">Peso:<\/strong> 770 g<br data-start=\"1858\" data-end=\"1861\" \/><strong data-start=\"1861\" data-end=\"1877\">Dimensiones:<\/strong><\/p>\n<ul data-start=\"1880\" data-end=\"1964\">\n<li class=\"\" data-start=\"1880\" data-end=\"1922\">\n<p class=\"\" data-start=\"1882\" data-end=\"1922\">Parte frontal: 28 cm x 14 cm x 21.5 cm<\/p>\n<\/li>\n<li class=\"\" data-start=\"1923\" data-end=\"1964\">\n<p class=\"\" data-start=\"1925\" data-end=\"1964\">Parte trasera: 23 cm x 7.5 cm x 32 cm<\/p>\n<\/li>\n<\/ul>\n","protected":false},"excerpt":{"rendered":"<p>Maximiza la funcionalidad para la pesca con el Chest Pack Headwaters, que divide, conquista y organiza gracias a su resistente construcci\u00f3n de 630 deniers, estaci\u00f3n de trabajo moldeada por compresi\u00f3n, compartimento trasero compatible con sistema de hidrataci\u00f3n, y un dise\u00f1o&hellip;<\/p>\n","protected":false},"featured_media":20689,"comment_status":"closed","ping_status":"closed","template":"","meta":{"_joinchat":[]},"product_brand":[],"product_cat":[534],"product_tag":[],"class_list":{"0":"post-20675","1":"product","2":"type-product","3":"status-publish","4":"has-post-thumbnail","6":"product_cat-bananos","7":"entry","8":"has-media","10":"first","11":"instock","12":"shipping-taxable","13":"purchasable","14":"product-type-simple","15":"col","16":"wpex-woo-entry","17":"span_1_of_6 span_1_of_3_pp"},"supplier_id":null,"supplier_sku":"","barcode":null,"atum_controlled":true,"out_stock_date":null,"out_stock_threshold":null,"inheritable":false,"inbound_stock":null,"stock_on_hold":0,"sold_today":0,"sales_last_days":1,"reserved_stock":null,"customer_returns":null,"warehouse_damage":null,"lost_in_post":null,"other_logs":null,"out_stock_days":5,"lost_sales":160714,"has_location":false,"update_date":"2026-01-13T14:20:21","atum_locations":[],"atum_stock_status":"instock","restock_status":false,"low_stock_amount":"","sales_update_date":"2026-01-05T14:07:33","calc_backorders":null,"_links":{"self":[{"href":"https:\/\/www.flyshop.cl\/TIENDA\/wp-json\/wp\/v2\/product\/20675","targetHints":{"allow":["GET"]}}],"collection":[{"href":"https:\/\/www.flyshop.cl\/TIENDA\/wp-json\/wp\/v2\/product"}],"about":[{"href":"https:\/\/www.flyshop.cl\/TIENDA\/wp-json\/wp\/v2\/types\/product"}],"replies":[{"embeddable":true,"href":"https:\/\/www.flyshop.cl\/TIENDA\/wp-json\/wp\/v2\/comments?post=20675"}],"wp:featuredmedia":[{"embeddable":true,"href":"https:\/\/www.flyshop.cl\/TIENDA\/wp-json\/wp\/v2\/media\/20689"}],"wp:attachment":[{"href":"https:\/\/www.flyshop.cl\/TIENDA\/wp-json\/wp\/v2\/media?parent=20675"}],"wp:term":[{"taxonomy":"product_brand","embeddable":true,"href":"https:\/\/www.flyshop.cl\/TIENDA\/wp-json\/wp\/v2\/product_brand?post=20675"},{"taxonomy":"product_cat","embeddable":true,"href":"https:\/\/www.flyshop.cl\/TIENDA\/wp-json\/wp\/v2\/product_cat?post=20675"},{"taxonomy":"product_tag","embeddable":true,"href":"https:\/\/www.flyshop.cl\/TIENDA\/wp-json\/wp\/v2\/product_tag?post=20675"}],"curies":[{"name":"wp","href":"https:\/\/api.w.org\/{rel}","templated":true}]}}