{"id":20657,"date":"2025-04-16T19:06:11","date_gmt":"2025-04-16T19:06:11","guid":{"rendered":"https:\/\/www.flyshop.cl\/TIENDA\/?post_type=product&#038;p=20657"},"modified":"2025-04-16T19:06:11","modified_gmt":"2025-04-16T19:06:11","slug":"headwaters-hip-pack-dolomite","status":"publish","type":"product","link":"https:\/\/www.flyshop.cl\/TIENDA\/producto\/headwaters-hip-pack-dolomite\/","title":{"rendered":"HEADWATERS HIP PACK DOLOMITE"},"content":{"rendered":"<p class=\"\" data-start=\"99\" data-end=\"510\">Pensado para una organizaci\u00f3n optimizada de lo esencial durante tus jornadas en el agua, el nuevo <strong data-start=\"197\" data-end=\"220\">Banano Headwaters<\/strong> divide, conquista y organiza con una resistente construcci\u00f3n de nailon Oxford de 630 deniers, una estaci\u00f3n de trabajo moldeada por compresi\u00f3n, almacenamiento pr\u00e1ctico para la red de pesca, y una c\u00f3moda correa para hombro\/cuello que distribuye el peso de manera uniforme mientras te mueves.<\/p>\n<ul data-start=\"512\" data-end=\"1502\">\n<li class=\"\" data-start=\"512\" data-end=\"666\">\n<p class=\"\" data-start=\"514\" data-end=\"666\">Tela de nailon Oxford de alta densidad de 630 deniers, duradera y resistente al agua, con recubrimiento de TPU en el frente y PU en la parte posterior<\/p>\n<\/li>\n<li class=\"\" data-start=\"667\" data-end=\"733\">\n<p class=\"\" data-start=\"669\" data-end=\"733\">Cremalleras YKK Aquaguard con recubrimiento resistente al agua<\/p>\n<\/li>\n<li class=\"\" data-start=\"734\" data-end=\"847\">\n<p class=\"\" data-start=\"736\" data-end=\"847\">El compartimento principal incluye un divisor interno m\u00f3vil para organizaci\u00f3n y almacenamiento personalizable<\/p>\n<\/li>\n<li class=\"\" data-start=\"848\" data-end=\"978\">\n<p class=\"\" data-start=\"850\" data-end=\"978\">Estaci\u00f3n de trabajo moldeada por compresi\u00f3n con parche para moscas, ideal para cambiarlas f\u00e1cilmente mientras est\u00e1s en el agua<\/p>\n<\/li>\n<li class=\"\" data-start=\"979\" data-end=\"1054\">\n<p class=\"\" data-start=\"981\" data-end=\"1054\">Bolsillo de carga con cierre magn\u00e9tico detr\u00e1s de la estaci\u00f3n de trabajo<\/p>\n<\/li>\n<li class=\"\" data-start=\"1055\" data-end=\"1167\">\n<p class=\"\" data-start=\"1057\" data-end=\"1167\">El portabotellas removible te da la opci\u00f3n de llevar una red de pesca a cualquiera de los dos lados del pack<\/p>\n<\/li>\n<li class=\"\" data-start=\"1168\" data-end=\"1317\">\n<p class=\"\" data-start=\"1170\" data-end=\"1317\">Las correas de compresi\u00f3n ofrecen mayor seguridad y estabilidad, y la correa ajustable y guardable para el hombro mejora la distribuci\u00f3n de carga<\/p>\n<\/li>\n<li class=\"\" data-start=\"1318\" data-end=\"1411\">\n<p class=\"\" data-start=\"1320\" data-end=\"1411\">Lazos con cord\u00f3n en las alas de compresi\u00f3n laterales brindan m\u00faltiples puntos de sujeci\u00f3n<\/p>\n<\/li>\n<li class=\"\" data-start=\"1412\" data-end=\"1502\">\n<p class=\"\" data-start=\"1414\" data-end=\"1502\">Dos bolsillos con cierre a cada lado del cintur\u00f3n para acceso r\u00e1pido al almacenamiento<\/p>\n<\/li>\n<\/ul>\n<p class=\"\" data-start=\"1504\" data-end=\"1591\"><strong data-start=\"1504\" data-end=\"1518\">Capacidad:<\/strong> 10 litros<br data-start=\"1528\" data-end=\"1531\" \/><strong data-start=\"1531\" data-end=\"1540\">Peso:<\/strong> 840 g<br data-start=\"1546\" data-end=\"1549\" \/><strong data-start=\"1549\" data-end=\"1565\">Dimensiones:<\/strong> 30.5 cm x 18 cm x 23 cm<\/p>\n","protected":false},"excerpt":{"rendered":"<p>Pensado para una organizaci\u00f3n optimizada de lo esencial durante tus jornadas en el agua, el nuevo Banano Headwaters divide, conquista y organiza con una resistente construcci\u00f3n de nailon Oxford de 630 deniers, una estaci\u00f3n de trabajo moldeada por compresi\u00f3n, almacenamiento&hellip;<\/p>\n","protected":false},"featured_media":20672,"comment_status":"closed","ping_status":"closed","template":"","meta":{"_joinchat":[]},"product_brand":[],"product_cat":[534],"product_tag":[],"class_list":{"0":"post-20657","1":"product","2":"type-product","3":"status-publish","4":"has-post-thumbnail","6":"product_cat-bananos","7":"entry","8":"has-media","10":"first","11":"instock","12":"shipping-taxable","13":"purchasable","14":"product-type-simple","15":"col","16":"wpex-woo-entry","17":"span_1_of_6 span_1_of_3_pp"},"supplier_id":null,"supplier_sku":"","barcode":null,"atum_controlled":true,"out_stock_date":null,"out_stock_threshold":null,"inheritable":false,"inbound_stock":null,"stock_on_hold":null,"sold_today":null,"sales_last_days":null,"reserved_stock":null,"customer_returns":null,"warehouse_damage":null,"lost_in_post":null,"other_logs":null,"out_stock_days":null,"lost_sales":null,"has_location":false,"update_date":"2025-04-16T19:06:13","atum_locations":[],"atum_stock_status":"instock","restock_status":false,"low_stock_amount":"","sales_update_date":null,"calc_backorders":null,"_links":{"self":[{"href":"https:\/\/www.flyshop.cl\/TIENDA\/wp-json\/wp\/v2\/product\/20657","targetHints":{"allow":["GET"]}}],"collection":[{"href":"https:\/\/www.flyshop.cl\/TIENDA\/wp-json\/wp\/v2\/product"}],"about":[{"href":"https:\/\/www.flyshop.cl\/TIENDA\/wp-json\/wp\/v2\/types\/product"}],"replies":[{"embeddable":true,"href":"https:\/\/www.flyshop.cl\/TIENDA\/wp-json\/wp\/v2\/comments?post=20657"}],"wp:featuredmedia":[{"embeddable":true,"href":"https:\/\/www.flyshop.cl\/TIENDA\/wp-json\/wp\/v2\/media\/20672"}],"wp:attachment":[{"href":"https:\/\/www.flyshop.cl\/TIENDA\/wp-json\/wp\/v2\/media?parent=20657"}],"wp:term":[{"taxonomy":"product_brand","embeddable":true,"href":"https:\/\/www.flyshop.cl\/TIENDA\/wp-json\/wp\/v2\/product_brand?post=20657"},{"taxonomy":"product_cat","embeddable":true,"href":"https:\/\/www.flyshop.cl\/TIENDA\/wp-json\/wp\/v2\/product_cat?post=20657"},{"taxonomy":"product_tag","embeddable":true,"href":"https:\/\/www.flyshop.cl\/TIENDA\/wp-json\/wp\/v2\/product_tag?post=20657"}],"curies":[{"name":"wp","href":"https:\/\/api.w.org\/{rel}","templated":true}]}}