{"id":20642,"date":"2025-04-16T18:34:58","date_gmt":"2025-04-16T18:34:58","guid":{"rendered":"https:\/\/www.flyshop.cl\/TIENDA\/?post_type=product&#038;p=20642"},"modified":"2026-04-06T18:48:41","modified_gmt":"2026-04-06T18:48:41","slug":"mochila-simms-headwaters-hickory","status":"publish","type":"product","link":"https:\/\/www.flyshop.cl\/TIENDA\/producto\/mochila-simms-headwaters-hickory\/","title":{"rendered":"MOCHILA SIMMS HEADWATERS HICKORY"},"content":{"rendered":"<p class=\"\" data-start=\"99\" data-end=\"461\">Dise\u00f1ada para expediciones exigentes en zonas remotas, la nueva <strong data-start=\"163\" data-end=\"185\">Mochila Headwaters<\/strong> divide, conquista y organiza gracias a su resistente construcci\u00f3n de nailon Oxford de 630 deniers, cierre magn\u00e9tico tipo roll-top, m\u00faltiples opciones de almacenamiento para lo esencial en pesca, y un ajuste ergon\u00f3mico que soporta c\u00f3modamente largas jornadas y cargas pesadas.<\/p>\n<ul data-start=\"463\" data-end=\"1583\">\n<li class=\"\" data-start=\"463\" data-end=\"617\">\n<p class=\"\" data-start=\"465\" data-end=\"617\">Tela de nailon Oxford de alta densidad de 630 deniers, duradera y resistente al agua, con recubrimiento de TPU en el frente y PU en la parte posterior<\/p>\n<\/li>\n<li class=\"\" data-start=\"618\" data-end=\"684\">\n<p class=\"\" data-start=\"620\" data-end=\"684\">Cremalleras YKK Aquaguard con recubrimiento resistente al agua<\/p>\n<\/li>\n<li class=\"\" data-start=\"685\" data-end=\"804\">\n<p class=\"\" data-start=\"687\" data-end=\"804\">Integraci\u00f3n \u00fanica de un compartimento principal con forro totalmente impermeable tipo roll-top con cierre magn\u00e9tico<\/p>\n<\/li>\n<li class=\"\" data-start=\"805\" data-end=\"945\">\n<p class=\"\" data-start=\"807\" data-end=\"945\">El forro del compartimento principal est\u00e1 asegurado en la base con velcro y puede voltearse al rev\u00e9s para facilitar su limpieza o secado<\/p>\n<\/li>\n<li class=\"\" data-start=\"946\" data-end=\"999\">\n<p class=\"\" data-start=\"948\" data-end=\"999\">Bolsillos superiores de carga y de acceso frontal<\/p>\n<\/li>\n<li class=\"\" data-start=\"1000\" data-end=\"1126\">\n<p class=\"\" data-start=\"1002\" data-end=\"1126\">Abertura lateral al compartimento principal para un acceso r\u00e1pido y conveniente a tus art\u00edculos esenciales mientras pescas<\/p>\n<\/li>\n<li class=\"\" data-start=\"1127\" data-end=\"1191\">\n<p class=\"\" data-start=\"1129\" data-end=\"1191\">Funda para laptop y divisor en el bolsillo de acceso lateral<\/p>\n<\/li>\n<li class=\"\" data-start=\"1192\" data-end=\"1399\">\n<p class=\"\" data-start=\"1194\" data-end=\"1399\">Las correas de los hombros incluyen una estaci\u00f3n de acople para retr\u00e1ctil, un bolsillo de malla para tu celular, un parche integrado para moscas y dos lazos de cinta para sujetar el chest pack Headwaters<\/p>\n<\/li>\n<li class=\"\" data-start=\"1400\" data-end=\"1506\">\n<p class=\"\" data-start=\"1402\" data-end=\"1506\">Sistema de transporte para red de pesca y bolsillo para botella de agua en los laterales de la mochila<\/p>\n<\/li>\n<li class=\"\" data-start=\"1507\" data-end=\"1583\">\n<p class=\"\" data-start=\"1509\" data-end=\"1583\">Cintur\u00f3n lumbar removible con bolsillos de almacenamiento en ambos lados<\/p>\n<\/li>\n<\/ul>\n<p class=\"\" data-start=\"1585\" data-end=\"1671\"><strong data-start=\"1585\" data-end=\"1599\">Capacidad:<\/strong> 28 litros<br data-start=\"1609\" data-end=\"1612\" \/><strong data-start=\"1612\" data-end=\"1621\">Peso:<\/strong> 1.5 kg<br data-start=\"1628\" data-end=\"1631\" \/><strong data-start=\"1631\" data-end=\"1647\">Dimensiones:<\/strong> 28 cm x 27 cm x 56 cm<\/p>\n<p data-start=\"1585\" data-end=\"1671\"><img loading=\"lazy\" decoding=\"async\" class=\"alignnone size-medium wp-image-20643\" src=\"https:\/\/www.flyshop.cl\/TIENDA\/wp-content\/uploads\/2025\/04\/2024-State-College-348-240x300.webp\" alt=\"\" width=\"240\" height=\"300\" srcset=\"https:\/\/www.flyshop.cl\/TIENDA\/wp-content\/uploads\/2025\/04\/2024-State-College-348-240x300.webp 240w, https:\/\/www.flyshop.cl\/TIENDA\/wp-content\/uploads\/2025\/04\/2024-State-College-348.webp 550w\" sizes=\"auto, (max-width: 240px) 100vw, 240px\" \/><img loading=\"lazy\" decoding=\"async\" class=\"alignnone size-medium wp-image-20644\" src=\"https:\/\/www.flyshop.cl\/TIENDA\/wp-content\/uploads\/2025\/04\/2024-State-College-368-240x300.webp\" alt=\"\" width=\"240\" height=\"300\" srcset=\"https:\/\/www.flyshop.cl\/TIENDA\/wp-content\/uploads\/2025\/04\/2024-State-College-368-240x300.webp 240w, https:\/\/www.flyshop.cl\/TIENDA\/wp-content\/uploads\/2025\/04\/2024-State-College-368.webp 550w\" sizes=\"auto, (max-width: 240px) 100vw, 240px\" \/><\/p>\n","protected":false},"excerpt":{"rendered":"<p>Dise\u00f1ada para expediciones exigentes en zonas remotas, la nueva Mochila Headwaters divide, conquista y organiza gracias a su resistente construcci\u00f3n de nailon Oxford de 630 deniers, cierre magn\u00e9tico tipo roll-top, m\u00faltiples opciones de almacenamiento para lo esencial en pesca, y&hellip;<\/p>\n","protected":false},"featured_media":20656,"comment_status":"closed","ping_status":"closed","template":"","meta":{"_joinchat":[]},"product_brand":[],"product_cat":[533],"product_tag":[],"class_list":{"0":"post-20642","1":"product","2":"type-product","3":"status-publish","4":"has-post-thumbnail","6":"product_cat-mochilas","7":"entry","8":"has-media","10":"first","11":"outofstock","12":"shipping-taxable","13":"purchasable","14":"product-type-simple","15":"col","16":"wpex-woo-entry","17":"span_1_of_6 span_1_of_3_pp"},"supplier_id":null,"supplier_sku":"","barcode":null,"atum_controlled":true,"out_stock_date":"2026-04-06 18:48:41","out_stock_threshold":null,"inheritable":false,"inbound_stock":null,"stock_on_hold":0,"sold_today":0,"sales_last_days":1,"reserved_stock":null,"customer_returns":null,"warehouse_damage":null,"lost_in_post":null,"other_logs":null,"out_stock_days":1,"lost_sales":46428,"has_location":false,"update_date":"2026-04-08T14:13:54","atum_locations":[],"atum_stock_status":"outofstock","restock_status":false,"low_stock_amount":"","sales_update_date":"2026-04-08T14:13:53","calc_backorders":null,"_links":{"self":[{"href":"https:\/\/www.flyshop.cl\/TIENDA\/wp-json\/wp\/v2\/product\/20642","targetHints":{"allow":["GET"]}}],"collection":[{"href":"https:\/\/www.flyshop.cl\/TIENDA\/wp-json\/wp\/v2\/product"}],"about":[{"href":"https:\/\/www.flyshop.cl\/TIENDA\/wp-json\/wp\/v2\/types\/product"}],"replies":[{"embeddable":true,"href":"https:\/\/www.flyshop.cl\/TIENDA\/wp-json\/wp\/v2\/comments?post=20642"}],"wp:featuredmedia":[{"embeddable":true,"href":"https:\/\/www.flyshop.cl\/TIENDA\/wp-json\/wp\/v2\/media\/20656"}],"wp:attachment":[{"href":"https:\/\/www.flyshop.cl\/TIENDA\/wp-json\/wp\/v2\/media?parent=20642"}],"wp:term":[{"taxonomy":"product_brand","embeddable":true,"href":"https:\/\/www.flyshop.cl\/TIENDA\/wp-json\/wp\/v2\/product_brand?post=20642"},{"taxonomy":"product_cat","embeddable":true,"href":"https:\/\/www.flyshop.cl\/TIENDA\/wp-json\/wp\/v2\/product_cat?post=20642"},{"taxonomy":"product_tag","embeddable":true,"href":"https:\/\/www.flyshop.cl\/TIENDA\/wp-json\/wp\/v2\/product_tag?post=20642"}],"curies":[{"name":"wp","href":"https:\/\/api.w.org\/{rel}","templated":true}]}}