{"id":20583,"date":"2025-04-11T15:53:04","date_gmt":"2025-04-11T15:53:04","guid":{"rendered":"https:\/\/www.flyshop.cl\/TIENDA\/?post_type=product&#038;p=20583"},"modified":"2026-03-18T16:42:28","modified_gmt":"2026-03-18T16:42:28","slug":"new-freestone-boot-rubber-gunmetal","status":"publish","type":"product","link":"https:\/\/www.flyshop.cl\/TIENDA\/producto\/new-freestone-boot-rubber-gunmetal\/","title":{"rendered":"NEW FREESTONE BOOT &#8211; RUBBER GUNMETAL"},"content":{"rendered":"<h3 class=\"\" data-start=\"126\" data-end=\"156\">Bota de Vadeo Freestone\u00ae<\/h3>\n<p class=\"\" data-start=\"157\" data-end=\"224\"><strong data-start=\"157\" data-end=\"224\">Soporte comprobado. Tracci\u00f3n firme. Durabilidad inquebrantable.<\/strong><\/p>\n<p class=\"\" data-start=\"226\" data-end=\"431\">La confiable <strong data-start=\"239\" data-end=\"258\">bota Freestone\u00ae<\/strong> ha sido puesta a prueba en todo tipo de condiciones de vadeo. Con soporte resistente, tracci\u00f3n decidida y materiales duraderos, est\u00e1 lista para enfrentar cualquier entorno.<\/p>\n<p class=\"\" data-start=\"433\" data-end=\"453\"><strong data-start=\"433\" data-end=\"453\">Caracter\u00edsticas:<\/strong><\/p>\n<ul data-start=\"454\" data-end=\"861\">\n<li class=\"\" data-start=\"454\" data-end=\"558\">\n<p class=\"\" data-start=\"456\" data-end=\"558\">Capellada de cuero sint\u00e9tico impermeable y resistente a los ara\u00f1azos, con refuerzos en punta y tal\u00f3n<\/p>\n<\/li>\n<li class=\"\" data-start=\"559\" data-end=\"639\">\n<p class=\"\" data-start=\"561\" data-end=\"639\">Forro parcial de neopreno para mayor comodidad y facilidad al poner y quitar<\/p>\n<\/li>\n<li class=\"\" data-start=\"640\" data-end=\"706\">\n<p class=\"\" data-start=\"642\" data-end=\"706\">Entresuela de EVA de doble densidad para una pisada m\u00e1s c\u00f3moda<\/p>\n<\/li>\n<li class=\"\" data-start=\"707\" data-end=\"810\">\n<p class=\"\" data-start=\"709\" data-end=\"810\">Nueva suela de goma compatible con <strong data-start=\"744\" data-end=\"808\">tacos Simms Hardbite\u2122 Star, Hardbite Studs y Alumibite\u2122 Star<\/strong><\/p>\n<\/li>\n<\/ul>\n<p class=\"\" data-start=\"863\" data-end=\"907\"><strong data-start=\"863\" data-end=\"872\">Peso:<\/strong> 1.53 kg (54 oz) por par (talla 11)<\/p>\n<p>&nbsp;<\/p>\n<p>numeros:<\/p>\n<p>9=41<\/p>\n<p>10=42<\/p>\n<p>11=43<\/p>\n<p>12=44<\/p>\n<p>13=45<\/p>\n<p>14= 46<\/p>\n","protected":false},"excerpt":{"rendered":"<p>Bota de Vadeo Freestone\u00ae Soporte comprobado. Tracci\u00f3n firme. Durabilidad inquebrantable. La confiable bota Freestone\u00ae ha sido puesta a prueba en todo tipo de condiciones de vadeo. Con soporte resistente, tracci\u00f3n decidida y materiales duraderos, est\u00e1 lista para enfrentar cualquier entorno.&hellip;<\/p>\n","protected":false},"featured_media":20589,"comment_status":"closed","ping_status":"closed","template":"","meta":{"_joinchat":[]},"product_brand":[],"product_cat":[309,160],"product_tag":[],"class_list":{"0":"post-20583","1":"product","2":"type-product","3":"status-publish","4":"has-post-thumbnail","6":"product_cat-simms","7":"product_cat-zapatos-de-vadeo","8":"entry","9":"has-media","11":"first","12":"instock","13":"shipping-taxable","14":"purchasable","15":"product-type-variable","16":"col","17":"wpex-woo-entry","18":"span_1_of_6 span_1_of_3_pp"},"supplier_id":null,"supplier_sku":"","barcode":null,"atum_controlled":true,"out_stock_date":null,"out_stock_threshold":null,"inheritable":true,"inbound_stock":null,"stock_on_hold":1,"sold_today":1,"sales_last_days":4,"reserved_stock":null,"customer_returns":null,"warehouse_damage":null,"lost_in_post":null,"other_logs":null,"out_stock_days":null,"lost_sales":0,"has_location":false,"update_date":"2026-03-18T16:42:29","atum_locations":[],"atum_stock_status":"instock","restock_status":false,"low_stock_amount":"","sales_update_date":null,"calc_backorders":null,"_links":{"self":[{"href":"https:\/\/www.flyshop.cl\/TIENDA\/wp-json\/wp\/v2\/product\/20583","targetHints":{"allow":["GET"]}}],"collection":[{"href":"https:\/\/www.flyshop.cl\/TIENDA\/wp-json\/wp\/v2\/product"}],"about":[{"href":"https:\/\/www.flyshop.cl\/TIENDA\/wp-json\/wp\/v2\/types\/product"}],"replies":[{"embeddable":true,"href":"https:\/\/www.flyshop.cl\/TIENDA\/wp-json\/wp\/v2\/comments?post=20583"}],"wp:featuredmedia":[{"embeddable":true,"href":"https:\/\/www.flyshop.cl\/TIENDA\/wp-json\/wp\/v2\/media\/20589"}],"wp:attachment":[{"href":"https:\/\/www.flyshop.cl\/TIENDA\/wp-json\/wp\/v2\/media?parent=20583"}],"wp:term":[{"taxonomy":"product_brand","embeddable":true,"href":"https:\/\/www.flyshop.cl\/TIENDA\/wp-json\/wp\/v2\/product_brand?post=20583"},{"taxonomy":"product_cat","embeddable":true,"href":"https:\/\/www.flyshop.cl\/TIENDA\/wp-json\/wp\/v2\/product_cat?post=20583"},{"taxonomy":"product_tag","embeddable":true,"href":"https:\/\/www.flyshop.cl\/TIENDA\/wp-json\/wp\/v2\/product_tag?post=20583"}],"curies":[{"name":"wp","href":"https:\/\/api.w.org\/{rel}","templated":true}]}}