{"id":20412,"date":"2025-03-10T20:57:17","date_gmt":"2025-03-10T20:57:17","guid":{"rendered":"https:\/\/www.flyshop.cl\/TIENDA\/?post_type=product&#038;p=20412"},"modified":"2025-10-06T01:08:55","modified_gmt":"2025-10-06T01:08:55","slug":"yeti-ramblerstraw-botella-de-26-oz-769-ml-black","status":"publish","type":"product","link":"https:\/\/www.flyshop.cl\/TIENDA\/producto\/yeti-ramblerstraw-botella-de-26-oz-769-ml-black\/","title":{"rendered":"yeti  Rambler\u00aeStraw Botella de 26 oz (769 ml) black"},"content":{"rendered":"<div class=\"row row__description\">\n<div class=\"col-12\">\n<div class=\"js-short-description short-description \">\n<div class=\"row row__description\">\n<div class=\"col-12\">\n<div class=\"js-short-description short-description \">\n<p>Hidrataci\u00f3n accesible para largos d\u00edas en el sendero, en el agua o carretera.<\/p>\n<ul>\n<li>F\u00e1cil de transportar<\/li>\n<li>Apto para lavavajillas<\/li>\n<li>Resistente a perforaciones y al \u00f3xido<\/li>\n<\/ul>\n<\/div>\n<\/div>\n<\/div>\n<\/div>\n<p><img loading=\"lazy\" decoding=\"async\" class=\"alignnone size-medium wp-image-20413\" src=\"https:\/\/www.flyshop.cl\/TIENDA\/wp-content\/uploads\/2025\/03\/W-220117_site_studio_Drinkware_Rambler_26oz_Straw_Bottle_Black_Back_0106_Primary_B_2400x2400-300x300.avif\" alt=\"\" width=\"300\" height=\"300\" srcset=\"https:\/\/www.flyshop.cl\/TIENDA\/wp-content\/uploads\/2025\/03\/W-220117_site_studio_Drinkware_Rambler_26oz_Straw_Bottle_Black_Back_0106_Primary_B_2400x2400-300x300.avif 300w, https:\/\/www.flyshop.cl\/TIENDA\/wp-content\/uploads\/2025\/03\/W-220117_site_studio_Drinkware_Rambler_26oz_Straw_Bottle_Black_Back_0106_Primary_B_2400x2400-150x150.avif 150w, https:\/\/www.flyshop.cl\/TIENDA\/wp-content\/uploads\/2025\/03\/W-220117_site_studio_Drinkware_Rambler_26oz_Straw_Bottle_Black_Back_0106_Primary_B_2400x2400-768x768.avif 768w, https:\/\/www.flyshop.cl\/TIENDA\/wp-content\/uploads\/2025\/03\/W-220117_site_studio_Drinkware_Rambler_26oz_Straw_Bottle_Black_Back_0106_Primary_B_2400x2400-600x600.avif 600w, https:\/\/www.flyshop.cl\/TIENDA\/wp-content\/uploads\/2025\/03\/W-220117_site_studio_Drinkware_Rambler_26oz_Straw_Bottle_Black_Back_0106_Primary_B_2400x2400-100x100.avif 100w, https:\/\/www.flyshop.cl\/TIENDA\/wp-content\/uploads\/2025\/03\/W-220117_site_studio_Drinkware_Rambler_26oz_Straw_Bottle_Black_Back_0106_Primary_B_2400x2400.avif 846w\" sizes=\"auto, (max-width: 300px) 100vw, 300px\" \/><img loading=\"lazy\" decoding=\"async\" class=\"alignnone size-medium wp-image-20416\" src=\"https:\/\/www.flyshop.cl\/TIENDA\/wp-content\/uploads\/2025\/03\/W-Drinkware-Accessories_Rambler-Bottle-Straw-Cap_Studio_FrontUp-300x300.avif\" alt=\"\" width=\"300\" height=\"300\" srcset=\"https:\/\/www.flyshop.cl\/TIENDA\/wp-content\/uploads\/2025\/03\/W-Drinkware-Accessories_Rambler-Bottle-Straw-Cap_Studio_FrontUp-300x300.avif 300w, https:\/\/www.flyshop.cl\/TIENDA\/wp-content\/uploads\/2025\/03\/W-Drinkware-Accessories_Rambler-Bottle-Straw-Cap_Studio_FrontUp-150x150.avif 150w, https:\/\/www.flyshop.cl\/TIENDA\/wp-content\/uploads\/2025\/03\/W-Drinkware-Accessories_Rambler-Bottle-Straw-Cap_Studio_FrontUp-768x768.avif 768w, https:\/\/www.flyshop.cl\/TIENDA\/wp-content\/uploads\/2025\/03\/W-Drinkware-Accessories_Rambler-Bottle-Straw-Cap_Studio_FrontUp-600x600.avif 600w, https:\/\/www.flyshop.cl\/TIENDA\/wp-content\/uploads\/2025\/03\/W-Drinkware-Accessories_Rambler-Bottle-Straw-Cap_Studio_FrontUp-100x100.avif 100w, https:\/\/www.flyshop.cl\/TIENDA\/wp-content\/uploads\/2025\/03\/W-Drinkware-Accessories_Rambler-Bottle-Straw-Cap_Studio_FrontUp.avif 846w\" sizes=\"auto, (max-width: 300px) 100vw, 300px\" \/><img loading=\"lazy\" decoding=\"async\" class=\"alignnone size-medium wp-image-20415\" src=\"https:\/\/www.flyshop.cl\/TIENDA\/wp-content\/uploads\/2025\/03\/W-230030_site_studio_PDP-Info-R26-Straw_2400x2400-300x300.avif\" alt=\"\" width=\"300\" height=\"300\" srcset=\"https:\/\/www.flyshop.cl\/TIENDA\/wp-content\/uploads\/2025\/03\/W-230030_site_studio_PDP-Info-R26-Straw_2400x2400-300x300.avif 300w, https:\/\/www.flyshop.cl\/TIENDA\/wp-content\/uploads\/2025\/03\/W-230030_site_studio_PDP-Info-R26-Straw_2400x2400-150x150.avif 150w, https:\/\/www.flyshop.cl\/TIENDA\/wp-content\/uploads\/2025\/03\/W-230030_site_studio_PDP-Info-R26-Straw_2400x2400-768x768.avif 768w, https:\/\/www.flyshop.cl\/TIENDA\/wp-content\/uploads\/2025\/03\/W-230030_site_studio_PDP-Info-R26-Straw_2400x2400-600x600.avif 600w, https:\/\/www.flyshop.cl\/TIENDA\/wp-content\/uploads\/2025\/03\/W-230030_site_studio_PDP-Info-R26-Straw_2400x2400-100x100.avif 100w, https:\/\/www.flyshop.cl\/TIENDA\/wp-content\/uploads\/2025\/03\/W-230030_site_studio_PDP-Info-R26-Straw_2400x2400.avif 846w\" sizes=\"auto, (max-width: 300px) 100vw, 300px\" \/><\/p>\n<\/div>\n<\/div>\n","protected":false},"excerpt":{"rendered":"<p>Hidrataci\u00f3n accesible para largos d\u00edas en el sendero, en el agua o carretera. F\u00e1cil de transportar Apto para lavavajillas Resistente a perforaciones y al \u00f3xido<\/p>\n","protected":false},"featured_media":20414,"comment_status":"closed","ping_status":"closed","template":"","meta":{"_joinchat":[]},"product_brand":[],"product_cat":[788],"product_tag":[],"class_list":{"0":"post-20412","1":"product","2":"type-product","3":"status-publish","4":"has-post-thumbnail","6":"product_cat-yeti","7":"entry","8":"has-media","10":"first","11":"outofstock","12":"shipping-taxable","13":"purchasable","14":"product-type-simple","15":"col","16":"wpex-woo-entry","17":"span_1_of_6 span_1_of_3_pp"},"supplier_id":null,"supplier_sku":"","barcode":null,"atum_controlled":true,"out_stock_date":"2025-10-06 01:08:55","out_stock_threshold":null,"inheritable":false,"inbound_stock":null,"stock_on_hold":0,"sold_today":0,"sales_last_days":2,"reserved_stock":null,"customer_returns":null,"warehouse_damage":null,"lost_in_post":null,"other_logs":null,"out_stock_days":5,"lost_sales":92857,"has_location":false,"update_date":"2025-10-11T17:51:41","atum_locations":[],"atum_stock_status":"outofstock","restock_status":false,"low_stock_amount":"","sales_update_date":"2025-10-11T17:51:41","calc_backorders":null,"_links":{"self":[{"href":"https:\/\/www.flyshop.cl\/TIENDA\/wp-json\/wp\/v2\/product\/20412","targetHints":{"allow":["GET"]}}],"collection":[{"href":"https:\/\/www.flyshop.cl\/TIENDA\/wp-json\/wp\/v2\/product"}],"about":[{"href":"https:\/\/www.flyshop.cl\/TIENDA\/wp-json\/wp\/v2\/types\/product"}],"replies":[{"embeddable":true,"href":"https:\/\/www.flyshop.cl\/TIENDA\/wp-json\/wp\/v2\/comments?post=20412"}],"wp:featuredmedia":[{"embeddable":true,"href":"https:\/\/www.flyshop.cl\/TIENDA\/wp-json\/wp\/v2\/media\/20414"}],"wp:attachment":[{"href":"https:\/\/www.flyshop.cl\/TIENDA\/wp-json\/wp\/v2\/media?parent=20412"}],"wp:term":[{"taxonomy":"product_brand","embeddable":true,"href":"https:\/\/www.flyshop.cl\/TIENDA\/wp-json\/wp\/v2\/product_brand?post=20412"},{"taxonomy":"product_cat","embeddable":true,"href":"https:\/\/www.flyshop.cl\/TIENDA\/wp-json\/wp\/v2\/product_cat?post=20412"},{"taxonomy":"product_tag","embeddable":true,"href":"https:\/\/www.flyshop.cl\/TIENDA\/wp-json\/wp\/v2\/product_tag?post=20412"}],"curies":[{"name":"wp","href":"https:\/\/api.w.org\/{rel}","templated":true}]}}