{"id":20346,"date":"2025-03-07T13:31:18","date_gmt":"2025-03-07T13:31:18","guid":{"rendered":"https:\/\/www.flyshop.cl\/TIENDA\/?post_type=product&#038;p=20346"},"modified":"2026-04-06T18:48:42","modified_gmt":"2026-04-06T18:48:42","slug":"camisa-simms-big-sky-tech-ls-shirt-antigua","status":"publish","type":"product","link":"https:\/\/www.flyshop.cl\/TIENDA\/producto\/camisa-simms-big-sky-tech-ls-shirt-antigua\/","title":{"rendered":"camisa Simms  BIG SKY TECH LS SHIRT ANTIGUA"},"content":{"rendered":"<p data-start=\"0\" data-end=\"290\">El estilo cl\u00e1sico del oeste se encuentra con las motivaciones modernas: la Big Sky Tech Shirt aumenta el impulso con una elasticidad que favorece la movilidad, ventilaci\u00f3n de f\u00e1cil respiraci\u00f3n, protecci\u00f3n UPF 50+ y organizaci\u00f3n optimizada para tus esenciales, desde el agua hasta la ciudad.<\/p>\n<ul data-start=\"292\" data-end=\"612\">\n<li data-start=\"292\" data-end=\"318\">Estilo cl\u00e1sico del oeste<\/li>\n<li data-start=\"319\" data-end=\"391\">Panel trasero ventilado con forro de malla para mayor transpirabilidad<\/li>\n<li data-start=\"392\" data-end=\"446\">Asa para accesorios en el bolsillo derecho del pecho<\/li>\n<li data-start=\"447\" data-end=\"509\">Estuche para gafas de sol en el bolsillo izquierdo del pecho<\/li>\n<li data-start=\"510\" data-end=\"583\">Pa\u00f1o integrado y conveniente para gafas de sol en el dobladillo central<\/li>\n<li data-start=\"584\" data-end=\"602\">Protecci\u00f3n solar<\/li>\n<li data-start=\"603\" data-end=\"612\">UPF 50+<\/li>\n<\/ul>\n<p data-start=\"614\" data-end=\"633\">Tecnolog\u00eda de tela:<\/p>\n<ul data-start=\"635\" data-end=\"719\" data-is-last-node=\"\" data-is-only-node=\"\">\n<li data-start=\"635\" data-end=\"719\" data-is-last-node=\"\">Cuerpo principal: 93% Nailon, 7% Spandex; 111 gsm; Bloqueo de olores y acabado DWR<\/li>\n<\/ul>\n<p><img loading=\"lazy\" decoding=\"async\" class=\"alignnone size-medium wp-image-20351\" src=\"https:\/\/www.flyshop.cl\/TIENDA\/wp-content\/uploads\/2025\/02\/14203-1157-Big-Sky-Tech-LS-Shirt-Model-S25-3-240x300.webp\" alt=\"\" width=\"240\" height=\"300\" srcset=\"https:\/\/www.flyshop.cl\/TIENDA\/wp-content\/uploads\/2025\/02\/14203-1157-Big-Sky-Tech-LS-Shirt-Model-S25-3-240x300.webp 240w, https:\/\/www.flyshop.cl\/TIENDA\/wp-content\/uploads\/2025\/02\/14203-1157-Big-Sky-Tech-LS-Shirt-Model-S25-3.webp 550w\" sizes=\"auto, (max-width: 240px) 100vw, 240px\" \/><img loading=\"lazy\" decoding=\"async\" class=\"alignnone size-medium wp-image-20352\" src=\"https:\/\/www.flyshop.cl\/TIENDA\/wp-content\/uploads\/2025\/02\/14203-1157-Big-Sky-Tech-LS-Shirt-Model-S25-4-240x300.webp\" alt=\"\" width=\"240\" height=\"300\" srcset=\"https:\/\/www.flyshop.cl\/TIENDA\/wp-content\/uploads\/2025\/02\/14203-1157-Big-Sky-Tech-LS-Shirt-Model-S25-4-240x300.webp 240w, https:\/\/www.flyshop.cl\/TIENDA\/wp-content\/uploads\/2025\/02\/14203-1157-Big-Sky-Tech-LS-Shirt-Model-S25-4.webp 550w\" sizes=\"auto, (max-width: 240px) 100vw, 240px\" \/><\/p>\n","protected":false},"excerpt":{"rendered":"<p>El estilo cl\u00e1sico del oeste se encuentra con las motivaciones modernas: la Big Sky Tech Shirt aumenta el impulso con una elasticidad que favorece la movilidad, ventilaci\u00f3n de f\u00e1cil respiraci\u00f3n, protecci\u00f3n UPF 50+ y organizaci\u00f3n optimizada para tus esenciales, desde&hellip;<\/p>\n","protected":false},"featured_media":20350,"comment_status":"closed","ping_status":"closed","template":"","meta":{"_joinchat":[]},"product_brand":[],"product_cat":[124,299],"product_tag":[],"class_list":{"0":"post-20346","1":"product","2":"type-product","3":"status-publish","4":"has-post-thumbnail","6":"product_cat-camisas-simms","7":"product_cat-ofertas","8":"entry","9":"has-media","11":"first","12":"instock","13":"sale","14":"shipping-taxable","15":"purchasable","16":"product-type-variable","17":"col","18":"wpex-woo-entry","19":"span_1_of_6 span_1_of_3_pp"},"supplier_id":null,"supplier_sku":"","barcode":null,"atum_controlled":true,"out_stock_date":null,"out_stock_threshold":null,"inheritable":true,"inbound_stock":null,"stock_on_hold":1,"sold_today":0,"sales_last_days":1,"reserved_stock":null,"customer_returns":null,"warehouse_damage":null,"lost_in_post":null,"other_logs":null,"out_stock_days":null,"lost_sales":0,"has_location":false,"update_date":"2026-04-08T14:13:54","atum_locations":[],"atum_stock_status":"instock","restock_status":false,"low_stock_amount":"","sales_update_date":null,"calc_backorders":null,"_links":{"self":[{"href":"https:\/\/www.flyshop.cl\/TIENDA\/wp-json\/wp\/v2\/product\/20346","targetHints":{"allow":["GET"]}}],"collection":[{"href":"https:\/\/www.flyshop.cl\/TIENDA\/wp-json\/wp\/v2\/product"}],"about":[{"href":"https:\/\/www.flyshop.cl\/TIENDA\/wp-json\/wp\/v2\/types\/product"}],"replies":[{"embeddable":true,"href":"https:\/\/www.flyshop.cl\/TIENDA\/wp-json\/wp\/v2\/comments?post=20346"}],"wp:featuredmedia":[{"embeddable":true,"href":"https:\/\/www.flyshop.cl\/TIENDA\/wp-json\/wp\/v2\/media\/20350"}],"wp:attachment":[{"href":"https:\/\/www.flyshop.cl\/TIENDA\/wp-json\/wp\/v2\/media?parent=20346"}],"wp:term":[{"taxonomy":"product_brand","embeddable":true,"href":"https:\/\/www.flyshop.cl\/TIENDA\/wp-json\/wp\/v2\/product_brand?post=20346"},{"taxonomy":"product_cat","embeddable":true,"href":"https:\/\/www.flyshop.cl\/TIENDA\/wp-json\/wp\/v2\/product_cat?post=20346"},{"taxonomy":"product_tag","embeddable":true,"href":"https:\/\/www.flyshop.cl\/TIENDA\/wp-json\/wp\/v2\/product_tag?post=20346"}],"curies":[{"name":"wp","href":"https:\/\/api.w.org\/{rel}","templated":true}]}}