{"id":20293,"date":"2025-02-26T20:05:22","date_gmt":"2025-02-26T20:05:22","guid":{"rendered":"https:\/\/www.flyshop.cl\/TIENDA\/?post_type=product&#038;p=20293"},"modified":"2026-04-08T19:06:52","modified_gmt":"2026-04-08T19:06:52","slug":"camisa-simms-big-sky-grayling-plaid","status":"publish","type":"product","link":"https:\/\/www.flyshop.cl\/TIENDA\/producto\/camisa-simms-big-sky-grayling-plaid\/","title":{"rendered":"camisa Simms BIG SKY GRAYLING PLAID"},"content":{"rendered":"<div class=\"flex flex-grow flex-col max-w-full\">\n<div class=\"min-h-[20px] text-message flex flex-col items-start gap-3 whitespace-pre-wrap break-words [.text-message+&amp;]:mt-5 overflow-x-auto\" data-message-author-role=\"assistant\" data-message-id=\"43a6f9e9-3201-44fa-bab8-936f716a2269\">\n<div class=\"markdown prose w-full break-words dark:prose-invert light\">\n<p>Inspirada en las aguas ricas en truchas de Montana, la Camisa de Pesca Big Sky de Simms ofrece un estilo occidental cl\u00e1sico dise\u00f1ado para el pescador exigente. Hecha de tela que absorbe la humedad con protecci\u00f3n solar UPF 50+, la camisa para hombre cuenta con un panel trasero forrado de malla que ayuda a mantenerte fresco en d\u00edas c\u00e1lidos y soleados. Bolsillos dedicados para tus gafas de sol y accesorios te ayudan a mantener todo bien organizado.<\/p>\n<ul>\n<li>Absorci\u00f3n de humedad y UPF 50+<\/li>\n<li>Estilo occidental cl\u00e1sico<\/li>\n<li>Panel trasero ventilado forrado de malla para refrigeraci\u00f3n<\/li>\n<li>Lazo para accesorios en el bolsillo del pecho derecho<\/li>\n<li>Bolsillo para guardar gafas de sol en el bolsillo del pecho izquierdo<\/li>\n<li>Lavable a m\u00e1quina y apto para secadora. Consulta la etiqueta de la prenda para m\u00e1s detalles.<\/li>\n<li>Estilo de temporada pasada<\/li>\n<\/ul>\n<p>TEJIDO: 57% poli\u00e9ster\/40% nylon\/3% CDPET, 98 gsm<\/p>\n<\/div>\n<\/div>\n<\/div>\n","protected":false},"excerpt":{"rendered":"<p>Inspirada en las aguas ricas en truchas de Montana, la Camisa de Pesca Big Sky de Simms ofrece un estilo occidental cl\u00e1sico dise\u00f1ado para el pescador exigente. Hecha de tela que absorbe la humedad con protecci\u00f3n solar UPF 50+, la&hellip;<\/p>\n","protected":false},"featured_media":20297,"comment_status":"closed","ping_status":"closed","template":"","meta":{"_joinchat":[]},"product_brand":[],"product_cat":[124,299,309],"product_tag":[],"class_list":{"0":"post-20293","1":"product","2":"type-product","3":"status-publish","4":"has-post-thumbnail","6":"product_cat-camisas-simms","7":"product_cat-ofertas","8":"product_cat-simms","9":"entry","10":"has-media","12":"first","13":"outofstock","14":"shipping-taxable","15":"product-type-variable","16":"col","17":"wpex-woo-entry","18":"span_1_of_6 span_1_of_3_pp"},"supplier_id":null,"supplier_sku":"","barcode":null,"atum_controlled":true,"out_stock_date":null,"out_stock_threshold":null,"inheritable":true,"inbound_stock":null,"stock_on_hold":2,"sold_today":2,"sales_last_days":3,"reserved_stock":null,"customer_returns":null,"warehouse_damage":null,"lost_in_post":null,"other_logs":null,"out_stock_days":null,"lost_sales":0,"has_location":false,"update_date":"2026-04-08T19:06:54","atum_locations":[],"atum_stock_status":"outofstock","restock_status":false,"low_stock_amount":"","sales_update_date":null,"calc_backorders":null,"_links":{"self":[{"href":"https:\/\/www.flyshop.cl\/TIENDA\/wp-json\/wp\/v2\/product\/20293","targetHints":{"allow":["GET"]}}],"collection":[{"href":"https:\/\/www.flyshop.cl\/TIENDA\/wp-json\/wp\/v2\/product"}],"about":[{"href":"https:\/\/www.flyshop.cl\/TIENDA\/wp-json\/wp\/v2\/types\/product"}],"replies":[{"embeddable":true,"href":"https:\/\/www.flyshop.cl\/TIENDA\/wp-json\/wp\/v2\/comments?post=20293"}],"wp:featuredmedia":[{"embeddable":true,"href":"https:\/\/www.flyshop.cl\/TIENDA\/wp-json\/wp\/v2\/media\/20297"}],"wp:attachment":[{"href":"https:\/\/www.flyshop.cl\/TIENDA\/wp-json\/wp\/v2\/media?parent=20293"}],"wp:term":[{"taxonomy":"product_brand","embeddable":true,"href":"https:\/\/www.flyshop.cl\/TIENDA\/wp-json\/wp\/v2\/product_brand?post=20293"},{"taxonomy":"product_cat","embeddable":true,"href":"https:\/\/www.flyshop.cl\/TIENDA\/wp-json\/wp\/v2\/product_cat?post=20293"},{"taxonomy":"product_tag","embeddable":true,"href":"https:\/\/www.flyshop.cl\/TIENDA\/wp-json\/wp\/v2\/product_tag?post=20293"}],"curies":[{"name":"wp","href":"https:\/\/api.w.org\/{rel}","templated":true}]}}