{"id":20263,"date":"2025-02-13T21:51:52","date_gmt":"2025-02-13T21:51:52","guid":{"rendered":"https:\/\/www.flyshop.cl\/TIENDA\/?post_type=product&#038;p=20263"},"modified":"2025-12-20T13:59:07","modified_gmt":"2025-12-20T13:59:07","slug":"portacarretes-simms-tailwind","status":"publish","type":"product","link":"https:\/\/www.flyshop.cl\/TIENDA\/producto\/portacarretes-simms-tailwind\/","title":{"rendered":"PORTACARRETES SIMMS TAILWIND"},"content":{"rendered":"<p data-start=\"0\" data-end=\"159\">El <strong data-start=\"3\" data-end=\"26\">Tailwind Reel Vault<\/strong> organiza y protege tu equipo valioso durante el transporte. \u00a1Donde sea que la pesca te lleve, un carrete da\u00f1ado es un inconveniente!<\/p>\n<ul data-start=\"161\" data-end=\"485\">\n<li data-start=\"161\" data-end=\"255\">Poli\u00e9ster bal\u00edstico 900D moldeado por compresi\u00f3n para un rendimiento confiable a\u00f1o tras a\u00f1o.<\/li>\n<li data-start=\"256\" data-end=\"382\">Divisores removibles con velcro que permiten personalizar 8 espacios internos para alojar carretes y otros objetos fr\u00e1giles.<\/li>\n<li data-start=\"383\" data-end=\"485\">Correa de hombro acolchonada y removible, adem\u00e1s de un mango reforzado para facilitar el transporte.<\/li>\n<\/ul>\n<p data-start=\"487\" data-end=\"508\"><strong data-start=\"487\" data-end=\"508\">ESPECIFICACIONES:<\/strong><\/p>\n<ul data-start=\"510\" data-end=\"671\">\n<li data-start=\"510\" data-end=\"563\"><strong data-start=\"512\" data-end=\"536\">TECNOLOG\u00cdA DE TEJIDO<\/strong>: Poli\u00e9ster bal\u00edstico 900D.<\/li>\n<li data-start=\"564\" data-end=\"628\"><strong data-start=\"566\" data-end=\"581\">DIMENSIONES<\/strong>: 10.5&#8243; de largo x 6&#8243; de ancho x 15.5&#8243; de alto.<\/li>\n<li data-start=\"629\" data-end=\"650\"><strong data-start=\"631\" data-end=\"644\">CAPACIDAD<\/strong>: 9 L.<\/li>\n<li data-start=\"651\" data-end=\"671\"><strong data-start=\"653\" data-end=\"661\">PESO<\/strong>: 3.2 lbs.<\/li>\n<\/ul>\n","protected":false},"excerpt":{"rendered":"<p>El Tailwind Reel Vault organiza y protege tu equipo valioso durante el transporte. \u00a1Donde sea que la pesca te lleve, un carrete da\u00f1ado es un inconveniente! Poli\u00e9ster bal\u00edstico 900D moldeado por compresi\u00f3n para un rendimiento confiable a\u00f1o tras a\u00f1o. Divisores&hellip;<\/p>\n","protected":false},"featured_media":20267,"comment_status":"closed","ping_status":"closed","template":"","meta":{"_joinchat":[]},"product_brand":[],"product_cat":[150],"product_tag":[],"class_list":{"0":"post-20263","1":"product","2":"type-product","3":"status-publish","4":"has-post-thumbnail","6":"product_cat-bolsos-simms","7":"entry","8":"has-media","10":"first","11":"outofstock","12":"shipping-taxable","13":"purchasable","14":"product-type-simple","15":"col","16":"wpex-woo-entry","17":"span_1_of_6 span_1_of_3_pp"},"supplier_id":null,"supplier_sku":"","barcode":null,"atum_controlled":true,"out_stock_date":"2025-12-20 13:59:07","out_stock_threshold":null,"inheritable":false,"inbound_stock":null,"stock_on_hold":0,"sold_today":0,"sales_last_days":1,"reserved_stock":null,"customer_returns":null,"warehouse_damage":null,"lost_in_post":null,"other_logs":null,"out_stock_days":0,"lost_sales":0,"has_location":false,"update_date":"2025-12-20T13:59:08","atum_locations":[],"atum_stock_status":"outofstock","restock_status":false,"low_stock_amount":"","sales_update_date":"2025-10-13T15:06:05","calc_backorders":null,"_links":{"self":[{"href":"https:\/\/www.flyshop.cl\/TIENDA\/wp-json\/wp\/v2\/product\/20263","targetHints":{"allow":["GET"]}}],"collection":[{"href":"https:\/\/www.flyshop.cl\/TIENDA\/wp-json\/wp\/v2\/product"}],"about":[{"href":"https:\/\/www.flyshop.cl\/TIENDA\/wp-json\/wp\/v2\/types\/product"}],"replies":[{"embeddable":true,"href":"https:\/\/www.flyshop.cl\/TIENDA\/wp-json\/wp\/v2\/comments?post=20263"}],"wp:featuredmedia":[{"embeddable":true,"href":"https:\/\/www.flyshop.cl\/TIENDA\/wp-json\/wp\/v2\/media\/20267"}],"wp:attachment":[{"href":"https:\/\/www.flyshop.cl\/TIENDA\/wp-json\/wp\/v2\/media?parent=20263"}],"wp:term":[{"taxonomy":"product_brand","embeddable":true,"href":"https:\/\/www.flyshop.cl\/TIENDA\/wp-json\/wp\/v2\/product_brand?post=20263"},{"taxonomy":"product_cat","embeddable":true,"href":"https:\/\/www.flyshop.cl\/TIENDA\/wp-json\/wp\/v2\/product_cat?post=20263"},{"taxonomy":"product_tag","embeddable":true,"href":"https:\/\/www.flyshop.cl\/TIENDA\/wp-json\/wp\/v2\/product_tag?post=20263"}],"curies":[{"name":"wp","href":"https:\/\/api.w.org\/{rel}","templated":true}]}}