{"id":20105,"date":"2025-01-10T17:34:51","date_gmt":"2025-01-10T17:34:51","guid":{"rendered":"https:\/\/www.flyshop.cl\/TIENDA\/?post_type=product&#038;p=20105"},"modified":"2025-06-25T16:16:45","modified_gmt":"2025-06-25T16:16:45","slug":"botella-yeti-hotshot-530-ml-black","status":"publish","type":"product","link":"https:\/\/www.flyshop.cl\/TIENDA\/producto\/botella-yeti-hotshot-530-ml-black\/","title":{"rendered":"Botella YETI  HotShot 530 ML black"},"content":{"rendered":"<div class=\"row row__description\">\n<div class=\"col-12\">\n<div class=\"js-short-description short-description \">\n<p>Nuestra cl\u00e1sica botella, junto con la tapa HotShot\u2122 de 360\u00b0, es herm\u00e9tica e ideal para llevar caf\u00e9 caliente al salir de casa.<\/p>\n<ul>\n<li>Compatible con portavasos<\/li>\n<li>Herm\u00e9tica<\/li>\n<li>Para tomar de cualquier \u00e1ngulo<\/li>\n<li>Apta para lavavajillas<\/li>\n<li>capacidad de 530 ml<\/li>\n<\/ul>\n<p><img loading=\"lazy\" decoding=\"async\" class=\"alignnone wp-image-19633\" src=\"https:\/\/www.flyshop.cl\/TIENDA\/wp-content\/uploads\/2024\/11\/Screenshot-2024-11-15-at-17-44-01-Botella-reutilizable-YETI-Rambler-de-12-oz-355-ml-con-tapa-HotShot-300x300.png\" alt=\"\" width=\"351\" height=\"351\" srcset=\"https:\/\/www.flyshop.cl\/TIENDA\/wp-content\/uploads\/2024\/11\/Screenshot-2024-11-15-at-17-44-01-Botella-reutilizable-YETI-Rambler-de-12-oz-355-ml-con-tapa-HotShot-300x300.png 300w, https:\/\/www.flyshop.cl\/TIENDA\/wp-content\/uploads\/2024\/11\/Screenshot-2024-11-15-at-17-44-01-Botella-reutilizable-YETI-Rambler-de-12-oz-355-ml-con-tapa-HotShot-150x150.png 150w, https:\/\/www.flyshop.cl\/TIENDA\/wp-content\/uploads\/2024\/11\/Screenshot-2024-11-15-at-17-44-01-Botella-reutilizable-YETI-Rambler-de-12-oz-355-ml-con-tapa-HotShot-600x600.png 600w, https:\/\/www.flyshop.cl\/TIENDA\/wp-content\/uploads\/2024\/11\/Screenshot-2024-11-15-at-17-44-01-Botella-reutilizable-YETI-Rambler-de-12-oz-355-ml-con-tapa-HotShot-100x100.png 100w, https:\/\/www.flyshop.cl\/TIENDA\/wp-content\/uploads\/2024\/11\/Screenshot-2024-11-15-at-17-44-01-Botella-reutilizable-YETI-Rambler-de-12-oz-355-ml-con-tapa-HotShot.png 640w\" sizes=\"auto, (max-width: 351px) 100vw, 351px\" \/><img loading=\"lazy\" decoding=\"async\" class=\"alignnone size-medium wp-image-20107\" src=\"https:\/\/www.flyshop.cl\/TIENDA\/wp-content\/uploads\/2025\/01\/W-Drinkware_HotshotBottle_18oz_Black_Studio_ThreeQuarterOpenDetail-300x300.avif\" alt=\"\" width=\"300\" height=\"300\" srcset=\"https:\/\/www.flyshop.cl\/TIENDA\/wp-content\/uploads\/2025\/01\/W-Drinkware_HotshotBottle_18oz_Black_Studio_ThreeQuarterOpenDetail-300x300.avif 300w, https:\/\/www.flyshop.cl\/TIENDA\/wp-content\/uploads\/2025\/01\/W-Drinkware_HotshotBottle_18oz_Black_Studio_ThreeQuarterOpenDetail-150x150.avif 150w, https:\/\/www.flyshop.cl\/TIENDA\/wp-content\/uploads\/2025\/01\/W-Drinkware_HotshotBottle_18oz_Black_Studio_ThreeQuarterOpenDetail-768x768.avif 768w, https:\/\/www.flyshop.cl\/TIENDA\/wp-content\/uploads\/2025\/01\/W-Drinkware_HotshotBottle_18oz_Black_Studio_ThreeQuarterOpenDetail-600x600.avif 600w, https:\/\/www.flyshop.cl\/TIENDA\/wp-content\/uploads\/2025\/01\/W-Drinkware_HotshotBottle_18oz_Black_Studio_ThreeQuarterOpenDetail-100x100.avif 100w, https:\/\/www.flyshop.cl\/TIENDA\/wp-content\/uploads\/2025\/01\/W-Drinkware_HotshotBottle_18oz_Black_Studio_ThreeQuarterOpenDetail.avif 846w\" sizes=\"auto, (max-width: 300px) 100vw, 300px\" \/><\/p>\n<p>&nbsp;<\/p>\n<\/div>\n<\/div>\n<\/div>\n","protected":false},"excerpt":{"rendered":"<p>Nuestra cl\u00e1sica botella, junto con la tapa HotShot\u2122 de 360\u00b0, es herm\u00e9tica e ideal para llevar caf\u00e9 caliente al salir de casa. Compatible con portavasos Herm\u00e9tica Para tomar de cualquier \u00e1ngulo Apta para lavavajillas capacidad de 530 ml &nbsp;<\/p>\n","protected":false},"featured_media":20106,"comment_status":"closed","ping_status":"closed","template":"","meta":{"_joinchat":[]},"product_brand":[],"product_cat":[788],"product_tag":[],"class_list":{"0":"post-20105","1":"product","2":"type-product","3":"status-publish","4":"has-post-thumbnail","6":"product_cat-yeti","7":"entry","8":"has-media","10":"first","11":"outofstock","12":"shipping-taxable","13":"purchasable","14":"product-type-simple","15":"col","16":"wpex-woo-entry","17":"span_1_of_6 span_1_of_3_pp"},"supplier_id":null,"supplier_sku":"","barcode":null,"atum_controlled":true,"out_stock_date":"2025-06-25 16:16:46","out_stock_threshold":null,"inheritable":false,"inbound_stock":null,"stock_on_hold":0,"sold_today":0,"sales_last_days":1,"reserved_stock":null,"customer_returns":null,"warehouse_damage":null,"lost_in_post":null,"other_logs":null,"out_stock_days":10,"lost_sales":69999,"has_location":false,"update_date":"2025-07-05T16:50:17","atum_locations":[],"atum_stock_status":"outofstock","restock_status":false,"low_stock_amount":"","sales_update_date":"2025-07-05T16:50:17","calc_backorders":null,"_links":{"self":[{"href":"https:\/\/www.flyshop.cl\/TIENDA\/wp-json\/wp\/v2\/product\/20105","targetHints":{"allow":["GET"]}}],"collection":[{"href":"https:\/\/www.flyshop.cl\/TIENDA\/wp-json\/wp\/v2\/product"}],"about":[{"href":"https:\/\/www.flyshop.cl\/TIENDA\/wp-json\/wp\/v2\/types\/product"}],"replies":[{"embeddable":true,"href":"https:\/\/www.flyshop.cl\/TIENDA\/wp-json\/wp\/v2\/comments?post=20105"}],"wp:featuredmedia":[{"embeddable":true,"href":"https:\/\/www.flyshop.cl\/TIENDA\/wp-json\/wp\/v2\/media\/20106"}],"wp:attachment":[{"href":"https:\/\/www.flyshop.cl\/TIENDA\/wp-json\/wp\/v2\/media?parent=20105"}],"wp:term":[{"taxonomy":"product_brand","embeddable":true,"href":"https:\/\/www.flyshop.cl\/TIENDA\/wp-json\/wp\/v2\/product_brand?post=20105"},{"taxonomy":"product_cat","embeddable":true,"href":"https:\/\/www.flyshop.cl\/TIENDA\/wp-json\/wp\/v2\/product_cat?post=20105"},{"taxonomy":"product_tag","embeddable":true,"href":"https:\/\/www.flyshop.cl\/TIENDA\/wp-json\/wp\/v2\/product_tag?post=20105"}],"curies":[{"name":"wp","href":"https:\/\/api.w.org\/{rel}","templated":true}]}}