{"id":20090,"date":"2025-01-10T17:19:31","date_gmt":"2025-01-10T17:19:31","guid":{"rendered":"https:\/\/www.flyshop.cl\/TIENDA\/?post_type=product&#038;p=20090"},"modified":"2025-07-22T15:47:24","modified_gmt":"2025-07-22T15:47:24","slug":"vaso-termico-yeti-rambler-300-ml-lowball-cape-taupe","status":"publish","type":"product","link":"https:\/\/www.flyshop.cl\/TIENDA\/producto\/vaso-termico-yeti-rambler-300-ml-lowball-cape-taupe\/","title":{"rendered":"VASO TERMICO YETI RAMBLER 300 ML LOWBALL Cape Taupe"},"content":{"rendered":"<div class=\"row row__description\">\n<div class=\"col-12\">\n<div class=\"js-short-description short-description\">\n<p>Adem\u00e1s de apilable, es cl\u00e1sico y vers\u00e1til por si prefieres un whiskey en las rocas o caf\u00e9 en el campamento.<\/p>\n<ul>\n<li>Antisalpicaduras<\/li>\n<li>Apto para lavavajillas<\/li>\n<li>Apilable<\/li>\n<li>capacidad de 300 ml<\/li>\n<\/ul>\n<\/div>\n<p>El lowball RamblerR de 10 oz es el compa\u00f1ero ideal para los tragos de fin de semana. Su aislamiento al vac\u00edo de doble pared mantendr\u00e1 la temperatura de tus bebidas durante m\u00e1s tiempo. As\u00ed que disfruta de un whisky nocturno en La fogata.<\/p>\n<\/div>\n<\/div>\n<p><img loading=\"lazy\" decoding=\"async\" class=\"alignnone wp-image-19618\" src=\"https:\/\/www.flyshop.cl\/TIENDA\/wp-content\/uploads\/2024\/11\/Screenshot-2024-11-15-at-12-09-03-W-230024_All-Day_Drinkware_Phase_02_PDP-Info-Lowball.png-Imagen-AVIF-1920-\u00d7-1920-pixeles-Escalado-33--300x300.png\" alt=\"\" width=\"380\" height=\"380\" srcset=\"https:\/\/www.flyshop.cl\/TIENDA\/wp-content\/uploads\/2024\/11\/Screenshot-2024-11-15-at-12-09-03-W-230024_All-Day_Drinkware_Phase_02_PDP-Info-Lowball.png-Imagen-AVIF-1920-\u00d7-1920-pixeles-Escalado-33--300x300.png 300w, https:\/\/www.flyshop.cl\/TIENDA\/wp-content\/uploads\/2024\/11\/Screenshot-2024-11-15-at-12-09-03-W-230024_All-Day_Drinkware_Phase_02_PDP-Info-Lowball.png-Imagen-AVIF-1920-\u00d7-1920-pixeles-Escalado-33--150x150.png 150w, https:\/\/www.flyshop.cl\/TIENDA\/wp-content\/uploads\/2024\/11\/Screenshot-2024-11-15-at-12-09-03-W-230024_All-Day_Drinkware_Phase_02_PDP-Info-Lowball.png-Imagen-AVIF-1920-\u00d7-1920-pixeles-Escalado-33--600x600.png 600w, https:\/\/www.flyshop.cl\/TIENDA\/wp-content\/uploads\/2024\/11\/Screenshot-2024-11-15-at-12-09-03-W-230024_All-Day_Drinkware_Phase_02_PDP-Info-Lowball.png-Imagen-AVIF-1920-\u00d7-1920-pixeles-Escalado-33--100x100.png 100w, https:\/\/www.flyshop.cl\/TIENDA\/wp-content\/uploads\/2024\/11\/Screenshot-2024-11-15-at-12-09-03-W-230024_All-Day_Drinkware_Phase_02_PDP-Info-Lowball.png-Imagen-AVIF-1920-\u00d7-1920-pixeles-Escalado-33-.png 635w\" sizes=\"auto, (max-width: 380px) 100vw, 380px\" \/><\/p>\n","protected":false},"excerpt":{"rendered":"<p>Adem\u00e1s de apilable, es cl\u00e1sico y vers\u00e1til por si prefieres un whiskey en las rocas o caf\u00e9 en el campamento. Antisalpicaduras Apto para lavavajillas Apilable capacidad de 300 ml El lowball RamblerR de 10 oz es el compa\u00f1ero ideal para&hellip;<\/p>\n","protected":false},"featured_media":20092,"comment_status":"closed","ping_status":"closed","template":"","meta":{"_joinchat":[]},"product_brand":[],"product_cat":[788],"product_tag":[],"class_list":{"0":"post-20090","1":"product","2":"type-product","3":"status-publish","4":"has-post-thumbnail","6":"product_cat-yeti","7":"entry","8":"has-media","10":"first","11":"outofstock","12":"sale","13":"shipping-taxable","14":"purchasable","15":"product-type-simple","16":"col","17":"wpex-woo-entry","18":"span_1_of_6 span_1_of_3_pp"},"supplier_id":null,"supplier_sku":"","barcode":null,"atum_controlled":true,"out_stock_date":"2025-07-22 15:47:24","out_stock_threshold":null,"inheritable":false,"inbound_stock":null,"stock_on_hold":0,"sold_today":0,"sales_last_days":1,"reserved_stock":null,"customer_returns":null,"warehouse_damage":null,"lost_in_post":null,"other_logs":null,"out_stock_days":0,"lost_sales":0,"has_location":false,"update_date":"2025-07-22T15:47:25","atum_locations":[],"atum_stock_status":"outofstock","restock_status":false,"low_stock_amount":"","sales_update_date":"2025-07-01T14:11:57","calc_backorders":null,"_links":{"self":[{"href":"https:\/\/www.flyshop.cl\/TIENDA\/wp-json\/wp\/v2\/product\/20090","targetHints":{"allow":["GET"]}}],"collection":[{"href":"https:\/\/www.flyshop.cl\/TIENDA\/wp-json\/wp\/v2\/product"}],"about":[{"href":"https:\/\/www.flyshop.cl\/TIENDA\/wp-json\/wp\/v2\/types\/product"}],"replies":[{"embeddable":true,"href":"https:\/\/www.flyshop.cl\/TIENDA\/wp-json\/wp\/v2\/comments?post=20090"}],"wp:featuredmedia":[{"embeddable":true,"href":"https:\/\/www.flyshop.cl\/TIENDA\/wp-json\/wp\/v2\/media\/20092"}],"wp:attachment":[{"href":"https:\/\/www.flyshop.cl\/TIENDA\/wp-json\/wp\/v2\/media?parent=20090"}],"wp:term":[{"taxonomy":"product_brand","embeddable":true,"href":"https:\/\/www.flyshop.cl\/TIENDA\/wp-json\/wp\/v2\/product_brand?post=20090"},{"taxonomy":"product_cat","embeddable":true,"href":"https:\/\/www.flyshop.cl\/TIENDA\/wp-json\/wp\/v2\/product_cat?post=20090"},{"taxonomy":"product_tag","embeddable":true,"href":"https:\/\/www.flyshop.cl\/TIENDA\/wp-json\/wp\/v2\/product_tag?post=20090"}],"curies":[{"name":"wp","href":"https:\/\/api.w.org\/{rel}","templated":true}]}}