{"id":19881,"date":"2024-12-10T14:58:52","date_gmt":"2024-12-10T14:58:52","guid":{"rendered":"https:\/\/www.flyshop.cl\/TIENDA\/?post_type=product&#038;p=19881"},"modified":"2025-12-19T01:30:08","modified_gmt":"2025-12-19T01:30:08","slug":"yeti-rambler-6-oz-mug-2-pack-black","status":"publish","type":"product","link":"https:\/\/www.flyshop.cl\/TIENDA\/producto\/yeti-rambler-6-oz-mug-2-pack-black\/","title":{"rendered":"yeti rambler 6 oz mug 2 pack black"},"content":{"rendered":"<div class=\"row row__description\">\n<div class=\"col-12\">\n<div class=\"js-short-description short-description \">\n<p style=\"text-align: left;\">Tazas ultrarresistentes con el tama\u00f1o ideal para tragos fuertes. Vienen dos\u00a0unidades.<\/p>\n<ul>\n<li>Compatible con la mayor\u00eda de las m\u00e1quinas de caf\u00e9 expreso<\/li>\n<li>Apilable para guardar f\u00e1cilmente<\/li>\n<li>Revestimiento de cer\u00e1mica DuraSip\u2122<\/li>\n<li>Aptas para lavavajillas<\/li>\n<\/ul>\n<p><img loading=\"lazy\" decoding=\"async\" class=\"alignnone size-medium wp-image-19879\" src=\"https:\/\/www.flyshop.cl\/TIENDA\/wp-content\/uploads\/2024\/12\/W-220120-Site-PDP-6oz-Infographic-2-2400x2400-1-300x300.avif\" alt=\"\" width=\"300\" height=\"300\" srcset=\"https:\/\/www.flyshop.cl\/TIENDA\/wp-content\/uploads\/2024\/12\/W-220120-Site-PDP-6oz-Infographic-2-2400x2400-1-300x300.avif 300w, https:\/\/www.flyshop.cl\/TIENDA\/wp-content\/uploads\/2024\/12\/W-220120-Site-PDP-6oz-Infographic-2-2400x2400-1-150x150.avif 150w, https:\/\/www.flyshop.cl\/TIENDA\/wp-content\/uploads\/2024\/12\/W-220120-Site-PDP-6oz-Infographic-2-2400x2400-1-768x768.avif 768w, https:\/\/www.flyshop.cl\/TIENDA\/wp-content\/uploads\/2024\/12\/W-220120-Site-PDP-6oz-Infographic-2-2400x2400-1-600x600.avif 600w, https:\/\/www.flyshop.cl\/TIENDA\/wp-content\/uploads\/2024\/12\/W-220120-Site-PDP-6oz-Infographic-2-2400x2400-1-100x100.avif 100w, https:\/\/www.flyshop.cl\/TIENDA\/wp-content\/uploads\/2024\/12\/W-220120-Site-PDP-6oz-Infographic-2-2400x2400-1.avif 846w\" sizes=\"auto, (max-width: 300px) 100vw, 300px\" \/><img loading=\"lazy\" decoding=\"async\" class=\"alignnone size-medium wp-image-19878\" src=\"https:\/\/www.flyshop.cl\/TIENDA\/wp-content\/uploads\/2024\/12\/W-220120-Site-PDP-6oz-Infographic-1-2400x2400-1-300x300.avif\" alt=\"\" width=\"300\" height=\"300\" srcset=\"https:\/\/www.flyshop.cl\/TIENDA\/wp-content\/uploads\/2024\/12\/W-220120-Site-PDP-6oz-Infographic-1-2400x2400-1-300x300.avif 300w, https:\/\/www.flyshop.cl\/TIENDA\/wp-content\/uploads\/2024\/12\/W-220120-Site-PDP-6oz-Infographic-1-2400x2400-1-150x150.avif 150w, https:\/\/www.flyshop.cl\/TIENDA\/wp-content\/uploads\/2024\/12\/W-220120-Site-PDP-6oz-Infographic-1-2400x2400-1-768x768.avif 768w, https:\/\/www.flyshop.cl\/TIENDA\/wp-content\/uploads\/2024\/12\/W-220120-Site-PDP-6oz-Infographic-1-2400x2400-1-600x600.avif 600w, https:\/\/www.flyshop.cl\/TIENDA\/wp-content\/uploads\/2024\/12\/W-220120-Site-PDP-6oz-Infographic-1-2400x2400-1-100x100.avif 100w, https:\/\/www.flyshop.cl\/TIENDA\/wp-content\/uploads\/2024\/12\/W-220120-Site-PDP-6oz-Infographic-1-2400x2400-1.avif 846w\" sizes=\"auto, (max-width: 300px) 100vw, 300px\" \/><img loading=\"lazy\" decoding=\"async\" class=\"alignnone size-medium wp-image-19877\" src=\"https:\/\/www.flyshop.cl\/TIENDA\/wp-content\/uploads\/2024\/12\/W-220120_PDP_R6_Product_Overview_P2_2400x2400-300x300.avif\" alt=\"\" width=\"300\" height=\"300\" srcset=\"https:\/\/www.flyshop.cl\/TIENDA\/wp-content\/uploads\/2024\/12\/W-220120_PDP_R6_Product_Overview_P2_2400x2400-300x300.avif 300w, https:\/\/www.flyshop.cl\/TIENDA\/wp-content\/uploads\/2024\/12\/W-220120_PDP_R6_Product_Overview_P2_2400x2400-150x150.avif 150w, https:\/\/www.flyshop.cl\/TIENDA\/wp-content\/uploads\/2024\/12\/W-220120_PDP_R6_Product_Overview_P2_2400x2400-768x768.avif 768w, https:\/\/www.flyshop.cl\/TIENDA\/wp-content\/uploads\/2024\/12\/W-220120_PDP_R6_Product_Overview_P2_2400x2400-600x600.avif 600w, https:\/\/www.flyshop.cl\/TIENDA\/wp-content\/uploads\/2024\/12\/W-220120_PDP_R6_Product_Overview_P2_2400x2400-100x100.avif 100w, https:\/\/www.flyshop.cl\/TIENDA\/wp-content\/uploads\/2024\/12\/W-220120_PDP_R6_Product_Overview_P2_2400x2400.avif 846w\" sizes=\"auto, (max-width: 300px) 100vw, 300px\" \/><\/p>\n<\/div>\n<\/div>\n<\/div>\n","protected":false},"excerpt":{"rendered":"<p>Tazas ultrarresistentes con el tama\u00f1o ideal para tragos fuertes. Vienen dos\u00a0unidades. Compatible con la mayor\u00eda de las m\u00e1quinas de caf\u00e9 expreso Apilable para guardar f\u00e1cilmente Revestimiento de cer\u00e1mica DuraSip\u2122 Aptas para lavavajillas<\/p>\n","protected":false},"featured_media":19875,"comment_status":"closed","ping_status":"closed","template":"","meta":{"_joinchat":[]},"product_brand":[],"product_cat":[788],"product_tag":[],"class_list":{"0":"post-19881","1":"product","2":"type-product","3":"status-publish","4":"has-post-thumbnail","6":"product_cat-yeti","7":"entry","8":"has-media","10":"first","11":"instock","12":"shipping-taxable","13":"purchasable","14":"product-type-simple","15":"col","16":"wpex-woo-entry","17":"span_1_of_6 span_1_of_3_pp"},"supplier_id":null,"supplier_sku":"","barcode":null,"atum_controlled":true,"out_stock_date":null,"out_stock_threshold":null,"inheritable":false,"inbound_stock":null,"stock_on_hold":0,"sold_today":0,"sales_last_days":1,"reserved_stock":null,"customer_returns":null,"warehouse_damage":null,"lost_in_post":null,"other_logs":null,"out_stock_days":0,"lost_sales":0,"has_location":false,"update_date":"2025-12-29T17:46:44","atum_locations":[],"atum_stock_status":"instock","restock_status":false,"low_stock_amount":"","sales_update_date":"2025-12-29T17:46:44","calc_backorders":null,"_links":{"self":[{"href":"https:\/\/www.flyshop.cl\/TIENDA\/wp-json\/wp\/v2\/product\/19881","targetHints":{"allow":["GET"]}}],"collection":[{"href":"https:\/\/www.flyshop.cl\/TIENDA\/wp-json\/wp\/v2\/product"}],"about":[{"href":"https:\/\/www.flyshop.cl\/TIENDA\/wp-json\/wp\/v2\/types\/product"}],"replies":[{"embeddable":true,"href":"https:\/\/www.flyshop.cl\/TIENDA\/wp-json\/wp\/v2\/comments?post=19881"}],"wp:featuredmedia":[{"embeddable":true,"href":"https:\/\/www.flyshop.cl\/TIENDA\/wp-json\/wp\/v2\/media\/19875"}],"wp:attachment":[{"href":"https:\/\/www.flyshop.cl\/TIENDA\/wp-json\/wp\/v2\/media?parent=19881"}],"wp:term":[{"taxonomy":"product_brand","embeddable":true,"href":"https:\/\/www.flyshop.cl\/TIENDA\/wp-json\/wp\/v2\/product_brand?post=19881"},{"taxonomy":"product_cat","embeddable":true,"href":"https:\/\/www.flyshop.cl\/TIENDA\/wp-json\/wp\/v2\/product_cat?post=19881"},{"taxonomy":"product_tag","embeddable":true,"href":"https:\/\/www.flyshop.cl\/TIENDA\/wp-json\/wp\/v2\/product_tag?post=19881"}],"curies":[{"name":"wp","href":"https:\/\/api.w.org\/{rel}","templated":true}]}}